{"id":5409,"date":"2015-11-03T18:55:48","date_gmt":"2015-11-03T17:55:48","guid":{"rendered":"https:\/\/www.creaearredanegozi.it\/?post_type=product&#038;p=5409"},"modified":"2025-02-05T17:24:35","modified_gmt":"2025-02-05T16:24:35","slug":"kuhltheke-aus-edelstahl-15-mt","status":"publish","type":"product","link":"https:\/\/www.creaearredanegozi.it\/de\/kuhltheke-aus-edelstahl-15-mt\/","title":{"rendered":"Gek\u00fchlte Edelstahl-Bar Theke Struktur 1,5 Mt"},"content":{"rendered":"<p><strong>Gek\u00fchlte Theke<\/strong><\/p>\n<p>Alle Bartheken sind mit den folgenden technischen Merkmalen ausgestattet:<\/p>\n<ul>\n<li>Tragstruktur aus Stahlrohr, lackiert mit einbrennbarem Epoxidpulver, mit Versteifungselementen und verstellbaren F\u00fc\u00dfen.<\/li>\n<li>Sp\u00fclenplatte aus Edelstahl AISI 304 18\/10 mit Scotchbrite-Finish.<\/li>\n<li>Einteilige isolierte Zelle mit \u00f6kologischem Polyurethan, Dichte 40 kg\/m3, mit W\u00e4nden und Boden aus poliertem Edelstahl AISI 304 18\/10 mit abgerundeten Ecken.<\/li>\n<li>Zwischengitter aus rostfreiem Stahl f\u00fcr jedes Fach.<\/li>\n<li><em>Optionales Bodengitter.<\/em><\/li>\n<li>\u00c4u\u00dfere Seitenw\u00e4nde aus kunststoffbeschichtetem Blech.<\/li>\n<li>Statische oder ventilierte K\u00fchlung, hermetische Kompressoreinheit, automatische Abtauung, Bedienfeld<br \/>\nelektronisch in die hintere Struktur auf der Bedienerseite eingesetzt.<\/li>\n<li>Betriebstemperatur der Zelle +3 +8 \u00b0C.<\/li>\n<\/ul>\n<p>Bar-Theken sind sehr unterschiedlich und werden in der Entwurfsphase und in jedem Fall je nach Kundenwunsch festgelegt. Nehmen Sie Kontakt mit uns auf und \u00fcbermitteln Sie uns Grundrisse oder eine Skizze mit Ma\u00dfen, damit wir Ihnen ein Angebot auf der Grundlage Ihrer tats\u00e4chlichen Bed\u00fcrfnisse erstellen k\u00f6nnen.<\/p>\n<hr \/>\n<blockquote><p><strong>Angebot:<\/strong><\/p><\/blockquote>\n<table class=\"table table-striped\">\n<tbody>\n<tr>\n<td width=\"50%\">\n<ul>\n<li>Gek\u00fchlte Theke Mt. 1.5<\/li>\n<\/ul>\n<\/td>\n<td rowspan=\"4\" width=\"50%\"><a href=\"https:\/\/www.creaearredanegozi.it\/wp-content\/uploads\/2017\/04\/IBBR00B2502442_misure_55.jpg\"><img decoding=\"async\" class=\"size-medium wp-image-128629 aligncenter\" src=\"https:\/\/www.creaearredanegozi.it\/wp-content\/uploads\/2017\/04\/IBBR00B2502442_misure_55-285x400.jpg\" alt=\"\" width=\"285\" height=\"400\" title=\"\" srcset=\"https:\/\/www.creaearredanegozi.it\/wp-content\/uploads\/2017\/04\/IBBR00B2502442_misure_55-285x400.jpg 285w, https:\/\/www.creaearredanegozi.it\/wp-content\/uploads\/2017\/04\/IBBR00B2502442_misure_55-64x90.jpg 64w, https:\/\/www.creaearredanegozi.it\/wp-content\/uploads\/2017\/04\/IBBR00B2502442_misure_55-9x12.jpg 9w, https:\/\/www.creaearredanegozi.it\/wp-content\/uploads\/2017\/04\/IBBR00B2502442_misure_55.jpg 491w\" sizes=\"(max-width: 285px) 100vw, 285px\" \/><\/a><\/td>\n<\/tr>\n<tr>\n<td>\n<ul>\n<li>2 Zellf\u00e4cher<\/li>\n<li>1 K\u00fchlaggregat<\/li>\n<\/ul>\n<\/td>\n<\/tr>\n<tr>\n<td>\n<ul>\n<li>Statische K\u00fchlung<\/li>\n<\/ul>\n<\/td>\n<\/tr>\n<tr>\n<td>\n<ul>\n<li>Abmessungen (B x T x H) 1500 x 580 x 920\/1130 mm<\/li>\n<\/ul>\n<\/td>\n<\/tr>\n<\/tbody>\n<\/table>\n<p>&nbsp;<\/p>","protected":false},"excerpt":{"rendered":"<p>Banco Bar refrigerato Tutti i banchi bar sono dotati delle seguenti caratteristiche tecniche: Struttura portante in tubolare d\u2019acciaio verniciato con polveri epossidiche a forno, con elementi di irrigidimento e piedini regolabili. Piano lavello in acciaio inox AISI 304 18\/10 finitura Scotchbrite. Cella isolata monoblocco con poliuretano ecologico densit\u00e0 40 kg\/m3, con pareti e fondo in [&#8230;]","protected":false},"featured_media":128640,"comment_status":"closed","ping_status":"closed","template":"","meta":{"_monsterinsights_skip_tracking":false,"_monsterinsights_sitenote_active":false,"_monsterinsights_sitenote_note":"","_monsterinsights_sitenote_category":0},"product_brand":[],"product_cat":[248,24,70],"product_tag":[],"class_list":{"0":"post-5409","1":"product","2":"type-product","3":"status-publish","4":"has-post-thumbnail","6":"product_cat-banchi-bar","7":"product_cat-retro-banchi-alimentari","8":"product_cat-tavoli-refrigerati","9":"product_shipping_class-h","10":"pa_marca-rc-system","12":"first","13":"instock","14":"taxable","15":"shipping-taxable","16":"purchasable","17":"product-type-simple"},"_links":{"self":[{"href":"https:\/\/www.creaearredanegozi.it\/de\/wp-json\/wp\/v2\/product\/5409","targetHints":{"allow":["GET"]}}],"collection":[{"href":"https:\/\/www.creaearredanegozi.it\/de\/wp-json\/wp\/v2\/product"}],"about":[{"href":"https:\/\/www.creaearredanegozi.it\/de\/wp-json\/wp\/v2\/types\/product"}],"replies":[{"embeddable":true,"href":"https:\/\/www.creaearredanegozi.it\/de\/wp-json\/wp\/v2\/comments?post=5409"}],"wp:featuredmedia":[{"embeddable":true,"href":"https:\/\/www.creaearredanegozi.it\/de\/wp-json\/wp\/v2\/media\/128640"}],"wp:attachment":[{"href":"https:\/\/www.creaearredanegozi.it\/de\/wp-json\/wp\/v2\/media?parent=5409"}],"wp:term":[{"taxonomy":"product_brand","embeddable":true,"href":"https:\/\/www.creaearredanegozi.it\/de\/wp-json\/wp\/v2\/product_brand?post=5409"},{"taxonomy":"product_cat","embeddable":true,"href":"https:\/\/www.creaearredanegozi.it\/de\/wp-json\/wp\/v2\/product_cat?post=5409"},{"taxonomy":"product_tag","embeddable":true,"href":"https:\/\/www.creaearredanegozi.it\/de\/wp-json\/wp\/v2\/product_tag?post=5409"}],"curies":[{"name":"wp","href":"https:\/\/api.w.org\/{rel}","templated":true}]}}