{"id":5698,"date":"2015-11-23T17:42:39","date_gmt":"2015-11-23T16:42:39","guid":{"rendered":"https:\/\/www.creaearredanegozi.it\/shop\/impastatrici\/impastatrice-a-spirale-25-kg-per-pizzerie-e-ristorazione\/"},"modified":"2024-07-09T10:08:46","modified_gmt":"2024-07-09T08:08:46","slug":"25-kg-spiral-knetmaschine-fur-pizzerien-und-catering","status":"publish","type":"product","link":"https:\/\/www.creaearredanegozi.it\/de\/25-kg-spiral-knetmaschine-fur-pizzerien-und-catering\/","title":{"rendered":"25 kg Drehstrom-Spiralkneter f\u00fcr Pizzerien und Restaurants"},"content":{"rendered":"<p><strong>Die Spiral-Knetmaschine<\/strong> ist die ideale Maschine f\u00fcr die Teigverarbeitung in Pizzerien, Konditoreien, B\u00e4ckereien und Haushalten. Die besondere Form der Spirale erm\u00f6glicht es, in nur wenigen Minuten einen perfekt gemischten Teig zu erhalten. Die Sch\u00fcssel, die Spirale, der Teigteiler und das Schutzgitter sind aus rostfreiem Stahl gefertigt und entsprechen den Gesundheitsvorschriften. Der Spiralkneter ist mit einem Kettenantrieb und einem Getriebemotor im \u00d6lbad ausgestattet, was eine lange Lebensdauer und einen ger\u00e4uscharmen Betrieb garantiert. Die Knetmaschinen k\u00f6nnen mit folgenden Motoren ausgestattet werden: einphasiger Motor, dreiphasiger Motor, 2-stufiger dreiphasiger Motor und Motor mit Sonderspannungen. Alle Maschinen haben eine Garantie von 1 Jahr gegen mechanische Konstruktionsfehler.<\/p>\n<hr \/>\n<p><strong>Technische Daten<\/strong><\/p>\n<table class=\"table table-striped\" width=\"326\">\n<tbody>\n<tr>\n<td width=\"146\">Modell<\/td>\n<td style=\"text-align: center;\" colspan=\"2\" width=\"180\">SK 30 TR<\/td>\n<\/tr>\n<tr>\n<td width=\"146\">Tankvolumen<\/td>\n<td width=\"44\">[Es]<\/td>\n<td width=\"136\">32<\/td>\n<\/tr>\n<tr>\n<td width=\"146\">Kapazit\u00e4t<\/td>\n<td width=\"44\">[Kg]<\/td>\n<td width=\"136\">25<\/td>\n<\/tr>\n<tr>\n<td width=\"146\">Strom<\/td>\n<td width=\"44\"><\/td>\n<td width=\"136\">1,5 PS \/ 1,1 Kw<\/td>\n<\/tr>\n<tr>\n<td width=\"146\">Stromversorgung<\/td>\n<td width=\"44\"><\/td>\n<td width=\"136\">Dreiphasig 400V<\/td>\n<\/tr>\n<tr>\n<td width=\"146\">Gewicht<\/td>\n<td width=\"44\">[Kg]<\/td>\n<td width=\"136\">94<\/td>\n<\/tr>\n<tr>\n<td width=\"146\">Abmessungen der Wanne<\/td>\n<td width=\"44\">[mm]<\/td>\n<td width=\"136\">400 x 260h<\/td>\n<\/tr>\n<tr>\n<td width=\"146\">\u00c4u\u00dfere Abmessungen<\/td>\n<td width=\"44\">[mm]<\/td>\n<td width=\"136\">440 x 680 x 750h<\/td>\n<\/tr>\n<tr>\n<td width=\"146\">Verpackung Abmessungen<\/td>\n<td width=\"44\">[mm]<\/td>\n<td width=\"136\">510 x 790 x 930h<\/td>\n<\/tr>\n<tr>\n<td width=\"146\">Code<\/td>\n<td width=\"44\"><\/td>\n<td width=\"136\">7010131030<\/td>\n<\/tr>\n<\/tbody>\n<\/table>","protected":false},"excerpt":{"rendered":"<p>L\u2019impastatrice a spirale \u00e8 la macchina ideale per lavorare impasti per pizzerie, pasticcerie, panetterie e famiglie. La particolare forma della spirale consente in pochi minuti di ottenere impasti perfettamente amalgamati. La vasca, la spirale, lo spacca pasta e la griglia di protezione sono in acciaio inox rispettando le norme sanitarie. L\u2019impastatrice a spirale ha un [&#8230;]","protected":false},"featured_media":5699,"comment_status":"closed","ping_status":"closed","template":"","meta":{"_monsterinsights_skip_tracking":false,"_monsterinsights_sitenote_active":false,"_monsterinsights_sitenote_note":"","_monsterinsights_sitenote_category":0},"product_brand":[],"product_cat":[295,297,17,169,188],"product_tag":[],"class_list":{"0":"post-5698","1":"product","2":"type-product","3":"status-publish","4":"has-post-thumbnail","6":"product_cat-a-spirale","7":"product_cat-a-spirale-impastatrici","8":"product_cat-impastatrici","9":"product_cat-impastatrici-ristorazione","10":"product_cat-impastatrici-attrezzature-per-pizzeria","11":"product_shipping_class-698","12":"pa_marca-resto-italia","14":"first","15":"instock","16":"taxable","17":"shipping-taxable","18":"purchasable","19":"product-type-simple"},"_links":{"self":[{"href":"https:\/\/www.creaearredanegozi.it\/de\/wp-json\/wp\/v2\/product\/5698","targetHints":{"allow":["GET"]}}],"collection":[{"href":"https:\/\/www.creaearredanegozi.it\/de\/wp-json\/wp\/v2\/product"}],"about":[{"href":"https:\/\/www.creaearredanegozi.it\/de\/wp-json\/wp\/v2\/types\/product"}],"replies":[{"embeddable":true,"href":"https:\/\/www.creaearredanegozi.it\/de\/wp-json\/wp\/v2\/comments?post=5698"}],"wp:featuredmedia":[{"embeddable":true,"href":"https:\/\/www.creaearredanegozi.it\/de\/wp-json\/wp\/v2\/media\/5699"}],"wp:attachment":[{"href":"https:\/\/www.creaearredanegozi.it\/de\/wp-json\/wp\/v2\/media?parent=5698"}],"wp:term":[{"taxonomy":"product_brand","embeddable":true,"href":"https:\/\/www.creaearredanegozi.it\/de\/wp-json\/wp\/v2\/product_brand?post=5698"},{"taxonomy":"product_cat","embeddable":true,"href":"https:\/\/www.creaearredanegozi.it\/de\/wp-json\/wp\/v2\/product_cat?post=5698"},{"taxonomy":"product_tag","embeddable":true,"href":"https:\/\/www.creaearredanegozi.it\/de\/wp-json\/wp\/v2\/product_tag?post=5698"}],"curies":[{"name":"wp","href":"https:\/\/api.w.org\/{rel}","templated":true}]}}