{"id":5850,"date":"2015-12-07T19:10:17","date_gmt":"2015-12-07T18:10:17","guid":{"rendered":"https:\/\/www.creaearredanegozi.it\/?post_type=product&#038;p=5850"},"modified":"2023-07-03T19:50:02","modified_gmt":"2023-07-03T17:50:02","slug":"elektrisches-gyros-edelstahl-spiesmesser-90-mm-klinge-150-watt","status":"publish","type":"product","link":"https:\/\/www.creaearredanegozi.it\/de\/elektrisches-gyros-edelstahl-spiesmesser-90-mm-klinge-150-watt\/","title":{"rendered":"ELEKTRISCHES MESSER F\u00dcR GYROS INOX KEBAB BLADE 90 mm 70 Watt CB"},"content":{"rendered":"<h1>ELEKTRISCHES MESSER F\u00dcR GYROS \/ Spie\u00dfe<\/h1>\n<p>90 mm EDELSTAHLKLINGE Glatt<\/p>\n<p>70-Watt-Motor im leichtesten Handgriff<\/p>\n<p><strong>Inklusive Transformator<\/strong><\/p>\n<p>Das elektrische Kreiselmesser besteht aus einem Kunststoffgeh\u00e4use, Klingen und lebensmittelber\u00fchrende Teile sind aus rostfreiem Stahl. Abgewinkelter Kopf mit W\u00e4rmeschutz, geeignet f\u00fcr eine nat\u00fcrliche Arbeitsposition. Mechanische Teile leicht zu reparieren. Alle verwendeten Komponenten sind aus lebensmittelechten Materialien hergestellt.<\/p>\n<p>Merkmale und Vorteile<br \/>\n- Schnittst\u00e4rkeneinstellung des Messers (max. 8 mm)<br \/>\n- Ergonomischer Griff mit Klingeneinschalttaste<br \/>\n- Geliefert mit Schmirgelstein zum Sch\u00e4rfen der Klinge<br \/>\n- Mit Thermoschutzschalter (Transformator)<\/p>\n<hr \/>\n<p><strong>Technische Merkmale: <\/strong><\/p>\n<ul>\n<li>Stromversorgung 29V DC<\/li>\n<li>Gewicht: 4 kg<\/li>\n<li>Prim\u00e4rstromversorgung 230 V \/ 50 Hz<\/li>\n<li>Durchmesser der Klinge 90 mm<\/li>\n<\/ul>\n<p>&nbsp;<\/p>","protected":false},"excerpt":{"rendered":"<p>COLTELLO ELETTRICO PER GYROS \/ Kebab LAMA INOX DA 90 mm Liscia MOTORE 70 Watt ALL&#8217;INTERNO DEL MANICO LEGGERISSIMO Trasformatore incluso Il coltello elettrico per gyros e costruito con scocca in plastica, Lame e parti a contatto con gli alimenti eseguiti in acciaio inox. Testata angolare con protezione atermica, adatta ad una naturale posizione di [&#8230;]","protected":false},"featured_media":124023,"comment_status":"closed","ping_status":"closed","template":"","meta":{"_monsterinsights_skip_tracking":false,"_monsterinsights_sitenote_active":false,"_monsterinsights_sitenote_note":"","_monsterinsights_sitenote_category":0},"product_brand":[741],"product_cat":[184],"product_tag":[],"class_list":{"0":"post-5850","1":"product","2":"type-product","3":"status-publish","4":"has-post-thumbnail","6":"product_brand-cb-italy","7":"product_cat-gyros","8":"product_shipping_class-f","10":"first","11":"instock","12":"taxable","13":"shipping-taxable","14":"purchasable","15":"product-type-simple"},"_links":{"self":[{"href":"https:\/\/www.creaearredanegozi.it\/de\/wp-json\/wp\/v2\/product\/5850","targetHints":{"allow":["GET"]}}],"collection":[{"href":"https:\/\/www.creaearredanegozi.it\/de\/wp-json\/wp\/v2\/product"}],"about":[{"href":"https:\/\/www.creaearredanegozi.it\/de\/wp-json\/wp\/v2\/types\/product"}],"replies":[{"embeddable":true,"href":"https:\/\/www.creaearredanegozi.it\/de\/wp-json\/wp\/v2\/comments?post=5850"}],"wp:featuredmedia":[{"embeddable":true,"href":"https:\/\/www.creaearredanegozi.it\/de\/wp-json\/wp\/v2\/media\/124023"}],"wp:attachment":[{"href":"https:\/\/www.creaearredanegozi.it\/de\/wp-json\/wp\/v2\/media?parent=5850"}],"wp:term":[{"taxonomy":"product_brand","embeddable":true,"href":"https:\/\/www.creaearredanegozi.it\/de\/wp-json\/wp\/v2\/product_brand?post=5850"},{"taxonomy":"product_cat","embeddable":true,"href":"https:\/\/www.creaearredanegozi.it\/de\/wp-json\/wp\/v2\/product_cat?post=5850"},{"taxonomy":"product_tag","embeddable":true,"href":"https:\/\/www.creaearredanegozi.it\/de\/wp-json\/wp\/v2\/product_tag?post=5850"}],"curies":[{"name":"wp","href":"https:\/\/api.w.org\/{rel}","templated":true}]}}