{"id":5912,"date":"2015-12-16T12:45:15","date_gmt":"2015-12-16T11:45:15","guid":{"rendered":"https:\/\/www.creaearredanegozi.it\/?post_type=product&#038;p=5912"},"modified":"2026-01-26T16:06:51","modified_gmt":"2026-01-26T15:06:51","slug":"professioneller-manueller-entsafter","status":"publish","type":"product","link":"https:\/\/www.creaearredanegozi.it\/de\/professioneller-manueller-entsafter\/","title":{"rendered":"Professioneller manueller Granatapfelentsafter, ideal f\u00fcr Bars und Restaurants"},"content":{"rendered":"<h2 style=\"text-align: center;\">Professioneller manueller Entsafter<\/h2>\n<p>Ideal zum Entsaften von Granat\u00e4pfeln und allen Arten von Zitrusfr\u00fcchten.<\/p>\n<p>Professionelle Saftpresse f\u00fcr die m\u00fchelose Zubereitung von ausgezeichneten Granatapfel- oder Orangens\u00e4ften! Ausgestattet mit rutschfesten Gummif\u00fc\u00dfen ist diese Saftpresse ideal f\u00fcr die Zubereitung von Zitronen-, Orangen-, Grapefruit-, Granatapfels\u00e4ften usw. geeignet. Einfach die H\u00e4lfte der Frucht auf den Trog legen und den Hebel senken. Der Saft f\u00e4llt direkt in das Glas und kann sofort genossen werden. Ideal f\u00fcr die Zubereitung eines Fr\u00fchst\u00fccks im Handumdrehen.<\/p>\n<ul>\n<li><strong>Entsafter<\/strong> f\u00fcr frische S\u00e4fte von <strong>Granatapfel,<\/strong> Orange, Zitrone und Grapefruit<\/li>\n<li>F\u00fcr den professionellen oder privaten Gebrauch!<\/li>\n<li>\u00c4u\u00dferst effektiv: bis zu 20 % mehr Saft als ein hebelloser Handentsafter oder ein elektrischer Entsafter.<\/li>\n<li>Funktioniert ohne Strom: Zitrusfr\u00fcchte m\u00fchelos auspressen dank der Hebelwirkung<\/li>\n<li>Kein Motor, kein L\u00e4rm: \u00dcberraschen Sie Ihre Kunden mit einem gesunden Fr\u00fchst\u00fcck<\/li>\n<li>Kein Tropfen, kein Verrutschen: einfach eine Sch\u00fcssel auf die rutschfeste Vorderseite stellen<\/li>\n<li>Edelstahlteile, die mit Lebensmitteln in Ber\u00fchrung kommen: alle abnehmbaren Teile sind sp\u00fclmaschinenfest<\/li>\n<li>Nimmt nicht zu viel Platz weg: belegte Fl\u00e4che 175 x 280 mm, H\u00f6he: 390 mm<\/li>\n<\/ul>\n<p>Gewicht: 6 kg.<br \/>\nSchwarz lackierter Rahmen<\/p>\n<ul>\n<li>Dimensioni: 175x280x390 mm<\/li>\n<li>Dimensioni imballo: 195x285x445 mm<\/li>\n<li>Ideale per Melograno<\/li>\n<\/ul>\n<hr \/>\n<p style=\"text-align: center;\"><iframe loading=\"lazy\" src=\"https:\/\/www.youtube.com\/embed\/q7HycL9TpC0\" width=\"500\" height=\"315\" frameborder=\"0\" allowfullscreen=\"allowfullscreen\"><span data-mce-type=\"bookmark\" style=\"display: inline-block; width: 0px; overflow: hidden; line-height: 0;\" class=\"mce_SELRES_start\"><\/span><\/iframe><\/p>","protected":false},"excerpt":{"rendered":"<p>Spremiagrumi manuale professionale Ideale per spremere melograni e tutti i tipi di agrumi. spremiagrumi professionale per preparare ottimi succhi di melograno o d&#8217;arancia senza fatica! Dotato di piedini di gomma antiscivolo questo spremiagrumi \u00e8 l&#8217;ideale per preparare succhi di limone, arancia, pompelmo, melograni ecc.. Facilissimo da utilizzare, basta inserire la met\u00e0 del frutto sul trogolo [&#8230;]","protected":false},"featured_media":5913,"comment_status":"closed","ping_status":"closed","template":"","meta":{"_monsterinsights_skip_tracking":false,"_monsterinsights_sitenote_active":false,"_monsterinsights_sitenote_note":"","_monsterinsights_sitenote_category":0},"product_brand":[641],"product_cat":[10,68],"product_tag":[],"class_list":{"0":"post-5912","1":"product","2":"type-product","3":"status-publish","4":"has-post-thumbnail","6":"product_brand-beckers","7":"product_cat-attrezzature-bar","8":"product_cat-spremiagrumi","9":"product_shipping_class-215","10":"pa_marca-beckers","12":"first","13":"instock","14":"taxable","15":"shipping-taxable","16":"purchasable","17":"product-type-simple"},"_links":{"self":[{"href":"https:\/\/www.creaearredanegozi.it\/de\/wp-json\/wp\/v2\/product\/5912","targetHints":{"allow":["GET"]}}],"collection":[{"href":"https:\/\/www.creaearredanegozi.it\/de\/wp-json\/wp\/v2\/product"}],"about":[{"href":"https:\/\/www.creaearredanegozi.it\/de\/wp-json\/wp\/v2\/types\/product"}],"replies":[{"embeddable":true,"href":"https:\/\/www.creaearredanegozi.it\/de\/wp-json\/wp\/v2\/comments?post=5912"}],"wp:featuredmedia":[{"embeddable":true,"href":"https:\/\/www.creaearredanegozi.it\/de\/wp-json\/wp\/v2\/media\/5913"}],"wp:attachment":[{"href":"https:\/\/www.creaearredanegozi.it\/de\/wp-json\/wp\/v2\/media?parent=5912"}],"wp:term":[{"taxonomy":"product_brand","embeddable":true,"href":"https:\/\/www.creaearredanegozi.it\/de\/wp-json\/wp\/v2\/product_brand?post=5912"},{"taxonomy":"product_cat","embeddable":true,"href":"https:\/\/www.creaearredanegozi.it\/de\/wp-json\/wp\/v2\/product_cat?post=5912"},{"taxonomy":"product_tag","embeddable":true,"href":"https:\/\/www.creaearredanegozi.it\/de\/wp-json\/wp\/v2\/product_tag?post=5912"}],"curies":[{"name":"wp","href":"https:\/\/api.w.org\/{rel}","templated":true}]}}