{"id":5917,"date":"2015-12-16T13:15:24","date_gmt":"2015-12-16T12:15:24","guid":{"rendered":"https:\/\/www.creaearredanegozi.it\/shop\/attrezzature-bar\/mixer-immersione-professionale-ideale-bar-ristoranti-pasticcerie\/"},"modified":"2025-06-30T20:14:22","modified_gmt":"2025-06-30T18:14:22","slug":"professioneller-stabmixer-ideal-fur-bars-restaurants-konditoreien-kneipen-mx25-fimar","status":"publish","type":"product","link":"https:\/\/www.creaearredanegozi.it\/de\/professioneller-stabmixer-ideal-fur-bars-restaurants-konditoreien-kneipen-mx25-fimar\/","title":{"rendered":"Professioneller Stabmixer Ideal f\u00fcr Bars Restaurants Konditoreien Kneipen MX25 Fimar"},"content":{"rendered":"<h3 style=\"text-align: center;\"><strong>Fimar MX25 Tauchmotormixer<\/strong><\/h3>\n<p>Maschine zur Herstellung verschiedener Produkte je nach verwendetem Werkzeug. Vollst\u00e4ndig aus Edelstahl AISI 304 gefertigter Mixer f\u00fcr die Herstellung von Minestrone, Gem\u00fcsep\u00fcree, So\u00dfen, R\u00fchrteig, Mayonnaise, Tomatenp\u00fcree, Pesto usw. Das Modell MX25 ist nur mit dem 30 cm langen Mixer f\u00fcr eine maximale Eintauchh\u00f6he von bis zu 15 cm ausgestattet.<\/p>\n<hr \/>\n<p><strong>Technische Daten<\/strong><\/p>\n<ul>\n<li>Modell: MX25<\/li>\n<li>Leistung: 0,25 kW (0,3 PS)<\/li>\n<li>Stromversorgung: 230V 50hz<\/li>\n<li>Mischerdrehzahl: 13.000 RPM<\/li>\n<li>Mischerl\u00e4nge: 0,6 kg - 300 mm<\/li>\n<li>Max. Eintauchh\u00f6he des Mischers: 150 mm<\/li>\n<li>Abmessungen: 135 x 100 x 600h mm<\/li>\n<li>Nettogewicht 2,2 kg<\/li>\n<\/ul>","protected":false},"excerpt":{"rendered":"<p>Mixer frullatore ad immersione fimar MX25 Macchina per ottenere diversi prodotti in base all\u2019utensile utilizzato. Mescolatore realizzato interamente in acciaio inox AISI 304, utile per realizzare minestroni, puree di verdure, salse, pastelle, maionese, passato di pomodoro, pesto ecc\u2026 Il modello MX25 \u00e8 dotato del solo mescolatore da 30 cm per un livello max di immersione [&#8230;]","protected":false},"featured_media":121474,"comment_status":"closed","ping_status":"closed","template":"","meta":{"_monsterinsights_skip_tracking":false,"_monsterinsights_sitenote_active":false,"_monsterinsights_sitenote_note":"","_monsterinsights_sitenote_category":0},"product_brand":[628],"product_cat":[65,10,163,317,814],"product_tag":[],"class_list":{"0":"post-5917","1":"product","2":"type-product","3":"status-publish","4":"has-post-thumbnail","6":"product_brand-fimar","7":"product_cat-frullatori","8":"product_cat-attrezzature-bar","9":"product_cat-frullatori-ristorazione","10":"product_cat-gelaterie","11":"product_cat-mixer-frullatori","12":"product_shipping_class-48","14":"first","15":"instock","16":"sale","17":"taxable","18":"shipping-taxable","19":"purchasable","20":"product-type-simple"},"_links":{"self":[{"href":"https:\/\/www.creaearredanegozi.it\/de\/wp-json\/wp\/v2\/product\/5917","targetHints":{"allow":["GET"]}}],"collection":[{"href":"https:\/\/www.creaearredanegozi.it\/de\/wp-json\/wp\/v2\/product"}],"about":[{"href":"https:\/\/www.creaearredanegozi.it\/de\/wp-json\/wp\/v2\/types\/product"}],"replies":[{"embeddable":true,"href":"https:\/\/www.creaearredanegozi.it\/de\/wp-json\/wp\/v2\/comments?post=5917"}],"wp:featuredmedia":[{"embeddable":true,"href":"https:\/\/www.creaearredanegozi.it\/de\/wp-json\/wp\/v2\/media\/121474"}],"wp:attachment":[{"href":"https:\/\/www.creaearredanegozi.it\/de\/wp-json\/wp\/v2\/media?parent=5917"}],"wp:term":[{"taxonomy":"product_brand","embeddable":true,"href":"https:\/\/www.creaearredanegozi.it\/de\/wp-json\/wp\/v2\/product_brand?post=5917"},{"taxonomy":"product_cat","embeddable":true,"href":"https:\/\/www.creaearredanegozi.it\/de\/wp-json\/wp\/v2\/product_cat?post=5917"},{"taxonomy":"product_tag","embeddable":true,"href":"https:\/\/www.creaearredanegozi.it\/de\/wp-json\/wp\/v2\/product_tag?post=5917"}],"curies":[{"name":"wp","href":"https:\/\/api.w.org\/{rel}","templated":true}]}}