{"id":5926,"date":"2015-12-18T10:23:13","date_gmt":"2015-12-18T09:23:13","guid":{"rendered":"https:\/\/www.creaearredanegozi.it\/?post_type=product&#038;p=5926"},"modified":"2023-07-03T20:04:48","modified_gmt":"2023-07-03T18:04:48","slug":"schneidebrett-aus-polyethylen-dicke-2-cm-50x30-verschiedene-farben","status":"publish","type":"product","link":"https:\/\/www.creaearredanegozi.it\/de\/schneidebrett-aus-polyethylen-dicke-2-cm-50x30-verschiedene-farben\/","title":{"rendered":"Professionelles Schneidebrett aus Polyethylen Dicke 2 cm 50\u00d735 verschiedene Farben"},"content":{"rendered":"<p>Wei\u00dfes Schneidebrett aus lebensmittelechtem Polyethylen, Ma\u00dfe: 50 x 35 x 2 cm<\/p>\n<p>Dank seiner Dicke von nicht weniger als 2 cm eignet es sich auch hervorragend als Fleischklopfer sowie als klassisches Schneidebrett.<\/p>\n<p>IDEAL F\u00dcR: Haushaltswaren, Bars, Metzgereien, Restaurants, usw.<\/p>\n<p>DAS SCHNEIDEBRETT WIRD MIT 2 HALTERUNGEN UND 4 STAHLSCHRAUBEN GELIEFERT<\/p>\n<p>Abmessungen (mm): 500 x 350<\/p>\n<p>Verf\u00fcgbare Farben: Wei\u00df, Blau, Gr\u00fcn, Rot, Gelb<\/p>","protected":false},"excerpt":{"rendered":"<p>Tagliere in polietilene alimentare bianco dim. 50 x 35 x 2 cm Grazie allo spessore di ben 2 cm \u00e8 ideale anche come batticarne oltre che come classico tagliere. IDEALE PER : casalinghi, bar, macellerie, ristoranti ecc.. IL TAGLIERE VIENE FORNITO CON 2 FERMI E 4 VITI IN ACCIAIO Dimensione (mm): 500 x 350 Colori [&#8230;]","protected":false},"featured_media":5927,"comment_status":"closed","ping_status":"closed","template":"","meta":{"_monsterinsights_skip_tracking":false,"_monsterinsights_sitenote_active":false,"_monsterinsights_sitenote_note":"","_monsterinsights_sitenote_category":0},"product_brand":[],"product_cat":[59],"product_tag":[],"class_list":{"0":"post-5926","1":"product","2":"type-product","3":"status-publish","4":"has-post-thumbnail","6":"product_cat-ceppi-taglieri","7":"product_shipping_class-48","9":"first","10":"instock","11":"taxable","12":"shipping-taxable","13":"purchasable","14":"product-type-variable"},"_links":{"self":[{"href":"https:\/\/www.creaearredanegozi.it\/de\/wp-json\/wp\/v2\/product\/5926","targetHints":{"allow":["GET"]}}],"collection":[{"href":"https:\/\/www.creaearredanegozi.it\/de\/wp-json\/wp\/v2\/product"}],"about":[{"href":"https:\/\/www.creaearredanegozi.it\/de\/wp-json\/wp\/v2\/types\/product"}],"replies":[{"embeddable":true,"href":"https:\/\/www.creaearredanegozi.it\/de\/wp-json\/wp\/v2\/comments?post=5926"}],"wp:featuredmedia":[{"embeddable":true,"href":"https:\/\/www.creaearredanegozi.it\/de\/wp-json\/wp\/v2\/media\/5927"}],"wp:attachment":[{"href":"https:\/\/www.creaearredanegozi.it\/de\/wp-json\/wp\/v2\/media?parent=5926"}],"wp:term":[{"taxonomy":"product_brand","embeddable":true,"href":"https:\/\/www.creaearredanegozi.it\/de\/wp-json\/wp\/v2\/product_brand?post=5926"},{"taxonomy":"product_cat","embeddable":true,"href":"https:\/\/www.creaearredanegozi.it\/de\/wp-json\/wp\/v2\/product_cat?post=5926"},{"taxonomy":"product_tag","embeddable":true,"href":"https:\/\/www.creaearredanegozi.it\/de\/wp-json\/wp\/v2\/product_tag?post=5926"}],"curies":[{"name":"wp","href":"https:\/\/api.w.org\/{rel}","templated":true}]}}