{"id":6109,"date":"2016-01-11T11:54:00","date_gmt":"2016-01-11T10:54:00","guid":{"rendered":"https:\/\/www.creaearredanegozi.it\/shop\/confezionamento\/macchina-sottovuoto-professionale-barra-saldate-46cm-30-lh\/"},"modified":"2025-04-18T10:37:39","modified_gmt":"2025-04-18T08:37:39","slug":"professionelle-vakuummaschine-ausenabsaugung-schweisleiste-47cm","status":"publish","type":"product","link":"https:\/\/www.creaearredanegozi.it\/de\/professionelle-vakuummaschine-ausenabsaugung-schweisleiste-47cm\/","title":{"rendered":"Professionelle Vakuum-Verpackungsmaschine externe Absaugung Schwei\u00dfleiste 47CM"},"content":{"rendered":"<h3>Professionelle Vakuummaschine mit externer Absaugung<\/h3>\n<p>Neue Linie professioneller Vakuumverpackungsmaschinen f\u00fcr feste Lebensmittel im Allgemeinen, geeignet f\u00fcr den Einsatz in der professionellen Gastronomie, f\u00fcr kleine Lebensmittelhersteller und f\u00fcr den kleinen und mittleren Vertrieb.<\/p>\n<p>Der vollautomatische Arbeitszyklus mit Standard-Bedienfeld, der die gesamte Linie kennzeichnet, erm\u00f6glicht die Einstellung des Vakuumniveaus und die optimale Versiegelung je nach Art des zu lagernden Produkts.<\/p>\n<p>Die professionelle Version ist serienm\u00e4\u00dfig mit einer \u00d6lbadpumpe ausgestattet, um \u00fcber einen l\u00e4ngeren Zeitraum ohne \u00dcberhitzungsprobleme arbeiten zu k\u00f6nnen.<\/p>\n<p>Maschinen zur Verl\u00e4ngerung der Haltbarkeitsdauer von Lebensmitteln unter Beibehaltung der organoleptischen Eigenschaften. Durch die Verwendung von speziellen Beuteln oder Beh\u00e4ltern wird ein Vakuum erreicht, das die Vermehrung von Bakterien verhindert.<\/p>\n<p>Es erm\u00f6glicht Vakuum in gepr\u00e4gten Beuteln f\u00fcr alle Arten von Produkten.<\/p>\n<ul>\n<li>Geh\u00e4use aus rostfreiem Stahl<\/li>\n<li>Selbstschmierende Pumpe<\/li>\n<li>47 cm L\u00f6tkolben<\/li>\n<\/ul>\n<p>Alle unsere Produkte werden ausschlie\u00dflich aus zertifizierten Komponenten h\u00f6chster Qualit\u00e4t hergestellt, wobei die gr\u00fcndlichsten Produktions-, Inspektions- und Testverfahren angewandt werden, um maximale Zuverl\u00e4ssigkeit im Einsatz zu gew\u00e4hrleisten.<\/p>\n<hr \/>\n<p><strong>TECHNISCHE MERKMALE<\/strong><\/p>\n<table class=\"table table-striped\">\n<tbody>\n<tr>\n<td width=\"163\">MODELL<\/td>\n<td width=\"228\">SV A<\/td>\n<\/tr>\n<tr>\n<td width=\"163\">Pumpe<\/td>\n<td width=\"228\">30 l \/ min<\/td>\n<\/tr>\n<tr>\n<td width=\"163\">Bar<\/td>\n<td width=\"228\">470 mm<\/td>\n<\/tr>\n<tr>\n<td>Max. Umschlagbreite<\/td>\n<td>450 mm<\/td>\n<\/tr>\n<tr>\n<td width=\"163\">Fu\u00dfabdruck<\/td>\n<td width=\"228\">470X310X150h mm<\/td>\n<\/tr>\n<tr>\n<td width=\"163\">K\u00f6rperarbeit<\/td>\n<td width=\"228\">AISI 304 EDELSTAHL<\/td>\n<\/tr>\n<tr>\n<td width=\"163\">Gewicht<\/td>\n<td width=\"228\">12 kg<\/td>\n<\/tr>\n<tr>\n<td width=\"163\">Beginn des Zyklus<\/td>\n<td width=\"228\">Automatisch mit Deckelverschluss<\/td>\n<\/tr>\n<tr>\n<td width=\"163\">Luftr\u00fcckf\u00fchrung<\/td>\n<td width=\"228\">Automatisch<\/td>\n<\/tr>\n<tr>\n<td width=\"163\">Arbeitszyklus<\/td>\n<td width=\"228\">Automatisch<\/td>\n<\/tr>\n<tr>\n<td width=\"163\">Spannung\/Frequenz<\/td>\n<td width=\"228\">220 V - 50 Hz - 800 W<\/td>\n<\/tr>\n<tr>\n<td width=\"163\">Typ der Pumpe<\/td>\n<td width=\"228\">Selbstschmierend<\/td>\n<\/tr>\n<\/tbody>\n<\/table>","protected":false},"excerpt":{"rendered":"<p>Macchina Sottovuoto professionale ad aspirazione esterna Nuova linea di macchine per il confezionamento sottovuoto professionale di alimenti solidi in genere, adatte all&#8217;utilizzo nella ristorazione professionale, piccoli produttori alimentari e per la piccola e media distribuzione. Il ciclo di lavoro completamente automatico con pannello comandi di serie che caratterizza l&#8217;intera linea, consente l&#8217;impostazione del livello del [&#8230;]","protected":false},"featured_media":123339,"comment_status":"closed","ping_status":"closed","template":"","meta":{"_monsterinsights_skip_tracking":false,"_monsterinsights_sitenote_active":false,"_monsterinsights_sitenote_note":"","_monsterinsights_sitenote_category":0},"product_brand":[735],"product_cat":[106],"product_tag":[],"class_list":{"0":"post-6109","1":"product","2":"type-product","3":"status-publish","4":"has-post-thumbnail","6":"product_brand-waage","7":"product_cat-sottovuoto","8":"product_shipping_class-206","10":"first","11":"instock","12":"taxable","13":"shipping-taxable","14":"purchasable","15":"product-type-simple"},"_links":{"self":[{"href":"https:\/\/www.creaearredanegozi.it\/de\/wp-json\/wp\/v2\/product\/6109","targetHints":{"allow":["GET"]}}],"collection":[{"href":"https:\/\/www.creaearredanegozi.it\/de\/wp-json\/wp\/v2\/product"}],"about":[{"href":"https:\/\/www.creaearredanegozi.it\/de\/wp-json\/wp\/v2\/types\/product"}],"replies":[{"embeddable":true,"href":"https:\/\/www.creaearredanegozi.it\/de\/wp-json\/wp\/v2\/comments?post=6109"}],"wp:featuredmedia":[{"embeddable":true,"href":"https:\/\/www.creaearredanegozi.it\/de\/wp-json\/wp\/v2\/media\/123339"}],"wp:attachment":[{"href":"https:\/\/www.creaearredanegozi.it\/de\/wp-json\/wp\/v2\/media?parent=6109"}],"wp:term":[{"taxonomy":"product_brand","embeddable":true,"href":"https:\/\/www.creaearredanegozi.it\/de\/wp-json\/wp\/v2\/product_brand?post=6109"},{"taxonomy":"product_cat","embeddable":true,"href":"https:\/\/www.creaearredanegozi.it\/de\/wp-json\/wp\/v2\/product_cat?post=6109"},{"taxonomy":"product_tag","embeddable":true,"href":"https:\/\/www.creaearredanegozi.it\/de\/wp-json\/wp\/v2\/product_tag?post=6109"}],"curies":[{"name":"wp","href":"https:\/\/api.w.org\/{rel}","templated":true}]}}