{"id":6206,"date":"2016-01-20T10:23:48","date_gmt":"2016-01-20T09:23:48","guid":{"rendered":"https:\/\/www.creaearredanegozi.it\/shop\/vetrine\/vetrina-da-banco-vetrinetta-a-vetro-curvo-2-piani\/"},"modified":"2023-07-03T19:50:03","modified_gmt":"2023-07-03T17:50:03","slug":"gebogene-glasvitrine-mit-2-einlegeboden","status":"publish","type":"product","link":"https:\/\/www.creaearredanegozi.it\/de\/gebogene-glasvitrine-mit-2-einlegeboden\/","title":{"rendered":"Beheizte Thekenvitrine Gew\u00f6lbte Glasvitrine 2 Fachb\u00f6den 80 cm CF"},"content":{"rendered":"<p><strong>Vitrine f\u00fcr die Ausstellung und Pflege von Lebensmitteln<\/strong><\/p>\n<p>Beheizte Vitrine mit runden T\u00fcren, erh\u00e4ltlich in Edelstahl- oder Goldausf\u00fchrung, <strong><span class=\"goog-text-highlight\">2 Etagen, <\/span><\/strong><span class=\"goog-text-highlight\">4-seitiges PlexiGlas<\/span><\/p>\n<ul>\n<li>2 ausziehbare Einlegeb\u00f6den aus Edelstahl<\/li>\n<li>Hei\u00dfe Version mit Temperaturkontrolle<\/li>\n<li><strong>T\u00fcren \u00f6ffnen von beiden Seiten<\/strong><\/li>\n<li>Allgemeiner ON \/ OFF Schalter<\/li>\n<li>Hergestellt aus rostfreiem Stahl<\/li>\n<\/ul>\n<hr \/>\n<p><strong>Technische Daten<\/strong><\/p>\n<table class=\"table table-striped\" style=\"height: 87px;\" width=\"736\">\n<tbody>\n<tr>\n<td width=\"125\">Strom<\/td>\n<td width=\"154\">700 W<\/td>\n<\/tr>\n<tr>\n<td width=\"125\">Temperatur<\/td>\n<td width=\"154\">+5 ~ + 80 \u00b0 C<\/td>\n<\/tr>\n<tr>\n<td width=\"125\">Spannung<\/td>\n<td width=\"154\">230 V<\/td>\n<\/tr>\n<tr>\n<td>Abmessungen (BxTxH)<\/td>\n<td>800 x 350 x 410 mm<\/td>\n<\/tr>\n<tr>\n<td width=\"125\">Gewicht<\/td>\n<td width=\"154\">18 Kg<\/td>\n<\/tr>\n<\/tbody>\n<\/table>","protected":false},"excerpt":{"rendered":"<p>Vetrina per l\u2019esposizione e il mantenimento di alimenti Vetrina riscaldata con antine rotonde disponibile nella finitura inox oppure dorata, 2 piani, 4 lati PlexiGlass 2 Piani d\u2019appoggio estraibili in acciaio inox Versione calda con regolazione della temperatura Apertura porte da entrambi i lati Interruttore generale ON \/ OFF Realizzato in acciaio inox Dati Tecnici Potenza [&#8230;]","protected":false},"featured_media":123024,"comment_status":"closed","ping_status":"closed","template":"","meta":{"_monsterinsights_skip_tracking":false,"_monsterinsights_sitenote_active":false,"_monsterinsights_sitenote_note":"","_monsterinsights_sitenote_category":0},"product_brand":[],"product_cat":[255,28],"product_tag":[],"class_list":{"0":"post-6206","1":"product","2":"type-product","3":"status-publish","4":"has-post-thumbnail","6":"product_cat-calde","7":"product_cat-vetrine","8":"product_shipping_class-f","10":"first","11":"instock","12":"taxable","13":"shipping-taxable","14":"purchasable","15":"product-type-simple"},"_links":{"self":[{"href":"https:\/\/www.creaearredanegozi.it\/de\/wp-json\/wp\/v2\/product\/6206","targetHints":{"allow":["GET"]}}],"collection":[{"href":"https:\/\/www.creaearredanegozi.it\/de\/wp-json\/wp\/v2\/product"}],"about":[{"href":"https:\/\/www.creaearredanegozi.it\/de\/wp-json\/wp\/v2\/types\/product"}],"replies":[{"embeddable":true,"href":"https:\/\/www.creaearredanegozi.it\/de\/wp-json\/wp\/v2\/comments?post=6206"}],"wp:featuredmedia":[{"embeddable":true,"href":"https:\/\/www.creaearredanegozi.it\/de\/wp-json\/wp\/v2\/media\/123024"}],"wp:attachment":[{"href":"https:\/\/www.creaearredanegozi.it\/de\/wp-json\/wp\/v2\/media?parent=6206"}],"wp:term":[{"taxonomy":"product_brand","embeddable":true,"href":"https:\/\/www.creaearredanegozi.it\/de\/wp-json\/wp\/v2\/product_brand?post=6206"},{"taxonomy":"product_cat","embeddable":true,"href":"https:\/\/www.creaearredanegozi.it\/de\/wp-json\/wp\/v2\/product_cat?post=6206"},{"taxonomy":"product_tag","embeddable":true,"href":"https:\/\/www.creaearredanegozi.it\/de\/wp-json\/wp\/v2\/product_tag?post=6206"}],"curies":[{"name":"wp","href":"https:\/\/api.w.org\/{rel}","templated":true}]}}