{"id":6305,"date":"2016-01-27T13:19:37","date_gmt":"2016-01-27T12:19:37","guid":{"rendered":"https:\/\/www.creaearredanegozi.it\/shop\/arredo-acciaio-inox\/lavello-lavatoio-inox-su-mobile-2-vasche-sx-armadio-nuovo-140x60x90\/"},"modified":"2026-03-12T11:33:52","modified_gmt":"2026-03-12T10:33:52","slug":"edelstahlspule-auf-2-becken-links-schrank-neu-140x60x90","status":"publish","type":"product","link":"https:\/\/www.creaearredanegozi.it\/de\/edelstahlspule-auf-2-becken-links-schrank-neu-140x60x90\/","title":{"rendered":"Sp\u00fcle INOX Sp\u00fcle auf Schrank 2 Becken links 140x60x90"},"content":{"rendered":"<p>Edelstahl beh\u00e4lt im Laufe der Zeit hervorragende Eigenschaften, die sich in jeder Umgebung auszeichnen: Haltbarkeit, Festigkeit, Rostfreiheit, einfache Wartung und Reinigung.<\/p>\n<ul>\n<li>Piano di lavoro AISI 304 h. mm 40 insonorizzato<\/li>\n<li>Konstruktion aus rostfreiem Stahl AISI 430<\/li>\n<li>Bodenplatte mit Verst\u00e4rkungsomega<\/li>\n<li>Verstellbare F\u00fc\u00dfe (\u00b1 5 cm)<\/li>\n<li>Waschbecken mit Ab- und \u00dcberlauf<\/li>\n<li>Ohne Mischerloch<\/li>\n<\/ul>\n<hr \/>\n<p><strong>Technische Daten<\/strong><\/p>\n<p>Dimensioni (LxPxH): 1400 x 600 x 850\/950 mm<br \/>\nDimensioni vasca (cad.): 400 x 400 x 300<br \/>\n100 mm Steigrohr hinten<\/p>\n<p>&nbsp;<\/p>\n<p><a href=\"https:\/\/www.creaearredanegozi.it\/wp-content\/uploads\/2016\/01\/msiure_lavello_armadiato.jpeg\"><img decoding=\"async\" class=\"aligncenter size-medium wp-image-129743\" src=\"https:\/\/www.creaearredanegozi.it\/wp-content\/uploads\/2016\/01\/msiure_lavello_armadiato-654x400.jpeg\" alt=\"\" width=\"654\" height=\"400\" title=\"\" srcset=\"https:\/\/www.creaearredanegozi.it\/wp-content\/uploads\/2016\/01\/msiure_lavello_armadiato-654x400.jpeg 654w, https:\/\/www.creaearredanegozi.it\/wp-content\/uploads\/2016\/01\/msiure_lavello_armadiato-516x316.jpeg 516w, https:\/\/www.creaearredanegozi.it\/wp-content\/uploads\/2016\/01\/msiure_lavello_armadiato-64x39.jpeg 64w, https:\/\/www.creaearredanegozi.it\/wp-content\/uploads\/2016\/01\/msiure_lavello_armadiato-768x470.jpeg 768w, https:\/\/www.creaearredanegozi.it\/wp-content\/uploads\/2016\/01\/msiure_lavello_armadiato-18x12.jpeg 18w, https:\/\/www.creaearredanegozi.it\/wp-content\/uploads\/2016\/01\/msiure_lavello_armadiato.jpeg 1058w\" sizes=\"(max-width: 654px) 100vw, 654px\" \/><\/a><\/p>","protected":false},"excerpt":{"rendered":"<p>L&#8217;acciaio inox conserva nel tempo eccellenti qualit\u00e0 che risaltano in qualsiasi ambiente: durevolezza, resistenza, assenza di ruggine, facilit\u00e0 di manutenzione e pulizia. Piano di lavoro AISI 304 h. mm 40 insonorizzato Struttura in acciaio inox AISI 430 Piano inferiore con omega di rinforzo Piedini regolabili (\u00b1 5 cm) Lavatoi corredati di piletta e troppopieno Senza [&#8230;]","protected":false},"featured_media":6306,"comment_status":"closed","ping_status":"closed","template":"","meta":{"_monsterinsights_skip_tracking":false,"_monsterinsights_sitenote_active":false,"_monsterinsights_sitenote_note":"","_monsterinsights_sitenote_category":0},"product_brand":[],"product_cat":[119,18],"product_tag":[220,221],"class_list":{"0":"post-6305","1":"product","2":"type-product","3":"status-publish","4":"has-post-thumbnail","6":"product_cat-lavatoi","7":"product_cat-arredo-acciaio-inox","8":"product_tag-lavandino","9":"product_tag-lavello","10":"product_shipping_class-m","11":"pa_marca-inoxbim","13":"first","14":"instock","15":"sold-individually","16":"taxable","17":"shipping-taxable","18":"purchasable","19":"product-type-simple"},"_links":{"self":[{"href":"https:\/\/www.creaearredanegozi.it\/de\/wp-json\/wp\/v2\/product\/6305","targetHints":{"allow":["GET"]}}],"collection":[{"href":"https:\/\/www.creaearredanegozi.it\/de\/wp-json\/wp\/v2\/product"}],"about":[{"href":"https:\/\/www.creaearredanegozi.it\/de\/wp-json\/wp\/v2\/types\/product"}],"replies":[{"embeddable":true,"href":"https:\/\/www.creaearredanegozi.it\/de\/wp-json\/wp\/v2\/comments?post=6305"}],"wp:featuredmedia":[{"embeddable":true,"href":"https:\/\/www.creaearredanegozi.it\/de\/wp-json\/wp\/v2\/media\/6306"}],"wp:attachment":[{"href":"https:\/\/www.creaearredanegozi.it\/de\/wp-json\/wp\/v2\/media?parent=6305"}],"wp:term":[{"taxonomy":"product_brand","embeddable":true,"href":"https:\/\/www.creaearredanegozi.it\/de\/wp-json\/wp\/v2\/product_brand?post=6305"},{"taxonomy":"product_cat","embeddable":true,"href":"https:\/\/www.creaearredanegozi.it\/de\/wp-json\/wp\/v2\/product_cat?post=6305"},{"taxonomy":"product_tag","embeddable":true,"href":"https:\/\/www.creaearredanegozi.it\/de\/wp-json\/wp\/v2\/product_tag?post=6305"}],"curies":[{"name":"wp","href":"https:\/\/api.w.org\/{rel}","templated":true}]}}