{"id":6309,"date":"2016-01-27T13:50:39","date_gmt":"2016-01-27T12:50:39","guid":{"rendered":"https:\/\/www.creaearredanegozi.it\/shop\/arredo-acciaio-inox\/lavello-lavatoio-inox-su-mobile-1-vasca-sx-vano-lavastoviglie-120x60x90\/"},"modified":"2025-11-14T10:51:08","modified_gmt":"2025-11-14T09:51:08","slug":"edelstahlspule-auf-schrank-1-becken-links-spulmaschinenfach-120x60x90","status":"publish","type":"product","link":"https:\/\/www.creaearredanegozi.it\/de\/edelstahlspule-auf-schrank-1-becken-links-spulmaschinenfach-120x60x90\/","title":{"rendered":"Sp\u00fcle Edelstahlsp\u00fcle auf Schrank 1 Becken links Geschirrsp\u00fclerfach 120x60x90"},"content":{"rendered":"<h2 style=\"text-align: center;\">Edelstahlsp\u00fcle auf Schrank 1 Becken links \u00fcberh\u00e4ngende Abtropffl\u00e4che<\/h2>\n<p>Edelstahl beh\u00e4lt im Laufe der Zeit hervorragende Eigenschaften, die sich in jeder Umgebung auszeichnen: Haltbarkeit, Festigkeit, Rostfreiheit, einfache Wartung und Reinigung.<\/p>\n<ul>\n<li>Arbeitsplatte AISI 304 h. mm 40 gebohrt und schallged\u00e4mpft<\/li>\n<li>600 mm tiefer Schrank mit Fl\u00fcgelt\u00fcr, rechts \u00f6ffnend<\/li>\n<li>Verstellbare F\u00fc\u00dfe (\u00b1 5 cm)<\/li>\n<li>Waschtisch mit Ab- und \u00dcberlauf<\/li>\n<\/ul>\n<hr \/>\n<table class=\"table table-striped\" style=\"height: 117px;\" width=\"570\">\n<tbody>\n<tr>\n<td width=\"156\"><strong>Technische Daten:<\/strong><\/td>\n<td width=\"119\"><\/td>\n<\/tr>\n<tr>\n<td width=\"156\">Abmessungen (BxTxH)<\/td>\n<td width=\"119\">1200 x 600 x 850\/900 mm<\/td>\n<\/tr>\n<tr>\n<td width=\"156\">Abmessungen des Tanks<\/td>\n<td width=\"119\">500 x 400 x 250<\/td>\n<\/tr>\n<tr>\n<td width=\"156\">Auskragende Tropfschale<\/td>\n<td width=\"119\">600 mm<\/td>\n<\/tr>\n<\/tbody>\n<\/table>\n<p>&nbsp;<\/p>\n<hr \/>\n<p style=\"text-align: center;\">WEITERE ABMESSUNGEN VERF\u00dcGBAR. KOSTENLOSES UND UNVERBINDLICHES ANGEBOT ANFORDERN<\/p>","protected":false},"excerpt":{"rendered":"<p>Lavello inox su mobile 1 vasca sx gocciolatoio a sbalzo L\u2019acciaio inox conserva nel tempo eccellenti qualit\u00e0 che risaltano in qualsiasi ambiente: durevolezza, resistenza, assenza di ruggine, facilit\u00e0 di manutenzione e pulizia. Piano di lavoro AISI 304 h. mm 40 tamburati e insonorizzati Armadio prof. 600 mm con porta battente apertura a dx Piedini regolabili [&#8230;]","protected":false},"featured_media":4994,"comment_status":"closed","ping_status":"closed","template":"","meta":{"_monsterinsights_skip_tracking":false,"_monsterinsights_sitenote_active":false,"_monsterinsights_sitenote_note":"","_monsterinsights_sitenote_category":0},"product_brand":[],"product_cat":[18,119],"product_tag":[220,221],"class_list":{"0":"post-6309","1":"product","2":"type-product","3":"status-publish","4":"has-post-thumbnail","6":"product_cat-arredo-acciaio-inox","7":"product_cat-lavatoi","8":"product_tag-lavandino","9":"product_tag-lavello","10":"product_shipping_class-38","11":"pa_dotazione-vano-lavastoviglie","13":"first","14":"instock","15":"taxable","16":"shipping-taxable","17":"purchasable","18":"product-type-simple"},"_links":{"self":[{"href":"https:\/\/www.creaearredanegozi.it\/de\/wp-json\/wp\/v2\/product\/6309","targetHints":{"allow":["GET"]}}],"collection":[{"href":"https:\/\/www.creaearredanegozi.it\/de\/wp-json\/wp\/v2\/product"}],"about":[{"href":"https:\/\/www.creaearredanegozi.it\/de\/wp-json\/wp\/v2\/types\/product"}],"replies":[{"embeddable":true,"href":"https:\/\/www.creaearredanegozi.it\/de\/wp-json\/wp\/v2\/comments?post=6309"}],"wp:featuredmedia":[{"embeddable":true,"href":"https:\/\/www.creaearredanegozi.it\/de\/wp-json\/wp\/v2\/media\/4994"}],"wp:attachment":[{"href":"https:\/\/www.creaearredanegozi.it\/de\/wp-json\/wp\/v2\/media?parent=6309"}],"wp:term":[{"taxonomy":"product_brand","embeddable":true,"href":"https:\/\/www.creaearredanegozi.it\/de\/wp-json\/wp\/v2\/product_brand?post=6309"},{"taxonomy":"product_cat","embeddable":true,"href":"https:\/\/www.creaearredanegozi.it\/de\/wp-json\/wp\/v2\/product_cat?post=6309"},{"taxonomy":"product_tag","embeddable":true,"href":"https:\/\/www.creaearredanegozi.it\/de\/wp-json\/wp\/v2\/product_tag?post=6309"}],"curies":[{"name":"wp","href":"https:\/\/api.w.org\/{rel}","templated":true}]}}