{"id":6312,"date":"2016-01-28T11:35:26","date_gmt":"2016-01-28T10:35:26","guid":{"rendered":"https:\/\/www.creaearredanegozi.it\/shop\/attrezzature-pub\/piastra-vetroceramica-inox-singola-liscia-cf\/"},"modified":"2023-07-03T20:04:49","modified_gmt":"2023-07-03T18:04:49","slug":"einzelnes-glattes-glaskeramikkochfeld-aus-edelstahl-cf","status":"publish","type":"product","link":"https:\/\/www.creaearredanegozi.it\/de\/einzelnes-glattes-glaskeramikkochfeld-aus-edelstahl-cf\/","title":{"rendered":"Einfache glatte CF-Kochplatte aus Glaskeramik und Inox"},"content":{"rendered":"<p><strong>Glaskeramik und Edelstahlplatte<\/strong><br \/>\nGLASKERAMIK-TOASTER. Toaster mit Glaskeramik-Kochplatte, die dank ihres innovativen Designs eine schnelle und gleichm\u00e4\u00dfige Verteilung \u00fcber die gesamte Fl\u00e4che erm\u00f6glichen, ideal f\u00fcr Toast und Griddle-Sandwiches.<\/p>\n<ul>\n<li>Struktur aus rostfreiem Stahl.<\/li>\n<li>Glaskeramik-Kochfelder<\/li>\n<li>Temperaturregelung durch Thermostat 50\u00b0 - 300\u00b0C.<\/li>\n<li>Praktische Schale zum Abtropfen von Fl\u00fcssigkeiten und Kochresten.<\/li>\n<li>Leicht zu reinigendes Kochfeld, das mit dem Maschinenk\u00f6rper verbunden ist.<\/li>\n<li>Schublade zum Auffangen von Fl\u00fcssigkeiten und Kochresten.<\/li>\n<li>Ideal, wenn die Einstellung kalter Temperaturen eine Priorit\u00e4t ist<\/li>\n<\/ul>\n<hr \/>\n<p><strong>Technische Daten<\/strong><\/p>\n<p>Leistung Watt 1500<br \/>\n230V\/50Hz-Stromversorgung<br \/>\nAbmessungen (BxTxH) 320x460x200 mm<br \/>\nBrennfl\u00e4che: 250\u00d7250 mm<br \/>\nNettogewicht 12,5 kg<\/p>","protected":false},"excerpt":{"rendered":"<p>Piastra in Vetroceramica e acciaio inox TOSTIERA IN VETROCERAMICA. Tostiere con piastra in vetroceramica che grazie alla loro concezione innovativa consentono una distribuzione rapida e uniforme su tutta la superficie, ideale per toast e panini alla piastra. Struttura in acciaio inox. Piani di cottura in vetroceramica Controllo temperatura a mezzo termostato 50\u00b0 &#8211; 300\u00b0C. Pratica [&#8230;]","protected":false},"featured_media":123027,"comment_status":"closed","ping_status":"closed","template":"","meta":{"_monsterinsights_skip_tracking":false,"_monsterinsights_sitenote_active":false,"_monsterinsights_sitenote_note":"","_monsterinsights_sitenote_category":0},"product_brand":[],"product_cat":[192,723,721,321],"product_tag":[],"class_list":{"0":"post-6312","1":"product","2":"type-product","3":"status-publish","4":"has-post-thumbnail","6":"product_cat-cottura","7":"product_cat-piastre-cottura","8":"product_cat-tostiere-cottura","9":"product_cat-vetroceramica","10":"product_shipping_class-f","11":"pa_marca-cf-cenedese","13":"first","14":"instock","15":"taxable","16":"shipping-taxable","17":"purchasable","18":"product-type-variable"},"_links":{"self":[{"href":"https:\/\/www.creaearredanegozi.it\/de\/wp-json\/wp\/v2\/product\/6312","targetHints":{"allow":["GET"]}}],"collection":[{"href":"https:\/\/www.creaearredanegozi.it\/de\/wp-json\/wp\/v2\/product"}],"about":[{"href":"https:\/\/www.creaearredanegozi.it\/de\/wp-json\/wp\/v2\/types\/product"}],"replies":[{"embeddable":true,"href":"https:\/\/www.creaearredanegozi.it\/de\/wp-json\/wp\/v2\/comments?post=6312"}],"wp:featuredmedia":[{"embeddable":true,"href":"https:\/\/www.creaearredanegozi.it\/de\/wp-json\/wp\/v2\/media\/123027"}],"wp:attachment":[{"href":"https:\/\/www.creaearredanegozi.it\/de\/wp-json\/wp\/v2\/media?parent=6312"}],"wp:term":[{"taxonomy":"product_brand","embeddable":true,"href":"https:\/\/www.creaearredanegozi.it\/de\/wp-json\/wp\/v2\/product_brand?post=6312"},{"taxonomy":"product_cat","embeddable":true,"href":"https:\/\/www.creaearredanegozi.it\/de\/wp-json\/wp\/v2\/product_cat?post=6312"},{"taxonomy":"product_tag","embeddable":true,"href":"https:\/\/www.creaearredanegozi.it\/de\/wp-json\/wp\/v2\/product_tag?post=6312"}],"curies":[{"name":"wp","href":"https:\/\/api.w.org\/{rel}","templated":true}]}}