{"id":6422,"date":"2016-02-09T10:03:37","date_gmt":"2016-02-09T09:03:37","guid":{"rendered":"https:\/\/www.creaearredanegozi.it\/?post_type=product&#038;p=6422"},"modified":"2025-02-06T12:03:48","modified_gmt":"2025-02-06T11:03:48","slug":"gn-11-waschbecken-aus-rostfreiem-stahl","status":"publish","type":"product","link":"https:\/\/www.creaearredanegozi.it\/de\/gn-11-waschbecken-aus-rostfreiem-stahl\/","title":{"rendered":"GN 1\/1 Edelstahltablett H 10 cm"},"content":{"rendered":"<p><strong>GN 1\/1 Tablett H\u00f6he 100 mm<\/strong><\/p>\n<p>Abmessungen (BxTxH) mm: 530 x 325 x 100<\/p>\n<p>GASTRONORM 1\/1 h100 Tablett. Gastronormtablett aus rostfreiem Stahl AISI 304 GN 1\/1. Gr\u00f6\u00dfe 530\u00d7325 H\u00f6he 100 mm. Fassungsverm\u00f6gen 13,3 Liter.<\/p>","protected":false},"excerpt":{"rendered":"<p>Bacinella GN 1\/1 Altezza 100 mm Dimensioni (LxPxH) mm: 530 x 325 x 100 Vaschetta GASTRONORM 1\/1 h100. Bacinella Gastronorm in acciaio inox AISI 304 GN 1\/1. Dim. 530&#215;325 altezza 100 mm. Capacit\u00e0 13,3 litri.<\/p>","protected":false},"featured_media":7337,"comment_status":"closed","ping_status":"closed","template":"","meta":{"_monsterinsights_skip_tracking":false,"_monsterinsights_sitenote_active":false,"_monsterinsights_sitenote_note":"","_monsterinsights_sitenote_category":0},"product_brand":[],"product_cat":[174,75,71],"product_tag":[],"class_list":{"0":"post-6422","1":"product","2":"type-product","3":"status-publish","4":"has-post-thumbnail","6":"product_cat-arredo-inox","7":"product_cat-otelleria","8":"product_cat-banchi-pizzeria-refrigerati","9":"product_shipping_class-614","11":"first","12":"instock","13":"taxable","14":"shipping-taxable","15":"purchasable","16":"product-type-simple"},"_links":{"self":[{"href":"https:\/\/www.creaearredanegozi.it\/de\/wp-json\/wp\/v2\/product\/6422","targetHints":{"allow":["GET"]}}],"collection":[{"href":"https:\/\/www.creaearredanegozi.it\/de\/wp-json\/wp\/v2\/product"}],"about":[{"href":"https:\/\/www.creaearredanegozi.it\/de\/wp-json\/wp\/v2\/types\/product"}],"replies":[{"embeddable":true,"href":"https:\/\/www.creaearredanegozi.it\/de\/wp-json\/wp\/v2\/comments?post=6422"}],"wp:featuredmedia":[{"embeddable":true,"href":"https:\/\/www.creaearredanegozi.it\/de\/wp-json\/wp\/v2\/media\/7337"}],"wp:attachment":[{"href":"https:\/\/www.creaearredanegozi.it\/de\/wp-json\/wp\/v2\/media?parent=6422"}],"wp:term":[{"taxonomy":"product_brand","embeddable":true,"href":"https:\/\/www.creaearredanegozi.it\/de\/wp-json\/wp\/v2\/product_brand?post=6422"},{"taxonomy":"product_cat","embeddable":true,"href":"https:\/\/www.creaearredanegozi.it\/de\/wp-json\/wp\/v2\/product_cat?post=6422"},{"taxonomy":"product_tag","embeddable":true,"href":"https:\/\/www.creaearredanegozi.it\/de\/wp-json\/wp\/v2\/product_tag?post=6422"}],"curies":[{"name":"wp","href":"https:\/\/api.w.org\/{rel}","templated":true}]}}