{"id":6542,"date":"2016-02-29T11:15:52","date_gmt":"2016-02-29T10:15:52","guid":{"rendered":"https:\/\/www.creaearredanegozi.it\/shop\/attrezzature-bar\/granitore-6-litri-inox-quark-1-bras\/"},"modified":"2026-03-11T11:06:34","modified_gmt":"2026-03-11T10:06:34","slug":"slush-maker-6-liter-edelstahl-quark-1-bras","status":"publish","type":"product","link":"https:\/\/www.creaearredanegozi.it\/de\/slush-maker-6-liter-edelstahl-quark-1-bras\/","title":{"rendered":"Granulator 6 Liter Inox Quark 1 Bras"},"content":{"rendered":"<p>\u00c4u\u00dferst kleiner Spender, ideal f\u00fcr den kleinen und mittleren Verbrauch.<br \/>\nSpeziell f\u00fcr die Zubereitung von Cold Creams entwickelt, ist sie die kleinste und zuverl\u00e4ssigste auf dem Markt. Die vollst\u00e4ndige Sichtbarkeit des Produkts garantiert h\u00f6here Gewinne.<br \/>\nModelle mit 1, 2 oder 3 6-Liter-Beh\u00e4ltern aus lebensmittelechtem, schlagfestem Polycarbonat erh\u00e4ltlich<br \/>\nAusgestattet mit patentiertem Magnetantriebssystem<\/p>\n<p style=\"text-align: right;\"><em>Kopf- und R\u00fcckenbilder rein indikativ<\/em><\/p>\n<hr \/>\n<p><strong>Technische Daten<\/strong><\/p>\n<table class=\"table table-striped\" width=\"367\">\n<tbody>\n<tr>\n<td width=\"297\">Abmessungen (BxHxT): 180 x 650 x 470<\/td>\n<\/tr>\n<tr>\n<td width=\"297\">Stromversorgung: 230V 50\/60Hz F+N<\/td>\n<\/tr>\n<tr>\n<td width=\"297\">Gewicht: 20 kg<\/td>\n<\/tr>\n<tr>\n<td width=\"297\">Tragf\u00e4higkeit: 26 kg<\/td>\n<\/tr>\n<tr>\n<td width=\"297\">Anzahl der Beh\u00e4lter: 1 x 6 Liter<\/td>\n<\/tr>\n<\/tbody>\n<\/table>","protected":false},"excerpt":{"rendered":"<p>FUORI PRODUZIONE<\/p>\n<p>Sostituito con: <a href=\"https:\/\/www.creaearredanegozi.it\/de\/cold-cream-dispenser-6-l-behalter-b-cube-6-1-bras\/\" class=\"button primary is-primary is-medium\" >\n\t\t<span>B-CUBE<\/span>\n\t<\/a>","protected":false},"featured_media":6548,"comment_status":"closed","ping_status":"closed","template":"","meta":{"_monsterinsights_skip_tracking":false,"_monsterinsights_sitenote_active":false,"_monsterinsights_sitenote_note":"","_monsterinsights_sitenote_category":0},"product_brand":[618],"product_cat":[207],"product_tag":[],"class_list":{"0":"post-6542","1":"product","2":"type-product","3":"status-publish","4":"has-post-thumbnail","6":"product_brand-bras","7":"product_cat-granitori","9":"first","10":"outofstock","11":"taxable","12":"shipping-taxable","13":"purchasable","14":"product-type-simple"},"_links":{"self":[{"href":"https:\/\/www.creaearredanegozi.it\/de\/wp-json\/wp\/v2\/product\/6542","targetHints":{"allow":["GET"]}}],"collection":[{"href":"https:\/\/www.creaearredanegozi.it\/de\/wp-json\/wp\/v2\/product"}],"about":[{"href":"https:\/\/www.creaearredanegozi.it\/de\/wp-json\/wp\/v2\/types\/product"}],"replies":[{"embeddable":true,"href":"https:\/\/www.creaearredanegozi.it\/de\/wp-json\/wp\/v2\/comments?post=6542"}],"wp:featuredmedia":[{"embeddable":true,"href":"https:\/\/www.creaearredanegozi.it\/de\/wp-json\/wp\/v2\/media\/6548"}],"wp:attachment":[{"href":"https:\/\/www.creaearredanegozi.it\/de\/wp-json\/wp\/v2\/media?parent=6542"}],"wp:term":[{"taxonomy":"product_brand","embeddable":true,"href":"https:\/\/www.creaearredanegozi.it\/de\/wp-json\/wp\/v2\/product_brand?post=6542"},{"taxonomy":"product_cat","embeddable":true,"href":"https:\/\/www.creaearredanegozi.it\/de\/wp-json\/wp\/v2\/product_cat?post=6542"},{"taxonomy":"product_tag","embeddable":true,"href":"https:\/\/www.creaearredanegozi.it\/de\/wp-json\/wp\/v2\/product_tag?post=6542"}],"curies":[{"name":"wp","href":"https:\/\/api.w.org\/{rel}","templated":true}]}}