{"id":6553,"date":"2016-02-29T11:57:47","date_gmt":"2016-02-29T10:57:47","guid":{"rendered":"https:\/\/www.creaearredanegozi.it\/shop\/attrezzature-bar\/granitore-12-litri-66-inox-quark-2-bras\/"},"modified":"2023-07-03T19:50:11","modified_gmt":"2023-07-03T17:50:11","slug":"slush-maker-12-liter-66-edelstahl-quark-2-bras-2","status":"publish","type":"product","link":"https:\/\/www.creaearredanegozi.it\/de\/slush-maker-12-liter-66-edelstahl-quark-2-bras-2\/","title":{"rendered":"Granulator 30 Liter (15+15) Inox Atlas 2 L Bras"},"content":{"rendered":"<h2>Atlas: Granulator 30 Liter (15+15) Inox Bras<\/h2>\n<p>Atlas 2 ist der geeignete Spender f\u00fcr Slush, Cocktails und andere eisgek\u00fchlte Getr\u00e4nke, wenn die Verkaufsmengen sehr hoch sind und sich in kurzer Zeit konzentrieren.<br \/>\nDie hohe Verteilungskapazit\u00e4t, die \"totale\" Sichtbarkeit des Produkts und die Attraktivit\u00e4t der gro\u00dfen beleuchteten Fl\u00e4che der Deckel steigern den Verbrauch und den Gewinn.<br \/>\n15-Liter-Beh\u00e4lter aus schlagfestem Polycarbonat f\u00fcr Lebensmittel.<\/p>\n<table border=\"0\" width=\"612\" cellspacing=\"1\" cellpadding=\"1\" align=\"center\">\n<tbody>\n<tr>\n<td><strong>Andere Merkmale<\/strong><\/td>\n<\/tr>\n<tr>\n<td>- Patentiertes magnetisches Antriebssystem<\/td>\n<\/tr>\n<tr>\n<td>- Ungiftiger, zerbrechlicher Polycarbonatbeh\u00e4lter mit einem Fassungsverm\u00f6gen von 15 Litern<\/td>\n<\/tr>\n<tr>\n<td>- Karosserie aus rostfreiem Stahl.<\/td>\n<\/tr>\n<tr>\n<td>- Hermetischer Kompressor<\/td>\n<\/tr>\n<tr>\n<td>- Luftgek\u00fchlter Verfl\u00fcssiger<\/td>\n<\/tr>\n<tr>\n<td>- Motorschutzschalter<\/td>\n<\/tr>\n<tr>\n<td>- Luftfilter<\/td>\n<\/tr>\n<tr>\n<td>- Ger\u00e4uschpegel unter 70 dB (A)<\/td>\n<\/tr>\n<\/tbody>\n<\/table>\n<hr \/>\n<p><strong>Technische Daten<\/strong><\/p>\n<table class=\"table table-striped mtr-table mtr-tr-td\" cellspacing=\"1\" cellpadding=\"0\">\n<tbody>\n<tr>\n<td height=\"22\" data-mtr-content=\"Caratteristiche tecniche\" class=\"mtr-td-tag\"><div class=\"mtr-cell-content\"><strong>Technische Daten<\/strong><\/div><\/td>\n<td data-mtr-content=\"\" class=\"mtr-td-tag\"><div class=\"mtr-cell-content\"><\/div><\/td>\n<td data-mtr-content=\"Atlas\" class=\"mtr-td-tag\"><div class=\"mtr-cell-content\"><strong>Atlas<\/strong><\/div><\/td>\n<\/tr>\n<tr>\n<td data-mtr-content=\"Caratteristiche tecniche\" class=\"mtr-td-tag\"><div class=\"mtr-cell-content\"><span class=\"col_nero\"><span class=\"col_grigio_scuro\">Herausnehmbare transparente Beh\u00e4lter<\/span><\/span><\/div><\/td>\n<td data-mtr-content=\"\" class=\"mtr-td-tag\"><div class=\"mtr-cell-content\">n<\/div><\/td>\n<td data-mtr-content=\"Atlas\" class=\"mtr-td-tag\"><div class=\"mtr-cell-content\">2<\/div><\/td>\n<\/tr>\n<tr>\n<td data-mtr-content=\"Caratteristiche tecniche\" class=\"mtr-td-tag\"><div class=\"mtr-cell-content\">Kapazit\u00e4t eines einzelnen Containers<\/div><\/td>\n<td data-mtr-content=\"\" class=\"mtr-td-tag\"><div class=\"mtr-cell-content\">l<\/div><\/td>\n<td data-mtr-content=\"Atlas\" class=\"mtr-td-tag\"><div class=\"mtr-cell-content\">15<\/div><\/td>\n<\/tr>\n<tr>\n<td data-mtr-content=\"Caratteristiche tecniche\" class=\"mtr-td-tag\"><div class=\"mtr-cell-content\">Breite<\/div><\/td>\n<td data-mtr-content=\"\" class=\"mtr-td-tag\"><div class=\"mtr-cell-content\">cm<\/div><\/td>\n<td data-mtr-content=\"Atlas\" class=\"mtr-td-tag\"><div class=\"mtr-cell-content\">46<\/div><\/td>\n<\/tr>\n<tr>\n<td data-mtr-content=\"Caratteristiche tecniche\" class=\"mtr-td-tag\"><div class=\"mtr-cell-content\">Tiefe<\/div><\/td>\n<td data-mtr-content=\"\" class=\"mtr-td-tag\"><div class=\"mtr-cell-content\">cm<\/div><\/td>\n<td data-mtr-content=\"Atlas\" class=\"mtr-td-tag\"><div class=\"mtr-cell-content\">53<\/div><\/td>\n<\/tr>\n<tr>\n<td data-mtr-content=\"Caratteristiche tecniche\" class=\"mtr-td-tag\"><div class=\"mtr-cell-content\">H\u00f6he<\/div><\/td>\n<td data-mtr-content=\"\" class=\"mtr-td-tag\"><div class=\"mtr-cell-content\">cm<\/div><\/td>\n<td data-mtr-content=\"Atlas\" class=\"mtr-td-tag\"><div class=\"mtr-cell-content\">90<\/div><\/td>\n<\/tr>\n<tr>\n<td data-mtr-content=\"Caratteristiche tecniche\" class=\"mtr-td-tag\"><div class=\"mtr-cell-content\">Nettogewicht, ca.<\/div><\/td>\n<td data-mtr-content=\"\" class=\"mtr-td-tag\"><div class=\"mtr-cell-content\">kg<\/div><\/td>\n<td data-mtr-content=\"Atlas\" class=\"mtr-td-tag\"><div class=\"mtr-cell-content\">62<\/div><\/td>\n<\/tr>\n<tr>\n<td data-mtr-content=\"Caratteristiche tecniche\" class=\"mtr-td-tag\"><div class=\"mtr-cell-content\">Bruttogewicht, ca.<\/div><\/td>\n<td data-mtr-content=\"\" class=\"mtr-td-tag\"><div class=\"mtr-cell-content\">kg<\/div><\/td>\n<td data-mtr-content=\"Atlas\" class=\"mtr-td-tag\"><div class=\"mtr-cell-content\">67<\/div><\/td>\n<\/tr>\n<tr>\n<td data-mtr-content=\"Caratteristiche tecniche\" class=\"mtr-td-tag\"><div class=\"mtr-cell-content\">Absorption<\/div><\/td>\n<td data-mtr-content=\"\" class=\"mtr-td-tag\"><div class=\"mtr-cell-content\">W<\/div><\/td>\n<td data-mtr-content=\"Atlas\" class=\"mtr-td-tag\"><div class=\"mtr-cell-content\">1600<\/div><\/td>\n<\/tr>\n<tr>\n<td data-mtr-content=\"Caratteristiche tecniche\" class=\"mtr-td-tag\"><div class=\"mtr-cell-content\">Gas<\/div><\/td>\n<td data-mtr-content=\"\" class=\"mtr-td-tag\"><div class=\"mtr-cell-content\"><\/div><\/td>\n<td data-mtr-content=\"Atlas\" class=\"mtr-td-tag\"><div class=\"mtr-cell-content\">R404a<\/div><\/td>\n<\/tr>\n<\/tbody>\n<\/table>","protected":false},"excerpt":{"rendered":"<p>Atlas: Granitore 30 litri (15+15) Inox Bras Atlas 2 \u00e8 il distributore adatto per granita, cocktails e altre bevande ghiacciate quando i volumi di vendita sono molto elevati e concentrati in breve tempo. La notevole capacit\u00e0 distributiva, la \u201ctotale\u201d visibilit\u00e0 del prodotto e l&#8217;attrattiva dovuta all&#8217; ampia superficie luminosa dei coperchi incrementano le consumazioni ed [&#8230;]","protected":false},"featured_media":14266,"comment_status":"closed","ping_status":"closed","template":"","meta":{"_monsterinsights_skip_tracking":false,"_monsterinsights_sitenote_active":false,"_monsterinsights_sitenote_note":"","_monsterinsights_sitenote_category":0},"product_brand":[618],"product_cat":[207],"product_tag":[],"class_list":{"0":"post-6553","1":"product","2":"type-product","3":"status-publish","4":"has-post-thumbnail","6":"product_brand-bras","7":"product_cat-granitori","8":"product_shipping_class-32","9":"pa_marca-bras","11":"first","12":"instock","13":"taxable","14":"shipping-taxable","15":"purchasable","16":"product-type-simple"},"_links":{"self":[{"href":"https:\/\/www.creaearredanegozi.it\/de\/wp-json\/wp\/v2\/product\/6553","targetHints":{"allow":["GET"]}}],"collection":[{"href":"https:\/\/www.creaearredanegozi.it\/de\/wp-json\/wp\/v2\/product"}],"about":[{"href":"https:\/\/www.creaearredanegozi.it\/de\/wp-json\/wp\/v2\/types\/product"}],"replies":[{"embeddable":true,"href":"https:\/\/www.creaearredanegozi.it\/de\/wp-json\/wp\/v2\/comments?post=6553"}],"wp:featuredmedia":[{"embeddable":true,"href":"https:\/\/www.creaearredanegozi.it\/de\/wp-json\/wp\/v2\/media\/14266"}],"wp:attachment":[{"href":"https:\/\/www.creaearredanegozi.it\/de\/wp-json\/wp\/v2\/media?parent=6553"}],"wp:term":[{"taxonomy":"product_brand","embeddable":true,"href":"https:\/\/www.creaearredanegozi.it\/de\/wp-json\/wp\/v2\/product_brand?post=6553"},{"taxonomy":"product_cat","embeddable":true,"href":"https:\/\/www.creaearredanegozi.it\/de\/wp-json\/wp\/v2\/product_cat?post=6553"},{"taxonomy":"product_tag","embeddable":true,"href":"https:\/\/www.creaearredanegozi.it\/de\/wp-json\/wp\/v2\/product_tag?post=6553"}],"curies":[{"name":"wp","href":"https:\/\/api.w.org\/{rel}","templated":true}]}}