{"id":6554,"date":"2016-02-29T12:03:11","date_gmt":"2016-02-29T11:03:11","guid":{"rendered":"https:\/\/www.creaearredanegozi.it\/shop\/attrezzature-bar\/granitore-18-litri-666-inox-quark-3-bras\/"},"modified":"2023-07-03T19:50:11","modified_gmt":"2023-07-03T17:50:11","slug":"granitore-18-litri-666-inox-quark-3-bras","status":"publish","type":"product","link":"https:\/\/www.creaearredanegozi.it\/de\/granitore-18-litri-666-inox-quark-3-bras\/","title":{"rendered":"Granulator 18 Liter (6+6+6) Inox Quark 3 Bras"},"content":{"rendered":"<p>\u00c4u\u00dferst kleiner Spender, ideal f\u00fcr den kleinen und mittleren Verbrauch.<br \/>\nSpeziell f\u00fcr die Zubereitung von Cold Creams entwickelt, ist sie die kleinste und zuverl\u00e4ssigste auf dem Markt. Die vollst\u00e4ndige Sichtbarkeit des Produkts garantiert h\u00f6here Gewinne.<br \/>\nModelle mit 1, 2 oder 3 6-Liter-Beh\u00e4ltern aus lebensmittelechtem, schlagfestem Polycarbonat erh\u00e4ltlich<br \/>\nAusgestattet mit einem patentierten Magnetantriebssystem.<\/p>\n<hr \/>\n<p><strong>Technische Daten<\/strong><\/p>\n<table class=\"table table-striped\" width=\"367\">\n<tbody>\n<tr>\n<td width=\"297\">Dimensione (LxHxP) mm: 540 x 650 x 470<\/td>\n<\/tr>\n<tr>\n<td width=\"297\">Stromversorgung: 230V 50\/60Hz F+N<\/td>\n<\/tr>\n<tr>\n<td width=\"297\">Peso: 54 Kg<\/td>\n<\/tr>\n<tr>\n<td width=\"297\">Portata: 58 Kg<\/td>\n<\/tr>\n<tr>\n<td width=\"297\">N\u00b0 Contenitori: 3 da 6 Litri<\/td>\n<\/tr>\n<\/tbody>\n<\/table>","protected":false},"excerpt":{"rendered":"<p>Distributore dalle dimensioni estremamente ridotte, ideale per piccoli e medi consumi. Progettato specificatamente per preparare creme fredde, \u00e8 il pi\u00f9 piccolo ed affidabile in commercio. La totale visibilit\u00e0 del prodotto garantisce maggiori profitti. Disponibili modelli da 1, 2 o 3 contenitori da 6 litri in policarbonato per alimenti e antiurto Dotato di sistema a trascinamento [&#8230;]","protected":false},"featured_media":6557,"comment_status":"closed","ping_status":"closed","template":"","meta":{"_monsterinsights_skip_tracking":false,"_monsterinsights_sitenote_active":false,"_monsterinsights_sitenote_note":"","_monsterinsights_sitenote_category":0},"product_brand":[618],"product_cat":[10,207],"product_tag":[],"class_list":{"0":"post-6554","1":"product","2":"type-product","3":"status-publish","4":"has-post-thumbnail","6":"product_brand-bras","7":"product_cat-attrezzature-bar","8":"product_cat-granitori","9":"product_shipping_class-38","11":"first","12":"instock","13":"taxable","14":"shipping-taxable","15":"purchasable","16":"product-type-simple"},"_links":{"self":[{"href":"https:\/\/www.creaearredanegozi.it\/de\/wp-json\/wp\/v2\/product\/6554","targetHints":{"allow":["GET"]}}],"collection":[{"href":"https:\/\/www.creaearredanegozi.it\/de\/wp-json\/wp\/v2\/product"}],"about":[{"href":"https:\/\/www.creaearredanegozi.it\/de\/wp-json\/wp\/v2\/types\/product"}],"replies":[{"embeddable":true,"href":"https:\/\/www.creaearredanegozi.it\/de\/wp-json\/wp\/v2\/comments?post=6554"}],"wp:featuredmedia":[{"embeddable":true,"href":"https:\/\/www.creaearredanegozi.it\/de\/wp-json\/wp\/v2\/media\/6557"}],"wp:attachment":[{"href":"https:\/\/www.creaearredanegozi.it\/de\/wp-json\/wp\/v2\/media?parent=6554"}],"wp:term":[{"taxonomy":"product_brand","embeddable":true,"href":"https:\/\/www.creaearredanegozi.it\/de\/wp-json\/wp\/v2\/product_brand?post=6554"},{"taxonomy":"product_cat","embeddable":true,"href":"https:\/\/www.creaearredanegozi.it\/de\/wp-json\/wp\/v2\/product_cat?post=6554"},{"taxonomy":"product_tag","embeddable":true,"href":"https:\/\/www.creaearredanegozi.it\/de\/wp-json\/wp\/v2\/product_tag?post=6554"}],"curies":[{"name":"wp","href":"https:\/\/api.w.org\/{rel}","templated":true}]}}