{"id":6558,"date":"2016-02-29T13:01:37","date_gmt":"2016-02-29T12:01:37","guid":{"rendered":"https:\/\/www.creaearredanegozi.it\/shop\/attrezzature-bar\/granitore-10-litri-inox-fbm-1-plus-bras\/"},"modified":"2025-06-30T18:59:16","modified_gmt":"2025-06-30T16:59:16","slug":"granitore-10-litri-inox-fbm-1-plus-bras","status":"publish","type":"product","link":"https:\/\/www.creaearredanegozi.it\/de\/granitore-10-litri-inox-fbm-1-plus-bras\/","title":{"rendered":"Granulator 20 Liter (10+10) Inox FBM 2 Plus BRAS"},"content":{"rendered":"<p>FBM-Slush-Dispenser f\u00fcr die Herstellung und den Vertrieb von Slush und anderen eisgek\u00fchlten Getr\u00e4nken wie Sorbet, Cocktails und Cold Creams.<\/p>\n<ul>\n<li>Die Linie umfasst \u00e4u\u00dferst kompakte und zuverl\u00e4ssige Modelle mit 1, 2 oder 3 Beh\u00e4ltern<\/li>\n<li>Ihre \"Gesamt\"-Anzeigekapazit\u00e4t erh\u00f6ht die Zahl der Verbraucher und bringt hohe Gewinne.<\/li>\n<li>10-Liter-Beh\u00e4lter aus schlagfestem Polycarbonat f\u00fcr Lebensmittel.<\/li>\n<li>Thermostate f\u00fcr den gek\u00fchlten Betrieb und die Lagerung \u00fcber Nacht<\/li>\n<li>Ausgestattet mit einem leichten und patentierten Magnetantriebssystem<\/li>\n<\/ul>\n<hr \/>\n<p><strong>Technische Daten<\/strong><\/p>\n<table class=\"table table-striped\" width=\"367\">\n<tbody>\n<tr>\n<td width=\"297\">Dimensione (LxHxP) mm: 360 x 690 x 470<\/td>\n<\/tr>\n<tr>\n<td width=\"297\">Stromversorgung: 230V 50\/60Hz F+N<\/td>\n<\/tr>\n<tr>\n<td width=\"297\">Peso: 37 Kg<\/td>\n<\/tr>\n<tr>\n<td width=\"297\">Portata: 40 Kg<\/td>\n<\/tr>\n<tr>\n<td width=\"297\">N\u00b0 Contenitori: 2 da 10 Litri<\/td>\n<\/tr>\n<\/tbody>\n<\/table>","protected":false},"excerpt":{"rendered":"<p>Distributore Di granita FBM per la produzione e la distribuzione di granita e altre bevande ghiacciate quali sorbetto, cocktails e creme fredde. La linea comprende modelli estremamente compatti ed affidabili con 1, 2 o 3 contenitori La loro &#8220;Totale&#8221; capacit\u00e0 espositiva fa aumentare il numero delle consumazioni e procura altissimi profitti. Contenitori da 10 litri [&#8230;]","protected":false},"featured_media":6565,"comment_status":"closed","ping_status":"closed","template":"","meta":{"_monsterinsights_skip_tracking":false,"_monsterinsights_sitenote_active":false,"_monsterinsights_sitenote_note":"","_monsterinsights_sitenote_category":0},"product_brand":[618],"product_cat":[207],"product_tag":[],"class_list":{"0":"post-6558","1":"product","2":"type-product","3":"status-publish","4":"has-post-thumbnail","6":"product_brand-bras","7":"product_cat-granitori","8":"product_shipping_class-38","10":"first","11":"instock","12":"taxable","13":"shipping-taxable","14":"purchasable","15":"product-type-simple"},"_links":{"self":[{"href":"https:\/\/www.creaearredanegozi.it\/de\/wp-json\/wp\/v2\/product\/6558","targetHints":{"allow":["GET"]}}],"collection":[{"href":"https:\/\/www.creaearredanegozi.it\/de\/wp-json\/wp\/v2\/product"}],"about":[{"href":"https:\/\/www.creaearredanegozi.it\/de\/wp-json\/wp\/v2\/types\/product"}],"replies":[{"embeddable":true,"href":"https:\/\/www.creaearredanegozi.it\/de\/wp-json\/wp\/v2\/comments?post=6558"}],"wp:featuredmedia":[{"embeddable":true,"href":"https:\/\/www.creaearredanegozi.it\/de\/wp-json\/wp\/v2\/media\/6565"}],"wp:attachment":[{"href":"https:\/\/www.creaearredanegozi.it\/de\/wp-json\/wp\/v2\/media?parent=6558"}],"wp:term":[{"taxonomy":"product_brand","embeddable":true,"href":"https:\/\/www.creaearredanegozi.it\/de\/wp-json\/wp\/v2\/product_brand?post=6558"},{"taxonomy":"product_cat","embeddable":true,"href":"https:\/\/www.creaearredanegozi.it\/de\/wp-json\/wp\/v2\/product_cat?post=6558"},{"taxonomy":"product_tag","embeddable":true,"href":"https:\/\/www.creaearredanegozi.it\/de\/wp-json\/wp\/v2\/product_tag?post=6558"}],"curies":[{"name":"wp","href":"https:\/\/api.w.org\/{rel}","templated":true}]}}