{"id":6567,"date":"2016-02-29T13:37:38","date_gmt":"2016-02-29T12:37:38","guid":{"rendered":"https:\/\/www.creaearredanegozi.it\/shop\/attrezzature-bar\/granitore-10-litri-inox-fbm-1-plus-bras-2\/"},"modified":"2023-07-03T19:50:11","modified_gmt":"2023-07-03T17:50:11","slug":"granitore-10-litri-inox-fbm-1-plus-bras-2","status":"publish","type":"product","link":"https:\/\/www.creaearredanegozi.it\/de\/granitore-10-litri-inox-fbm-1-plus-bras-2\/","title":{"rendered":"Granulator 10 Liter Inox FBM 1 Plus BRAS"},"content":{"rendered":"<p><strong>Granulator 10 Liter Inox FBM 1 Plus BRAS<\/strong><\/p>\n<p>Distributore di granita FBM per la produzione e la distribuzione di granita e altre bevande ghiacciate quali sorbetto, cocktails e creme fredde.<\/p>\n<ul>\n<li>Die Linie umfasst \u00e4u\u00dferst kompakte und zuverl\u00e4ssige Modelle mit 1, 2 oder 3 Beh\u00e4ltern<\/li>\n<li>Ihre \"Gesamt\"-Anzeigekapazit\u00e4t erh\u00f6ht die Zahl der Verbraucher und bringt hohe Gewinne.<\/li>\n<li><strong>Granitore <\/strong>con contenitore da 10 litri in policarbonato a prova d&#8217;urto per alimenti.<\/li>\n<li>Thermostate f\u00fcr den gek\u00fchlten Betrieb und die Lagerung \u00fcber Nacht<\/li>\n<li>Ausgestattet mit einem leichten und patentierten Magnetantriebssystem<\/li>\n<\/ul>\n<hr \/>\n<p><strong>Technische Daten<\/strong><\/p>\n<table class=\"table table-striped\" width=\"367\">\n<tbody>\n<tr>\n<td width=\"297\">Dimensione (LxHxP) mm: 280 x 690 x 470<\/td>\n<\/tr>\n<tr>\n<td width=\"297\">Stromversorgung: 230V 50\/60Hz F+N<\/td>\n<\/tr>\n<tr>\n<td width=\"297\">Peso: 26 Kg<\/td>\n<\/tr>\n<tr>\n<td width=\"297\">Portata: 29 Kg<\/td>\n<\/tr>\n<tr>\n<td width=\"297\">N\u00b0 Contenitori: 1 da 10 Litri<\/td>\n<\/tr>\n<\/tbody>\n<\/table>","protected":false},"excerpt":{"rendered":"<p>Granitore 10 litri Inox FBM 1 Plus BRAS Distributore di granita FBM per la produzione e la distribuzione di granita e altre bevande ghiacciate quali sorbetto, cocktails e creme fredde. La linea comprende modelli estremamente compatti ed affidabili con 1, 2 o 3 contenitori La loro &#8220;Totale&#8221; capacit\u00e0 espositiva fa aumentare il numero delle consumazioni [&#8230;]","protected":false},"featured_media":6559,"comment_status":"closed","ping_status":"closed","template":"","meta":{"_monsterinsights_skip_tracking":false,"_monsterinsights_sitenote_active":false,"_monsterinsights_sitenote_note":"","_monsterinsights_sitenote_category":0},"product_brand":[618],"product_cat":[207],"product_tag":[],"class_list":{"0":"post-6567","1":"product","2":"type-product","3":"status-publish","4":"has-post-thumbnail","6":"product_brand-bras","7":"product_cat-granitori","8":"product_shipping_class-f","10":"first","11":"instock","12":"taxable","13":"shipping-taxable","14":"purchasable","15":"product-type-simple"},"_links":{"self":[{"href":"https:\/\/www.creaearredanegozi.it\/de\/wp-json\/wp\/v2\/product\/6567","targetHints":{"allow":["GET"]}}],"collection":[{"href":"https:\/\/www.creaearredanegozi.it\/de\/wp-json\/wp\/v2\/product"}],"about":[{"href":"https:\/\/www.creaearredanegozi.it\/de\/wp-json\/wp\/v2\/types\/product"}],"replies":[{"embeddable":true,"href":"https:\/\/www.creaearredanegozi.it\/de\/wp-json\/wp\/v2\/comments?post=6567"}],"wp:featuredmedia":[{"embeddable":true,"href":"https:\/\/www.creaearredanegozi.it\/de\/wp-json\/wp\/v2\/media\/6559"}],"wp:attachment":[{"href":"https:\/\/www.creaearredanegozi.it\/de\/wp-json\/wp\/v2\/media?parent=6567"}],"wp:term":[{"taxonomy":"product_brand","embeddable":true,"href":"https:\/\/www.creaearredanegozi.it\/de\/wp-json\/wp\/v2\/product_brand?post=6567"},{"taxonomy":"product_cat","embeddable":true,"href":"https:\/\/www.creaearredanegozi.it\/de\/wp-json\/wp\/v2\/product_cat?post=6567"},{"taxonomy":"product_tag","embeddable":true,"href":"https:\/\/www.creaearredanegozi.it\/de\/wp-json\/wp\/v2\/product_tag?post=6567"}],"curies":[{"name":"wp","href":"https:\/\/api.w.org\/{rel}","templated":true}]}}