{"id":6568,"date":"2016-02-29T13:40:14","date_gmt":"2016-02-29T12:40:14","guid":{"rendered":"https:\/\/www.creaearredanegozi.it\/shop\/attrezzature-bar\/granitore-30-litri-101010-inox-fbm-3-l-bras\/"},"modified":"2025-06-30T19:00:45","modified_gmt":"2025-06-30T17:00:45","slug":"30-liter-slushbox-101010-edelstahl-fbm-3-l-bras","status":"publish","type":"product","link":"https:\/\/www.creaearredanegozi.it\/de\/30-liter-slushbox-101010-edelstahl-fbm-3-l-bras\/","title":{"rendered":"Granulator 30 Liter (10+10+10) Inox FBM 3 L BRAS"},"content":{"rendered":"<p>FBM-Slush-Dispenser f\u00fcr die Herstellung und den Vertrieb von Slush und anderen eisgek\u00fchlten Getr\u00e4nken wie Sorbet, Cocktails und Cold Creams.<\/p>\n<ul>\n<li>Die Linie umfasst \u00e4u\u00dferst kompakte und zuverl\u00e4ssige Modelle mit 1, 2 oder 3 Beh\u00e4ltern<\/li>\n<li>Ihre \"Gesamt\"-Anzeigekapazit\u00e4t erh\u00f6ht die Zahl der Verbraucher und bringt hohe Gewinne.<\/li>\n<li>10-Liter-Beh\u00e4lter aus schlagfestem Polycarbonat f\u00fcr Lebensmittel.<\/li>\n<li>Thermostate f\u00fcr den gek\u00fchlten Betrieb und die Lagerung \u00fcber Nacht<\/li>\n<li>Ausgestattet mit einem leichten und patentierten Magnetantriebssystem<\/li>\n<\/ul>\n<hr \/>\n<p><strong>Technische Daten<\/strong><\/p>\n<table class=\"table table-striped\" width=\"367\">\n<tbody>\n<tr>\n<td width=\"297\">Abmessungen (BxHxT) mm: 540 x 690 x 470<\/td>\n<\/tr>\n<tr>\n<td width=\"297\">Stromversorgung: 230V 50\/60Hz F+N<\/td>\n<\/tr>\n<tr>\n<td width=\"297\">Gewicht: 49 kg<\/td>\n<\/tr>\n<tr>\n<td width=\"297\">Tragf\u00e4higkeit: 54 kg<\/td>\n<\/tr>\n<tr>\n<td width=\"297\">Anzahl der Beh\u00e4lter: 3 x 10 Liter<\/td>\n<\/tr>\n<\/tbody>\n<\/table>","protected":false},"excerpt":{"rendered":"<p>Distributore Di granita FBM per la produzione e la distribuzione di granita e altre bevande ghiacciate quali sorbetto, cocktails e creme fredde. La linea comprende modelli estremamente compatti ed affidabili con 1, 2 o 3 contenitori La loro &#8220;Totale&#8221; capacit\u00e0 espositiva fa aumentare il numero delle consumazioni e procura altissimi profitti. Contenitori da 10 litri [&#8230;]","protected":false},"featured_media":6573,"comment_status":"closed","ping_status":"closed","template":"","meta":{"_monsterinsights_skip_tracking":false,"_monsterinsights_sitenote_active":false,"_monsterinsights_sitenote_note":"","_monsterinsights_sitenote_category":0},"product_brand":[618],"product_cat":[207],"product_tag":[],"class_list":{"0":"post-6568","1":"product","2":"type-product","3":"status-publish","4":"has-post-thumbnail","6":"product_brand-bras","7":"product_cat-granitori","8":"product_shipping_class-38","9":"pa_marca-bras","11":"first","12":"instock","13":"taxable","14":"shipping-taxable","15":"purchasable","16":"product-type-simple"},"_links":{"self":[{"href":"https:\/\/www.creaearredanegozi.it\/de\/wp-json\/wp\/v2\/product\/6568","targetHints":{"allow":["GET"]}}],"collection":[{"href":"https:\/\/www.creaearredanegozi.it\/de\/wp-json\/wp\/v2\/product"}],"about":[{"href":"https:\/\/www.creaearredanegozi.it\/de\/wp-json\/wp\/v2\/types\/product"}],"replies":[{"embeddable":true,"href":"https:\/\/www.creaearredanegozi.it\/de\/wp-json\/wp\/v2\/comments?post=6568"}],"wp:featuredmedia":[{"embeddable":true,"href":"https:\/\/www.creaearredanegozi.it\/de\/wp-json\/wp\/v2\/media\/6573"}],"wp:attachment":[{"href":"https:\/\/www.creaearredanegozi.it\/de\/wp-json\/wp\/v2\/media?parent=6568"}],"wp:term":[{"taxonomy":"product_brand","embeddable":true,"href":"https:\/\/www.creaearredanegozi.it\/de\/wp-json\/wp\/v2\/product_brand?post=6568"},{"taxonomy":"product_cat","embeddable":true,"href":"https:\/\/www.creaearredanegozi.it\/de\/wp-json\/wp\/v2\/product_cat?post=6568"},{"taxonomy":"product_tag","embeddable":true,"href":"https:\/\/www.creaearredanegozi.it\/de\/wp-json\/wp\/v2\/product_tag?post=6568"}],"curies":[{"name":"wp","href":"https:\/\/api.w.org\/{rel}","templated":true}]}}