{"id":6574,"date":"2016-02-29T14:07:24","date_gmt":"2016-02-29T13:07:24","guid":{"rendered":"https:\/\/www.creaearredanegozi.it\/shop\/attrezzature-bar\/distributore-bevande-fredde-8-litri-inox-maestrale-jolly-bras\/"},"modified":"2024-01-15T12:14:18","modified_gmt":"2024-01-15T11:14:18","slug":"distributore-bevande-fredde-8-litri-inox-maestrale-jolly-bras","status":"publish","type":"product","link":"https:\/\/www.creaearredanegozi.it\/de\/distributore-bevande-fredde-8-litri-inox-maestrale-jolly-bras\/","title":{"rendered":"Spender f\u00fcr kalte Getr\u00e4nke 8 Liter Inox Maestrale Jolly BRAS"},"content":{"rendered":"<h2>BRAS Maestrale Jolly 8.1 distributore di bevande fredde<\/h2>\n<p>Einfach und vielseitig, entwickelt f\u00fcr die K\u00fchlung und den Ausschank von besonders empfindlichen Getr\u00e4nken ohne Kohlens\u00e4ure dank der magnetisch angetriebenen Tauchturbine.<\/p>\n<p>A richiesta sono disponibili modelli dotati di rubinetto a gravit\u00e0 e\/o di pompa magnetica ad effetto fontana.<\/p>\n<p>Contenitore da 8 litri in policarbonato antiurto per alimenti<\/p>\n<hr \/>\n<p><strong>Technische Daten<\/strong><\/p>\n<table class=\"table table-striped\" width=\"100%\">\n<tbody>\n<tr>\n<td width=\"297\">Dimensione (LxHxP) mm: 180 x 630 x 400<\/td>\n<\/tr>\n<tr>\n<td width=\"297\">Stromversorgung: 230V 50\/60Hz F+N<\/td>\n<\/tr>\n<tr>\n<td width=\"297\">Peso: 14 Kg<\/td>\n<\/tr>\n<tr>\n<td width=\"297\">Portata: 15 Kg<\/td>\n<\/tr>\n<tr>\n<td width=\"297\">N\u00b0 Contenitori: 1 da 8 Litri<\/td>\n<\/tr>\n<\/tbody>\n<\/table>\n<p><img decoding=\"async\" class=\"aligncenter size-full wp-image-12822\" src=\"https:\/\/www.creaearredanegozi.it\/wp-content\/uploads\/2016\/02\/MAESTRALE_EXTRA_990X330_IT.jpg\" alt=\"\" width=\"990\" height=\"330\" title=\"\" srcset=\"https:\/\/www.creaearredanegozi.it\/wp-content\/uploads\/2016\/02\/MAESTRALE_EXTRA_990X330_IT.jpg 990w, https:\/\/www.creaearredanegozi.it\/wp-content\/uploads\/2016\/02\/MAESTRALE_EXTRA_990X330_IT-516x172.jpg 516w, https:\/\/www.creaearredanegozi.it\/wp-content\/uploads\/2016\/02\/MAESTRALE_EXTRA_990X330_IT-64x21.jpg 64w, https:\/\/www.creaearredanegozi.it\/wp-content\/uploads\/2016\/02\/MAESTRALE_EXTRA_990X330_IT-200x67.jpg 200w, https:\/\/www.creaearredanegozi.it\/wp-content\/uploads\/2016\/02\/MAESTRALE_EXTRA_990X330_IT-500x167.jpg 500w, https:\/\/www.creaearredanegozi.it\/wp-content\/uploads\/2016\/02\/MAESTRALE_EXTRA_990X330_IT-768x256.jpg 768w, https:\/\/www.creaearredanegozi.it\/wp-content\/uploads\/2016\/02\/MAESTRALE_EXTRA_990X330_IT-645x215.jpg 645w, https:\/\/www.creaearredanegozi.it\/wp-content\/uploads\/2016\/02\/MAESTRALE_EXTRA_990X330_IT-560x187.jpg 560w, https:\/\/www.creaearredanegozi.it\/wp-content\/uploads\/2016\/02\/MAESTRALE_EXTRA_990X330_IT-750x250.jpg 750w, https:\/\/www.creaearredanegozi.it\/wp-content\/uploads\/2016\/02\/MAESTRALE_EXTRA_990X330_IT-400x133.jpg 400w, https:\/\/www.creaearredanegozi.it\/wp-content\/uploads\/2016\/02\/MAESTRALE_EXTRA_990X330_IT-510x170.jpg 510w\" sizes=\"(max-width: 990px) 100vw, 990px\" \/><\/p>","protected":false},"excerpt":{"rendered":"<p>BRAS Maestrale Jolly 8.1 distributore di bevande fredde Semplici e versatili, progettati per raffreddare ed erogare bevande non gassate particolarmente delicate grazie alla turbina sommersa ad azionamento magnetico. A richiesta sono disponibili modelli dotati di rubinetto a gravit\u00e0 e\/o di pompa magnetica ad effetto fontana. Contenitore da 8 litri in policarbonato antiurto per alimenti Dati [&#8230;]","protected":false},"featured_media":6575,"comment_status":"closed","ping_status":"closed","template":"","meta":{"_monsterinsights_skip_tracking":false,"_monsterinsights_sitenote_active":false,"_monsterinsights_sitenote_note":"","_monsterinsights_sitenote_category":0},"product_brand":[618],"product_cat":[10,207],"product_tag":[],"class_list":{"0":"post-6574","1":"product","2":"type-product","3":"status-publish","4":"has-post-thumbnail","6":"product_brand-bras","7":"product_cat-attrezzature-bar","8":"product_cat-granitori","9":"product_shipping_class-f","10":"pa_marca-bras","12":"first","13":"instock","14":"taxable","15":"shipping-taxable","16":"purchasable","17":"product-type-simple"},"_links":{"self":[{"href":"https:\/\/www.creaearredanegozi.it\/de\/wp-json\/wp\/v2\/product\/6574","targetHints":{"allow":["GET"]}}],"collection":[{"href":"https:\/\/www.creaearredanegozi.it\/de\/wp-json\/wp\/v2\/product"}],"about":[{"href":"https:\/\/www.creaearredanegozi.it\/de\/wp-json\/wp\/v2\/types\/product"}],"replies":[{"embeddable":true,"href":"https:\/\/www.creaearredanegozi.it\/de\/wp-json\/wp\/v2\/comments?post=6574"}],"wp:featuredmedia":[{"embeddable":true,"href":"https:\/\/www.creaearredanegozi.it\/de\/wp-json\/wp\/v2\/media\/6575"}],"wp:attachment":[{"href":"https:\/\/www.creaearredanegozi.it\/de\/wp-json\/wp\/v2\/media?parent=6574"}],"wp:term":[{"taxonomy":"product_brand","embeddable":true,"href":"https:\/\/www.creaearredanegozi.it\/de\/wp-json\/wp\/v2\/product_brand?post=6574"},{"taxonomy":"product_cat","embeddable":true,"href":"https:\/\/www.creaearredanegozi.it\/de\/wp-json\/wp\/v2\/product_cat?post=6574"},{"taxonomy":"product_tag","embeddable":true,"href":"https:\/\/www.creaearredanegozi.it\/de\/wp-json\/wp\/v2\/product_tag?post=6574"}],"curies":[{"name":"wp","href":"https:\/\/api.w.org\/{rel}","templated":true}]}}