{"id":6576,"date":"2016-02-29T14:20:16","date_gmt":"2016-02-29T13:20:16","guid":{"rendered":"https:\/\/www.creaearredanegozi.it\/shop\/attrezzature-bar\/distributore-bevande-fredde-16-litri-88-inox-maestrale-jolly-bras\/"},"modified":"2025-10-21T13:27:02","modified_gmt":"2025-10-21T11:27:02","slug":"kaltgetrankespender-16-liter-88-edelstahl-maestrale-jolly-bras","status":"publish","type":"product","link":"https:\/\/www.creaearredanegozi.it\/de\/kaltgetrankespender-16-liter-88-edelstahl-maestrale-jolly-bras\/","title":{"rendered":"Kaltgetr\u00e4nkespender 16 Liter (8+8) Inox Maestrale Jolly BRAS"},"content":{"rendered":"<p><strong>Spender f\u00fcr kalte Getr\u00e4nke<\/strong><\/p>\n<p>Einfach und vielseitig, entwickelt f\u00fcr die K\u00fchlung und den Ausschank von besonders empfindlichen Getr\u00e4nken ohne Kohlens\u00e4ure dank der magnetisch angetriebenen Tauchturbine.<\/p>\n<p>Auf Anfrage sind Modelle mit Schwerkraftzapfstelle (+21 \u20ac pro Wanne) und\/oder einer magnetischen Springbrunnenpumpe erh\u00e4ltlich.<\/p>\n<p>8+8-Liter-Beh\u00e4lter aus lebensmittelechtem Polycarbonat<\/p>\n<hr \/>\n<p><strong>Technische Daten<\/strong><\/p>\n<table class=\"table table-striped\" width=\"367\">\n<tbody>\n<tr>\n<td width=\"297\">Abmessungen (BxHxT) mm: 250 x 630 x 400<\/td>\n<\/tr>\n<tr>\n<td width=\"297\">Stromversorgung: 230V 50\/60Hz F+N<\/td>\n<\/tr>\n<tr>\n<td width=\"297\">Gewicht: 17 kg<\/td>\n<\/tr>\n<tr>\n<td width=\"297\">Tragf\u00e4higkeit: 19 kg<\/td>\n<\/tr>\n<tr>\n<td width=\"297\">Anzahl der Beh\u00e4lter: 2 x 8 Liter<\/td>\n<\/tr>\n<\/tbody>\n<\/table>\n<p><img decoding=\"async\" class=\"immresp aligncenter wp-image-15000 size-full\" src=\"https:\/\/www.creaearredanegozi.it\/wp-content\/uploads\/2018\/08\/MAESTRALE_JOLLY_580X330_IT.jpg\" alt=\"\" width=\"580\" height=\"330\" title=\"\" srcset=\"https:\/\/www.creaearredanegozi.it\/wp-content\/uploads\/2018\/08\/MAESTRALE_JOLLY_580X330_IT.jpg 580w, https:\/\/www.creaearredanegozi.it\/wp-content\/uploads\/2018\/08\/MAESTRALE_JOLLY_580X330_IT-516x294.jpg 516w, https:\/\/www.creaearredanegozi.it\/wp-content\/uploads\/2018\/08\/MAESTRALE_JOLLY_580X330_IT-64x36.jpg 64w, https:\/\/www.creaearredanegozi.it\/wp-content\/uploads\/2018\/08\/MAESTRALE_JOLLY_580X330_IT-200x114.jpg 200w, https:\/\/www.creaearredanegozi.it\/wp-content\/uploads\/2018\/08\/MAESTRALE_JOLLY_580X330_IT-500x284.jpg 500w, https:\/\/www.creaearredanegozi.it\/wp-content\/uploads\/2018\/08\/MAESTRALE_JOLLY_580X330_IT-560x319.jpg 560w, https:\/\/www.creaearredanegozi.it\/wp-content\/uploads\/2018\/08\/MAESTRALE_JOLLY_580X330_IT-400x228.jpg 400w\" sizes=\"(max-width: 580px) 100vw, 580px\" \/><\/p>","protected":false},"excerpt":{"rendered":"<p>Distributore di bevande fredde Semplici e versatili, progettati per raffreddare ed erogare bevande non gassate particolarmente delicate grazie alla turbina sommersa ad azionamento magnetico. A richiesta sono disponibili modelli dotati di rubinetto a gravit\u00e0 (+21\u20ac per vasca) e\/o di pompa magnetica ad effetto fontana. Contenitore da 8+8 litri in policarbonato antiurto per alimenti Dati Tecnici [&#8230;]","protected":false},"featured_media":6578,"comment_status":"closed","ping_status":"closed","template":"","meta":{"_monsterinsights_skip_tracking":false,"_monsterinsights_sitenote_active":false,"_monsterinsights_sitenote_note":"","_monsterinsights_sitenote_category":0},"product_brand":[618],"product_cat":[207],"product_tag":[],"class_list":{"0":"post-6576","1":"product","2":"type-product","3":"status-publish","4":"has-post-thumbnail","6":"product_brand-bras","7":"product_cat-granitori","8":"product_shipping_class-38","9":"pa_marca-bras","11":"first","12":"instock","13":"taxable","14":"shipping-taxable","15":"purchasable","16":"product-type-simple"},"_links":{"self":[{"href":"https:\/\/www.creaearredanegozi.it\/de\/wp-json\/wp\/v2\/product\/6576","targetHints":{"allow":["GET"]}}],"collection":[{"href":"https:\/\/www.creaearredanegozi.it\/de\/wp-json\/wp\/v2\/product"}],"about":[{"href":"https:\/\/www.creaearredanegozi.it\/de\/wp-json\/wp\/v2\/types\/product"}],"replies":[{"embeddable":true,"href":"https:\/\/www.creaearredanegozi.it\/de\/wp-json\/wp\/v2\/comments?post=6576"}],"wp:featuredmedia":[{"embeddable":true,"href":"https:\/\/www.creaearredanegozi.it\/de\/wp-json\/wp\/v2\/media\/6578"}],"wp:attachment":[{"href":"https:\/\/www.creaearredanegozi.it\/de\/wp-json\/wp\/v2\/media?parent=6576"}],"wp:term":[{"taxonomy":"product_brand","embeddable":true,"href":"https:\/\/www.creaearredanegozi.it\/de\/wp-json\/wp\/v2\/product_brand?post=6576"},{"taxonomy":"product_cat","embeddable":true,"href":"https:\/\/www.creaearredanegozi.it\/de\/wp-json\/wp\/v2\/product_cat?post=6576"},{"taxonomy":"product_tag","embeddable":true,"href":"https:\/\/www.creaearredanegozi.it\/de\/wp-json\/wp\/v2\/product_tag?post=6576"}],"curies":[{"name":"wp","href":"https:\/\/api.w.org\/{rel}","templated":true}]}}