{"id":6627,"date":"2016-03-11T12:26:30","date_gmt":"2016-03-11T11:26:30","guid":{"rendered":"https:\/\/www.creaearredanegozi.it\/shop\/vetrine\/vetrina-refrigerata-per-carni-2-ante-1-6-1500x73x200-tecfrigo\/"},"modified":"2023-07-03T19:50:11","modified_gmt":"2023-07-03T17:50:11","slug":"vetrina-refrigerata-per-carni-2-ante-1-6-1500x73x200-tecfrigo","status":"publish","type":"product","link":"https:\/\/www.creaearredanegozi.it\/de\/vetrina-refrigerata-per-carni-2-ante-1-6-1500x73x200-tecfrigo\/","title":{"rendered":"K\u00fchlvitrine f\u00fcr Fleisch 2 T\u00fcren +1 +6 1500x73x200 Tecfrigo"},"content":{"rendered":"<h3 class=\"product_title entry-title\">MEAT 1151<\/h3>\n<div class=\"woocommerce-product-details__short-description\">\n<p>Unica nella sua categoria, la linea <strong>Meat<\/strong> ha un telaio interamente in alluminio anodizzato estruso, colore argento, personalizzabile <strong>RAL<\/strong> e bronzo.<br \/>\nGriglie di ventilazione in acciaio inossidabile.<br \/>\nDreischeiben-Doppelverglasung auf jeder Seite, gerahmt und versiegelt, mit Trockenluftisolierung, f\u00fcr maximale Isolierleistung.<br \/>\nGriglie a filo in acciaio regolabili in altezza e ganci ideali per carne.<br \/>\nBeleuchtung bei <strong>LED<\/strong> mit hoher Lichtausbeute und Energieeinsparung.<br \/>\nCentralina elettronica con display e cruscotto comandi con sportello trasparente di sicurezza (<strong>versione Dry-Aged con anche regolatore elettronico umidit\u00e0 ed ulteriore display<\/strong>).<br \/>\nEdelstahl-Lenkrollen.<br \/>\nLa linea Meat \u00e8 disponibile con <strong>ulteriori personalizzazioni<\/strong> ed accessori per soddisfare le varie esigenze. Contattaci per maggiori informazioni.<\/p>\n<\/div>\n<div>\n<ul>\n<li class=\"temperature\"><strong>Temperatura (\u00b0C): <\/strong>+1\/+6<\/li>\n<li><strong>Abmessungen LxBxH (mm): <\/strong>1542x730x2005<\/li>\n<li><strong>Refrigerazione: <\/strong>Statik<\/li>\n<li><strong>Fassungsverm\u00f6gen (L): <\/strong>1150<\/li>\n<li><strong>Ripiani: <\/strong>n\u00b0 6 mm. 555&#215;650<\/li>\n<\/ul>\n<div>\n<h6 id=\"ui-id-1\" class=\"title-holder clearfix additional_information_tab ui-accordion-header ui-helper-reset ui-corner-top ui-state-hover\" tabindex=\"0\" role=\"tab\" aria-controls=\"ui-id-2\" aria-selected=\"true\" aria-expanded=\"true\"><span class=\"tab-title\">ALTRE INFORMAZIONI<\/span><\/h6>\n<div id=\"ui-id-2\" class=\"accordion_content ui-accordion-content ui-helper-reset ui-widget-content ui-corner-bottom\" role=\"tabpanel\" aria-labelledby=\"ui-id-1\" aria-hidden=\"false\">\n<div class=\"accordion_content_inner\">\n<ul class=\"single-product-fields\">\n<li><strong>Absorption (W)<\/strong>&#8211;<\/li>\n<li><strong>Umidit\u00e0 (%) <\/strong>75<\/li>\n<li><strong>Art der Abtauung <\/strong>Automatische Pause<\/li>\n<li><strong>Verdunstung <\/strong>AUT<\/li>\n<li><strong>Voltaggio (V) <\/strong>230v\/1\/50Hz<\/li>\n<li><strong>K\u00e4ltemittelgas <\/strong>R290<\/li>\n<li><strong>Nettogewicht (kg) <\/strong>319<\/li>\n<li><strong>Schloss <\/strong>Optional<\/li>\n<li><strong>Luce <\/strong>Led<\/li>\n<li class=\"colori-standard color-palette\"><strong>Colori standard: <\/strong>Silber<\/li>\n<li class=\"colori-optional color-palette\"><strong>Colori optional: <\/strong>Bronzo, oro, platino, ral<\/li>\n<\/ul>\n<\/div>\n<\/div>\n<\/div>\n<\/div>","protected":false},"excerpt":{"rendered":"<p>MEAT 1151 Unica nella sua categoria, la linea Meat ha un telaio interamente in alluminio anodizzato estruso, colore argento, personalizzabile RAL e bronzo. Griglie di ventilazione in acciaio inossidabile. Doppia vetrocamera a tre lastre su ogni lato, intelaiata e sigillata, con isolamento ad aria secca, per le massime performance di coibentazione. Griglie a filo in [&#8230;]","protected":false},"featured_media":28382,"comment_status":"closed","ping_status":"closed","template":"","meta":{"_monsterinsights_skip_tracking":false,"_monsterinsights_sitenote_active":false,"_monsterinsights_sitenote_note":"","_monsterinsights_sitenote_category":0},"product_brand":[],"product_cat":[256,28],"product_tag":[],"class_list":{"0":"post-6627","1":"product","2":"type-product","3":"status-publish","4":"has-post-thumbnail","6":"product_cat-fredde","7":"product_cat-vetrine","8":"product_shipping_class-h","10":"first","11":"instock","12":"taxable","13":"shipping-taxable","14":"purchasable","15":"product-type-simple"},"_links":{"self":[{"href":"https:\/\/www.creaearredanegozi.it\/de\/wp-json\/wp\/v2\/product\/6627","targetHints":{"allow":["GET"]}}],"collection":[{"href":"https:\/\/www.creaearredanegozi.it\/de\/wp-json\/wp\/v2\/product"}],"about":[{"href":"https:\/\/www.creaearredanegozi.it\/de\/wp-json\/wp\/v2\/types\/product"}],"replies":[{"embeddable":true,"href":"https:\/\/www.creaearredanegozi.it\/de\/wp-json\/wp\/v2\/comments?post=6627"}],"wp:featuredmedia":[{"embeddable":true,"href":"https:\/\/www.creaearredanegozi.it\/de\/wp-json\/wp\/v2\/media\/28382"}],"wp:attachment":[{"href":"https:\/\/www.creaearredanegozi.it\/de\/wp-json\/wp\/v2\/media?parent=6627"}],"wp:term":[{"taxonomy":"product_brand","embeddable":true,"href":"https:\/\/www.creaearredanegozi.it\/de\/wp-json\/wp\/v2\/product_brand?post=6627"},{"taxonomy":"product_cat","embeddable":true,"href":"https:\/\/www.creaearredanegozi.it\/de\/wp-json\/wp\/v2\/product_cat?post=6627"},{"taxonomy":"product_tag","embeddable":true,"href":"https:\/\/www.creaearredanegozi.it\/de\/wp-json\/wp\/v2\/product_tag?post=6627"}],"curies":[{"name":"wp","href":"https:\/\/api.w.org\/{rel}","templated":true}]}}