{"id":6722,"date":"2016-03-18T10:58:48","date_gmt":"2016-03-18T09:58:48","guid":{"rendered":"https:\/\/www.creaearredanegozi.it\/?post_type=product&#038;p=6722"},"modified":"2025-12-03T20:39:14","modified_gmt":"2025-12-03T19:39:14","slug":"edelstahl-backblechwagen-fur-14-backbleche-60x40-achsabstand-8cm-furcar-ca-1492r","status":"publish","type":"product","link":"https:\/\/www.creaearredanegozi.it\/de\/edelstahl-backblechwagen-fur-14-backbleche-60x40-achsabstand-8cm-furcar-ca-1492r\/","title":{"rendered":"Edelstahl-Backblechwagen f\u00fcr 14 Backbleche 60\u00d740 mit 8cm Radstand Forcar CA 1492R"},"content":{"rendered":"<h3>Forcar professioneller Tablettwagen aus Edelstahl<\/h3>\n<p><strong>CA 1492R Tablettwagen<\/strong><\/p>\n<ul>\n<li>Verst\u00e4rkter GN-Wagen.<\/li>\n<li>Gestell aus rostfreiem Stahl 25\u00d725 cm.<\/li>\n<li>1,2 mm dicke F\u00fchrungen aus rostfreiem Stahl.<\/li>\n<li>Gummi-Sto\u00dff\u00e4nger.<\/li>\n<li>Kapazit\u00e4t: 14 Backbleche 60\u00d740<\/li>\n<li>Abmessungen 53 x 72 x 181(h) cm<\/li>\n<li>Multidirektionale R\u00e4der \u00f8 125 mm.<\/li>\n<li>Achsabstand 8 cm.<\/li>\n<li>Pfannen ausgeschlossen.<\/li>\n<\/ul>\n<p>Optional<\/p>\n<ul>\n<li>Satz mit 2 zus\u00e4tzlichen R\u00e4dern mit Bremse.<\/li>\n<li>Tablett 60x40x2(h) cm: Blurex, aluminisiert, Aluminium.<\/li>\n<\/ul>","protected":false},"excerpt":{"rendered":"<p>Carrello porta teglie professionale in acciaio inox Forcar Carrello portateglie CA 1492R Carrello portateglie GN rinforzato. Struttura tubolare in acciaio inox 25\u00d725 cm. Guide in acciaio inox di spessore 1,2 mm. Paracolpi in gomma. Capacit\u00e0: 14 teglie 60&#215;40 Dimensioni 53 x 72 x 181(h) cm Ruote multidirezionali \u00f8 125 mm. Interasse 8 cm. Teglie escluse. [&#8230;]","protected":false},"featured_media":123379,"comment_status":"closed","ping_status":"closed","template":"","meta":{"_monsterinsights_skip_tracking":false,"_monsterinsights_sitenote_active":false,"_monsterinsights_sitenote_note":"","_monsterinsights_sitenote_category":0},"product_brand":[624],"product_cat":[276,210,29],"product_tag":[],"class_list":{"0":"post-6722","1":"product","2":"type-product","3":"status-publish","4":"has-post-thumbnail","6":"product_brand-forcar","7":"product_cat-carrelli-di-servizio","8":"product_cat-carrelli-portapiatti","9":"product_cat-cesteria-e-carrelli","10":"product_shipping_class-f","12":"first","13":"instock","14":"sale","15":"taxable","16":"shipping-taxable","17":"purchasable","18":"product-type-simple"},"_links":{"self":[{"href":"https:\/\/www.creaearredanegozi.it\/de\/wp-json\/wp\/v2\/product\/6722","targetHints":{"allow":["GET"]}}],"collection":[{"href":"https:\/\/www.creaearredanegozi.it\/de\/wp-json\/wp\/v2\/product"}],"about":[{"href":"https:\/\/www.creaearredanegozi.it\/de\/wp-json\/wp\/v2\/types\/product"}],"replies":[{"embeddable":true,"href":"https:\/\/www.creaearredanegozi.it\/de\/wp-json\/wp\/v2\/comments?post=6722"}],"wp:featuredmedia":[{"embeddable":true,"href":"https:\/\/www.creaearredanegozi.it\/de\/wp-json\/wp\/v2\/media\/123379"}],"wp:attachment":[{"href":"https:\/\/www.creaearredanegozi.it\/de\/wp-json\/wp\/v2\/media?parent=6722"}],"wp:term":[{"taxonomy":"product_brand","embeddable":true,"href":"https:\/\/www.creaearredanegozi.it\/de\/wp-json\/wp\/v2\/product_brand?post=6722"},{"taxonomy":"product_cat","embeddable":true,"href":"https:\/\/www.creaearredanegozi.it\/de\/wp-json\/wp\/v2\/product_cat?post=6722"},{"taxonomy":"product_tag","embeddable":true,"href":"https:\/\/www.creaearredanegozi.it\/de\/wp-json\/wp\/v2\/product_tag?post=6722"}],"curies":[{"name":"wp","href":"https:\/\/api.w.org\/{rel}","templated":true}]}}