{"id":6818,"date":"2016-03-31T13:08:14","date_gmt":"2016-03-31T11:08:14","guid":{"rendered":"https:\/\/www.creaearredanegozi.it\/shop\/attrezzature-per-pizzeria-attrezzi-pizzaiolo\/vetrine-refrigerate-porta-ingredienti-pizzeria\/vetrina-refrigerata-porta-ingredienti-pizzeria-da-appoggio-14-mt-6-x-gn14-forcar\/"},"modified":"2025-12-07T03:41:04","modified_gmt":"2025-12-07T02:41:04","slug":"kuhlvitrine-fur-pizzazutaten-14-mt-6-x-gn1-4-forcar-g-ri14033v","status":"publish","type":"product","link":"https:\/\/www.creaearredanegozi.it\/de\/kuhlvitrine-fur-pizzazutaten-14-mt-6-x-gn1-4-forcar-g-ri14033v\/","title":{"rendered":"K\u00fchlvitrine f\u00fcr Pizzeria Zutaten 1,4 m - 6 x GN1\/4 Forcar G-RI14033V"},"content":{"rendered":"<h3 class=\"blocco_pag\">STATISCHE PIZZAK\u00dcHLVITRINEN<\/h3>\n<p class=\"blocco_pag\"><strong>Professionelle Vitrine Pizzeria G-RI14033V<\/strong><\/p>\n<ul>\n<li>Innere und \u00e4u\u00dfere Struktur vollst\u00e4ndig aus rostfreiem Stahl gefertigt <strong>AISI 304<\/strong>.<\/li>\n<li>Statische K\u00fchlung.<\/li>\n<li>Eingebaute Gruppe.<\/li>\n<li>Digitaler Thermostat zur Temperaturregelung.<\/li>\n<li>Dicke der Isolierung 45 mm.<\/li>\n<li>Inklusive Schutzglas.<\/li>\n<\/ul>\n<p>Geeignet f\u00fcr die Aufnahme von 6 Gastronormschalen 1\/4 aus Edelstahl oder Polycarbonat mit einer maximalen Tiefe von 150 mm.<\/p>\n<hr \/>\n<p><strong>Technische Daten<\/strong><\/p>\n<table style=\"border-collapse: collapse; width: 100%;\">\n<tbody>\n<tr>\n<td style=\"width: 50%;\"><strong>Modell<\/strong><\/td>\n<td style=\"width: 50%;\"><strong>G-RI14033V<\/strong><\/td>\n<\/tr>\n<tr>\n<td style=\"width: 50%;\">Temperatur<\/td>\n<td style=\"width: 50%;\">+2\u00b0C \/ +8\u00b0C<\/td>\n<\/tr>\n<tr>\n<td style=\"width: 50%;\">Au\u00dfenma\u00dfe mit Verglasung<\/td>\n<td style=\"width: 50%;\">1400 x 330 x 435(h) mm<\/td>\n<\/tr>\n<tr>\n<td style=\"width: 50%;\">Au\u00dfenma\u00dfe ohne Verglasung<\/td>\n<td style=\"width: 50%;\">1400 x 330 x 230(h) mm<\/td>\n<\/tr>\n<tr>\n<td style=\"width: 50%;\">Innere Abmessungen<\/td>\n<td style=\"width: 50%;\">1050x 245 x 150(h) mm<\/td>\n<\/tr>\n<tr>\n<td style=\"width: 50%;\">Kapazit\u00e4t<\/td>\n<td style=\"width: 50%;\">6x GN1\/4<\/td>\n<\/tr>\n<tr>\n<td style=\"width: 50%;\">Maximale Arbeitstemperatur<\/td>\n<td style=\"width: 50%;\">+32\u00b0C \/ 55%HR<\/td>\n<\/tr>\n<tr>\n<td style=\"width: 50%;\">Art der K\u00fchlung<\/td>\n<td style=\"width: 50%;\">Statik<\/td>\n<\/tr>\n<tr>\n<td style=\"width: 50%;\">Art der Abtauung<\/td>\n<td style=\"width: 50%;\">ein Zwischenstopp<\/td>\n<\/tr>\n<tr>\n<td style=\"width: 50%;\">Art des K\u00e4ltemittelgases<\/td>\n<td style=\"width: 50%;\">R600a<\/td>\n<\/tr>\n<tr>\n<td style=\"width: 50%;\">Kondenswasserverdunstung<\/td>\n<td style=\"width: 50%;\">Handbuch<\/td>\n<\/tr>\n<tr>\n<td style=\"width: 50%;\">Temperaturkontrolle<\/td>\n<td style=\"width: 50%;\">elektronisch<\/td>\n<\/tr>\n<tr>\n<td style=\"width: 50%;\">Isolierung (mm)<\/td>\n<td style=\"width: 50%;\">45<\/td>\n<\/tr>\n<tr>\n<td style=\"width: 50%;\">Absorption (W)<\/td>\n<td style=\"width: 50%;\">110<\/td>\n<\/tr>\n<tr>\n<td style=\"width: 50%;\">Spannung<\/td>\n<td style=\"width: 50%;\">230V \/ 50Hz<\/td>\n<\/tr>\n<tr>\n<td style=\"width: 50%;\">Baumaterial<\/td>\n<td style=\"width: 50%;\">Rostfreier Stahl AISI 304<\/td>\n<\/tr>\n<tr>\n<td style=\"width: 50%;\">Innenbeleuchtung<\/td>\n<td style=\"width: 50%;\">keine<\/td>\n<\/tr>\n<tr>\n<td style=\"width: 50%;\">Mitgeliefertes Zubeh\u00f6r<\/td>\n<td style=\"width: 50%;\">Glasbausatz<\/td>\n<\/tr>\n<\/tbody>\n<\/table>\n<p>&nbsp;<\/p>\n<hr \/>\n<p><b>Optional<\/b><\/p>\n<ul>\n<li>Paar Konsolen mit F\u00fc\u00dfen (h100-150-200 cm)<\/li>\n<li>Paar Wandhalterungen.<\/li>\n<\/ul>\n<p>Verf\u00fcgbare Modelle und Gr\u00f6\u00dfen<\/p>\n<p><img decoding=\"async\" class=\"alignnone size-full wp-image-124684\" src=\"https:\/\/www.creaearredanegozi.it\/wp-content\/uploads\/2016\/03\/serie330.jpg\" alt=\"\" width=\"100%\" height=\"auto\" title=\"\" srcset=\"https:\/\/www.creaearredanegozi.it\/wp-content\/uploads\/2016\/03\/serie330.jpg 600w, https:\/\/www.creaearredanegozi.it\/wp-content\/uploads\/2016\/03\/serie330-250x250.jpg 250w, https:\/\/www.creaearredanegozi.it\/wp-content\/uploads\/2016\/03\/serie330-100x100.jpg 100w, https:\/\/www.creaearredanegozi.it\/wp-content\/uploads\/2016\/03\/serie330-516x516.jpg 516w, https:\/\/www.creaearredanegozi.it\/wp-content\/uploads\/2016\/03\/serie330-64x64.jpg 64w, https:\/\/www.creaearredanegozi.it\/wp-content\/uploads\/2016\/03\/serie330-400x400.jpg 400w, https:\/\/www.creaearredanegozi.it\/wp-content\/uploads\/2016\/03\/serie330-280x280.jpg 280w\" sizes=\"(max-width: 600px) 100vw, 600px\" \/><\/p>","protected":false},"excerpt":{"rendered":"<p>VETRINE REFRIGERATE PIZZA STATICHE Vetrina professionale pizzeria G-RI14033V Struttura interna ed esterna realizzata interamente in acciaio inox AISI 304. Refrigerazione statica. Gruppo incorporato. Termostato digitale per il controllo della temperatura. Spessore isolamento 45mm. Vetri di protezione inclusi. Idonea a contenere 6 bacinelle gastronorm 1\/4 inox o in policarbonato con profondit\u00e0 massima di 150mm. Dati Tecnici [&#8230;]","protected":false},"featured_media":124682,"comment_status":"closed","ping_status":"closed","template":"","meta":{"_monsterinsights_skip_tracking":false,"_monsterinsights_sitenote_active":false,"_monsterinsights_sitenote_note":"","_monsterinsights_sitenote_category":0},"product_brand":[624],"product_cat":[189],"product_tag":[],"class_list":{"0":"post-6818","1":"product","2":"type-product","3":"status-publish","4":"has-post-thumbnail","6":"product_brand-forcar","7":"product_cat-vetrine-refrigerate-porta-ingredienti-pizzeria","8":"product_shipping_class-206","9":"pa_marca-forcar","11":"first","12":"instock","13":"taxable","14":"shipping-taxable","15":"purchasable","16":"product-type-simple"},"_links":{"self":[{"href":"https:\/\/www.creaearredanegozi.it\/de\/wp-json\/wp\/v2\/product\/6818","targetHints":{"allow":["GET"]}}],"collection":[{"href":"https:\/\/www.creaearredanegozi.it\/de\/wp-json\/wp\/v2\/product"}],"about":[{"href":"https:\/\/www.creaearredanegozi.it\/de\/wp-json\/wp\/v2\/types\/product"}],"replies":[{"embeddable":true,"href":"https:\/\/www.creaearredanegozi.it\/de\/wp-json\/wp\/v2\/comments?post=6818"}],"wp:featuredmedia":[{"embeddable":true,"href":"https:\/\/www.creaearredanegozi.it\/de\/wp-json\/wp\/v2\/media\/124682"}],"wp:attachment":[{"href":"https:\/\/www.creaearredanegozi.it\/de\/wp-json\/wp\/v2\/media?parent=6818"}],"wp:term":[{"taxonomy":"product_brand","embeddable":true,"href":"https:\/\/www.creaearredanegozi.it\/de\/wp-json\/wp\/v2\/product_brand?post=6818"},{"taxonomy":"product_cat","embeddable":true,"href":"https:\/\/www.creaearredanegozi.it\/de\/wp-json\/wp\/v2\/product_cat?post=6818"},{"taxonomy":"product_tag","embeddable":true,"href":"https:\/\/www.creaearredanegozi.it\/de\/wp-json\/wp\/v2\/product_tag?post=6818"}],"curies":[{"name":"wp","href":"https:\/\/api.w.org\/{rel}","templated":true}]}}