{"id":6835,"date":"2016-04-05T13:34:36","date_gmt":"2016-04-05T11:34:36","guid":{"rendered":"https:\/\/www.creaearredanegozi.it\/shop\/macchine-di-precisione\/bilance\/bilancia-da-banco-iron-waage\/"},"modified":"2026-03-13T01:20:27","modified_gmt":"2026-03-13T00:20:27","slug":"eisenwaage-tischwaage","status":"publish","type":"product","link":"https:\/\/www.creaearredanegozi.it\/de\/eisenwaage-tischwaage\/","title":{"rendered":"Professionelle elektronische Tischwaage mit Klebebeleg"},"content":{"rendered":"<h3 style=\"text-align: center;\">Elektronische Waage mit Klebebon IRON<\/h3>\n<p>mechanische Tastatur, doppeltes LCD-Display f\u00fcr die Anzeige von Wiege-, Preis- und Tariftransaktionen, schneller Drucker, selbstklebendes Thermopapier, interne Batterien, sind eine Kombination aus Qualit\u00e4t und Zuverl\u00e4ssigkeit.<\/p>\n<div><strong>MERKMALE UND LEISTUNG<\/strong><\/div>\n<ul>\n<li>Beleuchtetes Gewicht-Preis-Menge-Tara-Display<\/li>\n<li>40-Tasten-Tastatur<\/li>\n<li>automatische Uhr- und Datumsanzeige<\/li>\n<li>wiederaufladbare interne Batterien<\/li>\n<li>6 Tasten f\u00fcr direkten Funktionsaufruf<\/li>\n<li>2 Betreiber<\/li>\n<li>Name des einzelnen Betreibers<\/li>\n<li>Belegkopf bestehend aus 5 Zeilen mit 26 Zeichen<\/li>\n<li>halbautomatisch, manuelles Tarieren<\/li>\n<li>Preisblock - Tara-Block<\/li>\n<li>Wiederer\u00f6ffnung der Quittung f\u00fcr den Betreiber<\/li>\n<li>Kopie der Quittung pro Betreiber<\/li>\n<li>Direkte PLUs - Tastaturartikel 8\u00d72<\/li>\n<li>100 Artikel - \u00fcber die Tastatur aufrufbar<\/li>\n<li>Druck eines EAN 13-Strichcodes<\/li>\n<li>Artikelsummen drucken<\/li>\n<li>Artikelsummen drucken<\/li>\n<\/ul>\n<div class=\"span4\">\n<div><strong>ABMESSUNGEN<\/strong><\/div>\n<div>Abmessungen: BxTxH 390x370x610h mm (H. Sockel 190mm)<\/div>\n<div>Plattengr\u00f6\u00dfe: 360\u00d7270 mm<\/div>\n<\/div>\n<div><\/div>\n<div><strong>Option Division<\/strong><\/div>\n<div>Es ist m\u00f6glich, die Skalenteilung in den folgenden Optionen zu w\u00e4hlen:<\/div>\n<div>\n<div><\/div>\n<\/div>\n<div>\n<table style=\"border-collapse: collapse; width: 100%;\">\n<tbody>\n<tr>\n<td style=\"width: 20%;\"><strong>6\/15 Kg div. 2\/5g<\/strong><\/td>\n<td style=\"width: 50%;\">Die Waage rundet auf das n\u00e4chste Vielfache von 2 Gramm, von 0,02 bis 6 kg, von 6,05 bis 15 kg rundet sie auf die n\u00e4chsten 5 Gramm, H\u00f6chstgewicht 15 kg<\/td>\n<\/tr>\n<tr>\n<td style=\"width: 20%;\"><strong>15\/30 Kg div. 5\/10g<\/strong><\/td>\n<td style=\"width: 50%;\">Die Waage rundet auf das n\u00e4chste Vielfache von 5 Gramm von 0,05 bis 15 kg, ab 15,10 kg rundet sie auf die n\u00e4chsten 10 Gramm, H\u00f6chstgewicht 30 kg<\/td>\n<\/tr>\n<\/tbody>\n<\/table>\n<\/div>\n<div>Wenn die Waage f\u00fcr den Thekenverkauf verwendet werden soll, muss die 2\/5g-Einteilung gew\u00e4hlt werden.<\/div>\n<div>\n<hr \/>\n<div style=\"text-align: center;\">LCD-DISPLAY<\/div>\n<div>\n<p><img decoding=\"async\" class=\"aligncenter wp-image-6838 size-full\" src=\"https:\/\/www.creaearredanegozi.it\/wp-content\/uploads\/2016\/04\/20150525_172344.jpg\" alt=\"Anzeige Eisenwaage\" width=\"467\" height=\"350\" title=\"\" srcset=\"https:\/\/www.creaearredanegozi.it\/wp-content\/uploads\/2016\/04\/20150525_172344.jpg 467w, https:\/\/www.creaearredanegozi.it\/wp-content\/uploads\/2016\/04\/20150525_172344-64x48.jpg 64w, https:\/\/www.creaearredanegozi.it\/wp-content\/uploads\/2016\/04\/20150525_172344-400x300.jpg 400w\" sizes=\"(max-width: 467px) 100vw, 467px\" \/><\/p>\n<\/div>\n<\/div>\n<hr \/>\n<p style=\"text-align: center;\">MECHANISCHE TASTATUR<\/p>\n<div class=\"span4\">\n<div>\n<p><img decoding=\"async\" class=\"aligncenter wp-image-6837 size-full\" src=\"https:\/\/www.creaearredanegozi.it\/wp-content\/uploads\/2016\/04\/20150525_172334.jpg\" alt=\"Eisenwaage-Tastatur\" width=\"467\" height=\"350\" title=\"\" srcset=\"https:\/\/www.creaearredanegozi.it\/wp-content\/uploads\/2016\/04\/20150525_172334.jpg 467w, https:\/\/www.creaearredanegozi.it\/wp-content\/uploads\/2016\/04\/20150525_172334-64x48.jpg 64w, https:\/\/www.creaearredanegozi.it\/wp-content\/uploads\/2016\/04\/20150525_172334-400x300.jpg 400w\" sizes=\"(max-width: 467px) 100vw, 467px\" \/><\/p>\n<hr \/>\n<p style=\"text-align: center;\">HAFTNOTIZ<br \/>\n<span style=\"color: #808080;\">57X20X12<\/span><\/p>\n<p><img decoding=\"async\" class=\"aligncenter wp-image-9254 size-full\" src=\"https:\/\/www.creaearredanegozi.it\/wp-content\/uploads\/2016\/04\/20150525_1725112.jpg\" alt=\"\" width=\"467\" height=\"350\" title=\"\" srcset=\"https:\/\/www.creaearredanegozi.it\/wp-content\/uploads\/2016\/04\/20150525_1725112.jpg 467w, https:\/\/www.creaearredanegozi.it\/wp-content\/uploads\/2016\/04\/20150525_1725112-64x48.jpg 64w, https:\/\/www.creaearredanegozi.it\/wp-content\/uploads\/2016\/04\/20150525_1725112-200x150.jpg 200w, https:\/\/www.creaearredanegozi.it\/wp-content\/uploads\/2016\/04\/20150525_1725112-400x300.jpg 400w\" sizes=\"(max-width: 467px) 100vw, 467px\" \/><\/p>\n<\/div>\n<\/div>","protected":false},"excerpt":{"rendered":"<div class=\"icon-box featured-box icon-box-right text-right\"  >\n\t\t\t\t\t<div class=\"icon-box-img\" style=\"width: 50px\">\n\t\t\t\t<div class=\"icon\">\n\t\t\t\t\t<div class=\"icon-inner\" >\n\t\t\t\t\t\t<img decoding=\"async\" src=\"https:\/\/www.creaearredanegozi.it\/wp-content\/uploads\/2018\/01\/free_truck.png\" alt=\"Kostenloser Versand nur innerhalb Italiens\"\/>\t\t\t\t\t<\/div>\n\t\t\t\t<\/div>\n\t\t\t<\/div>\n\t\t\t\t<div class=\"icon-box-text last-reset\">\n\t\t\t<h5 class=\"uppercase\">Kostenloser Versand nur innerhalb Italiens<\/h5>\t\t\t\t\t\t\t\t<\/div>\n\t<\/div>","protected":false},"featured_media":123409,"comment_status":"closed","ping_status":"closed","template":"","meta":{"_monsterinsights_skip_tracking":false,"_monsterinsights_sitenote_active":false,"_monsterinsights_sitenote_note":"","_monsterinsights_sitenote_category":0},"product_brand":[735],"product_cat":[130],"product_tag":[211],"class_list":{"0":"post-6835","1":"product","2":"type-product","3":"status-publish","4":"has-post-thumbnail","6":"product_brand-waage","7":"product_cat-bilance","8":"product_tag-spedizione-gratuita","10":"first","11":"instock","12":"taxable","13":"shipping-taxable","14":"purchasable","15":"product-type-simple"},"_links":{"self":[{"href":"https:\/\/www.creaearredanegozi.it\/de\/wp-json\/wp\/v2\/product\/6835","targetHints":{"allow":["GET"]}}],"collection":[{"href":"https:\/\/www.creaearredanegozi.it\/de\/wp-json\/wp\/v2\/product"}],"about":[{"href":"https:\/\/www.creaearredanegozi.it\/de\/wp-json\/wp\/v2\/types\/product"}],"replies":[{"embeddable":true,"href":"https:\/\/www.creaearredanegozi.it\/de\/wp-json\/wp\/v2\/comments?post=6835"}],"wp:featuredmedia":[{"embeddable":true,"href":"https:\/\/www.creaearredanegozi.it\/de\/wp-json\/wp\/v2\/media\/123409"}],"wp:attachment":[{"href":"https:\/\/www.creaearredanegozi.it\/de\/wp-json\/wp\/v2\/media?parent=6835"}],"wp:term":[{"taxonomy":"product_brand","embeddable":true,"href":"https:\/\/www.creaearredanegozi.it\/de\/wp-json\/wp\/v2\/product_brand?post=6835"},{"taxonomy":"product_cat","embeddable":true,"href":"https:\/\/www.creaearredanegozi.it\/de\/wp-json\/wp\/v2\/product_cat?post=6835"},{"taxonomy":"product_tag","embeddable":true,"href":"https:\/\/www.creaearredanegozi.it\/de\/wp-json\/wp\/v2\/product_tag?post=6835"}],"curies":[{"name":"wp","href":"https:\/\/api.w.org\/{rel}","templated":true}]}}