{"id":6969,"date":"2016-04-28T10:38:06","date_gmt":"2016-04-28T08:38:06","guid":{"rendered":"https:\/\/www.creaearredanegozi.it\/shop\/casteria-e-carrelli\/cesteespositori\/bancarella-brixen-80x80-con-ruote-filomarket\/"},"modified":"2023-11-20T20:20:01","modified_gmt":"2023-11-20T19:20:01","slug":"bancarella-brixen-80x80-con-ruote-filomarket","status":"publish","type":"product","link":"https:\/\/www.creaearredanegozi.it\/de\/bancarella-brixen-80x80-con-ruote-filomarket\/","title":{"rendered":"Brixen Stall 80\u00d780 mit R\u00e4dern Filomarket"},"content":{"rendered":"<p><strong>START THE EXPERIENCE: KOMBINIEREN SIE ERFOLGREICHE AUSSTELLUNG + RAUMGESTALTUNG<\/strong><\/p>\n<p>Saper esporre la merce \u00e8 essenziale per stimolare gli acquisti. Creare uno spazio armonioso \u00e8 essenziale per migliorare la customer experience. Questo \u00e8 il binomio indispensabile per avere successo nella vendita, fidelizzare la clientela ed incrementare la redditivit\u00e0. Tre Modelli di bancarelle, per ogni esigenza espositiva o promozionale.<\/p>\n<p><strong>Brixen:<\/strong> Bancarella GDO, con piedi o ruote<br \/>\n<em>Top di gamma: elegante e robusta <\/em><\/p>\n<hr \/>\n<p><strong>Technische Daten<\/strong><\/p>\n<p>Dimensioni (LxPxH): 800x800x900 mm<br \/>\nRuote: 4x \u00d8 80 mm in gomma, girevoli (2 con freno)<br \/>\nCesto: H 350 mm<br \/>\nPortata: 95 kg<br \/>\nFinitura: Cesto zincato, gambe zincate<\/p>","protected":false},"excerpt":{"rendered":"<p>START THE EXPERIENCE: COMBINA ESPOSIZIONE VINCENTE + SPACE DESIGN Saper esporre la merce \u00e8 essenziale per stimolare gli acquisti. Creare uno spazio armonioso \u00e8 essenziale per migliorare la customer experience. Questo \u00e8 il binomio indispensabile per avere successo nella vendita, fidelizzare la clientela ed incrementare la redditivit\u00e0. Tre Modelli di bancarelle, per ogni esigenza espositiva [&#8230;]","protected":false},"featured_media":6973,"comment_status":"closed","ping_status":"closed","template":"","meta":{"_monsterinsights_skip_tracking":false,"_monsterinsights_sitenote_active":false,"_monsterinsights_sitenote_note":"","_monsterinsights_sitenote_category":0},"product_brand":[772],"product_cat":[104],"product_tag":[],"class_list":{"0":"post-6969","1":"product","2":"type-product","3":"status-publish","4":"has-post-thumbnail","6":"product_brand-crea-e-arreda-negozi","7":"product_cat-cesteespositori","8":"product_shipping_class-38","9":"pa_marca-imola-filo","11":"first","12":"instock","13":"taxable","14":"shipping-taxable","15":"purchasable","16":"product-type-simple"},"_links":{"self":[{"href":"https:\/\/www.creaearredanegozi.it\/de\/wp-json\/wp\/v2\/product\/6969","targetHints":{"allow":["GET"]}}],"collection":[{"href":"https:\/\/www.creaearredanegozi.it\/de\/wp-json\/wp\/v2\/product"}],"about":[{"href":"https:\/\/www.creaearredanegozi.it\/de\/wp-json\/wp\/v2\/types\/product"}],"replies":[{"embeddable":true,"href":"https:\/\/www.creaearredanegozi.it\/de\/wp-json\/wp\/v2\/comments?post=6969"}],"wp:featuredmedia":[{"embeddable":true,"href":"https:\/\/www.creaearredanegozi.it\/de\/wp-json\/wp\/v2\/media\/6973"}],"wp:attachment":[{"href":"https:\/\/www.creaearredanegozi.it\/de\/wp-json\/wp\/v2\/media?parent=6969"}],"wp:term":[{"taxonomy":"product_brand","embeddable":true,"href":"https:\/\/www.creaearredanegozi.it\/de\/wp-json\/wp\/v2\/product_brand?post=6969"},{"taxonomy":"product_cat","embeddable":true,"href":"https:\/\/www.creaearredanegozi.it\/de\/wp-json\/wp\/v2\/product_cat?post=6969"},{"taxonomy":"product_tag","embeddable":true,"href":"https:\/\/www.creaearredanegozi.it\/de\/wp-json\/wp\/v2\/product_tag?post=6969"}],"curies":[{"name":"wp","href":"https:\/\/api.w.org\/{rel}","templated":true}]}}