{"id":6971,"date":"2016-04-28T10:55:42","date_gmt":"2016-04-28T08:55:42","guid":{"rendered":"https:\/\/www.creaearredanegozi.it\/shop\/casteria-e-carrelli\/cesteespositori\/bancarella-brixen-80x80-filomarket\/"},"modified":"2023-07-03T19:50:13","modified_gmt":"2023-07-03T17:50:13","slug":"bancarella-esposizione-in-filo-brixen-80x80","status":"publish","type":"product","link":"https:\/\/www.creaearredanegozi.it\/de\/bancarella-esposizione-in-filo-brixen-80x80\/","title":{"rendered":"Brixener Drahtst\u00e4nder 80\u00d780"},"content":{"rendered":"<p><strong>START THE EXPERIENCE: KOMBINIEREN SIE ERFOLGREICHE AUSSTELLUNG + RAUMGESTALTUNG<\/strong><\/p>\n<p>Saper esporre la merce \u00e8 essenziale per stimolare gli acquisti. Creare uno spazio armonioso \u00e8 essenziale per migliorare la customer experience. Questo \u00e8 il binomio indispensabile per avere successo nella vendita, fidelizzare la clientela ed incrementare la redditivit\u00e0.<\/p>\n<p><strong>Brixen:<\/strong> Bancarella GDO con piedi<br \/>\n<em>Top di gamma: elegante e robusta <\/em><\/p>\n<hr \/>\n<p><strong>Technische Daten<\/strong><\/p>\n<p>Bancarella su piedi<br \/>\nDimensioni: 800 x 800 x 800 mm<br \/>\nCesto: 350 H<br \/>\nportata: 100 kg<br \/>\nCesto zincato, gambe zincate<\/p>","protected":false},"excerpt":{"rendered":"<p>START THE EXPERIENCE: COMBINA ESPOSIZIONE VINCENTE + SPACE DESIGN Saper esporre la merce \u00e8 essenziale per stimolare gli acquisti. Creare uno spazio armonioso \u00e8 essenziale per migliorare la customer experience. Questo \u00e8 il binomio indispensabile per avere successo nella vendita, fidelizzare la clientela ed incrementare la redditivit\u00e0. Brixen: Bancarella GDO con piedi Top di gamma: [&#8230;]","protected":false},"featured_media":124205,"comment_status":"closed","ping_status":"closed","template":"","meta":{"_monsterinsights_skip_tracking":false,"_monsterinsights_sitenote_active":false,"_monsterinsights_sitenote_note":"","_monsterinsights_sitenote_category":0},"product_brand":[],"product_cat":[104],"product_tag":[],"class_list":{"0":"post-6971","1":"product","2":"type-product","3":"status-publish","4":"has-post-thumbnail","6":"product_cat-cesteespositori","7":"product_shipping_class-206","8":"pa_marca-imola-filo","10":"first","11":"instock","12":"taxable","13":"shipping-taxable","14":"purchasable","15":"product-type-simple"},"_links":{"self":[{"href":"https:\/\/www.creaearredanegozi.it\/de\/wp-json\/wp\/v2\/product\/6971","targetHints":{"allow":["GET"]}}],"collection":[{"href":"https:\/\/www.creaearredanegozi.it\/de\/wp-json\/wp\/v2\/product"}],"about":[{"href":"https:\/\/www.creaearredanegozi.it\/de\/wp-json\/wp\/v2\/types\/product"}],"replies":[{"embeddable":true,"href":"https:\/\/www.creaearredanegozi.it\/de\/wp-json\/wp\/v2\/comments?post=6971"}],"wp:featuredmedia":[{"embeddable":true,"href":"https:\/\/www.creaearredanegozi.it\/de\/wp-json\/wp\/v2\/media\/124205"}],"wp:attachment":[{"href":"https:\/\/www.creaearredanegozi.it\/de\/wp-json\/wp\/v2\/media?parent=6971"}],"wp:term":[{"taxonomy":"product_brand","embeddable":true,"href":"https:\/\/www.creaearredanegozi.it\/de\/wp-json\/wp\/v2\/product_brand?post=6971"},{"taxonomy":"product_cat","embeddable":true,"href":"https:\/\/www.creaearredanegozi.it\/de\/wp-json\/wp\/v2\/product_cat?post=6971"},{"taxonomy":"product_tag","embeddable":true,"href":"https:\/\/www.creaearredanegozi.it\/de\/wp-json\/wp\/v2\/product_tag?post=6971"}],"curies":[{"name":"wp","href":"https:\/\/api.w.org\/{rel}","templated":true}]}}