{"id":7005,"date":"2016-05-03T12:41:04","date_gmt":"2016-05-03T10:41:04","guid":{"rendered":"https:\/\/www.creaearredanegozi.it\/?post_type=product&#038;p=7005"},"modified":"2024-11-20T13:51:59","modified_gmt":"2024-11-20T12:51:59","slug":"professionelle-gemusewaschmaschine-und-manuelle-gemuse-und-gemusezentrifuge-aus-edelstahl-lav-fimar","status":"publish","type":"product","link":"https:\/\/www.creaearredanegozi.it\/de\/professionelle-gemusewaschmaschine-und-manuelle-gemuse-und-gemusezentrifuge-aus-edelstahl-lav-fimar\/","title":{"rendered":"Professionelle Gem\u00fcsewaschmaschine und manuelle Zentrifuge f\u00fcr Gem\u00fcse aus Edelstahl LAV Fimar"},"content":{"rendered":"<h2><strong>Professionelle Gem\u00fcsewaschmaschine zum Waschen und Zentrifugieren von Gem\u00fcse.<\/strong><\/h2>\n<ul>\n<li>Konstruktion aus rostfreiem Stahl AISI 304<\/li>\n<li>Transparente Abdeckung aus lebensmittelechtem Polycarbonat<\/li>\n<li>Sicherheitsmikroschalter auf dem Deckel<\/li>\n<li>Herausnehmbarer Schubladenfilter und Filter am Tankablauf<\/li>\n<li>\u00c4u\u00dferlich inspizierbare Abflusspumpe<\/li>\n<li>Wasserverbrauch pro Zyklus ca. 30\/35 Liter<\/li>\n<li>Drehstrommotor mit 2 Geschwindigkeiten, eine zum Waschen und eine zum Schleudern<\/li>\n<li>2 Waschzyklen und 3 Waschzeiten pro Zyklus zur Auswahl<\/li>\n<li>Die fimar Profi-Gem\u00fcsewaschmaschine verf\u00fcgt \u00fcber eine Trockentaste zum manuellen Schleudern.<\/li>\n<li>Ma\u00dfe f\u00fcr Wasseranschluss erforderlich 3\/4\".<\/li>\n<\/ul>\n<hr \/>\n<p><strong>Technische Daten<\/strong><\/p>\n<table class=\"table table-striped\">\n<tbody>\n<tr>\n<td class=\"tdbg\">POWER<\/td>\n<td class=\"tdsp\">0,37-0,11 kW (0,5-0,15 PS)<\/td>\n<\/tr>\n<tr>\n<td class=\"tdbg\">SUPPLY<\/td>\n<td class=\"tdsp\">400V\/3N\/50Hz<\/td>\n<\/tr>\n<tr>\n<td class=\"tdbg\">ABMESSUNGEN<\/td>\n<td class=\"tdsp\">450 x 610 x 880 h (mm)<\/td>\n<\/tr>\n<tr>\n<td class=\"tdbg\">NETTOGEWICHT<\/td>\n<td class=\"tdsp\">40 kg<\/td>\n<\/tr>\n<tr>\n<td class=\"tdbg\">BRUTTOGEWICHT<\/td>\n<td class=\"tdsp\">50 kg<\/td>\n<\/tr>\n<tr>\n<td class=\"tdbg\">VERPACKUNGSMASSE<\/td>\n<td class=\"tdsp\">850 x 550 x 1070 h (mm)<\/td>\n<\/tr>\n<tr>\n<td class=\"tdbg\">VERPACKUNGSVOLUMEN<\/td>\n<td class=\"tdsp\">0,500 m\u00b3<\/td>\n<\/tr>\n<tr>\n<td class=\"tdbg\">STUNDENWEISE PRODUKTION<\/td>\n<td class=\"tdsp\">\u00b1 20\/25 kg\/h<\/td>\n<\/tr>\n<tr>\n<td class=\"tdbg\">ZENTRIFUGALDREHZAHL<\/td>\n<td class=\"tdsp\">450 U\/min<\/td>\n<\/tr>\n<tr>\n<td class=\"tdbg\">FASSUNGSVERM\u00d6GEN DES KORBES<\/td>\n<td class=\"tdsp\">4 kg (schweres Gem\u00fcse)<br \/>\n1,5 kg (Blattgem\u00fcse)<\/td>\n<\/tr>\n<tr>\n<td class=\"tdbg\">ZYKLUSL\u00c4NGE<\/td>\n<td class=\"tdsp\">3,5\/4,5 Minuten<\/td>\n<\/tr>\n<tr>\n<td class=\"tdbg\">WASSERVERBRAUCH PRO ZYKLUS<\/td>\n<td class=\"tdsp\">30\/35 Leutnant.<\/td>\n<\/tr>\n<tr>\n<td class=\"tdbg\">KORBABMESSUNGEN<\/td>\n<td class=\"tdsp\">\u00f8 280x270h mm<\/td>\n<\/tr>\n<tr>\n<td class=\"tdbg\">WASSERANSCHLUSS<\/td>\n<td class=\"tdsp\">3\/4\"<\/td>\n<\/tr>\n<\/tbody>\n<\/table>\n<p>&nbsp;<\/p>\n<hr \/>\n<p><iframe loading=\"lazy\" title=\"YouTube-Video-Player\" src=\"https:\/\/www.youtube-nocookie.com\/embed\/J_ZmUet0Cp8\" width=\"560\" height=\"315\" frameborder=\"0\" allowfullscreen=\"allowfullscreen\"><\/iframe><\/p>","protected":false},"excerpt":{"rendered":"<p>Lavaverdure professionale per lavare e centrifugare ortaggi e verdure. Struttura in acciaio inox AISI 304 Coperchio superiore in policarbonato alimentare trasparente Microinterruttore di sicurezza su coperchio Filtro a cassetto e filtro su scarico vasca removibili Pompa di scarico ispezionabile dall\u2019esterno Consumo acqua per ciclo 30\/35 Lt. circa Motore trifase a 2 velocit\u00e0, una per il [&#8230;]","protected":false},"featured_media":121606,"comment_status":"closed","ping_status":"closed","template":"","meta":{"_monsterinsights_skip_tracking":false,"_monsterinsights_sitenote_active":false,"_monsterinsights_sitenote_note":"","_monsterinsights_sitenote_category":0},"product_brand":[628],"product_cat":[173,25],"product_tag":[],"class_list":{"0":"post-7005","1":"product","2":"type-product","3":"status-publish","4":"has-post-thumbnail","6":"product_brand-fimar","7":"product_cat-pelapatate","8":"product_cat-attrezzature-ristoranti-pub-cucine","9":"product_shipping_class-33","10":"pa_marca-fimar","12":"first","13":"instock","14":"sale","15":"taxable","16":"shipping-taxable","17":"purchasable","18":"product-type-simple"},"_links":{"self":[{"href":"https:\/\/www.creaearredanegozi.it\/de\/wp-json\/wp\/v2\/product\/7005","targetHints":{"allow":["GET"]}}],"collection":[{"href":"https:\/\/www.creaearredanegozi.it\/de\/wp-json\/wp\/v2\/product"}],"about":[{"href":"https:\/\/www.creaearredanegozi.it\/de\/wp-json\/wp\/v2\/types\/product"}],"replies":[{"embeddable":true,"href":"https:\/\/www.creaearredanegozi.it\/de\/wp-json\/wp\/v2\/comments?post=7005"}],"wp:featuredmedia":[{"embeddable":true,"href":"https:\/\/www.creaearredanegozi.it\/de\/wp-json\/wp\/v2\/media\/121606"}],"wp:attachment":[{"href":"https:\/\/www.creaearredanegozi.it\/de\/wp-json\/wp\/v2\/media?parent=7005"}],"wp:term":[{"taxonomy":"product_brand","embeddable":true,"href":"https:\/\/www.creaearredanegozi.it\/de\/wp-json\/wp\/v2\/product_brand?post=7005"},{"taxonomy":"product_cat","embeddable":true,"href":"https:\/\/www.creaearredanegozi.it\/de\/wp-json\/wp\/v2\/product_cat?post=7005"},{"taxonomy":"product_tag","embeddable":true,"href":"https:\/\/www.creaearredanegozi.it\/de\/wp-json\/wp\/v2\/product_tag?post=7005"}],"curies":[{"name":"wp","href":"https:\/\/api.w.org\/{rel}","templated":true}]}}