{"id":7059,"date":"2016-05-10T11:39:02","date_gmt":"2016-05-10T09:39:02","guid":{"rendered":"https:\/\/www.creaearredanegozi.it\/shop\/attrezzature-pub\/gyros\/gyros-elettrico-a-infrarossi-per-kebab-230380v-6kw-cb-kebab-ve3\/"},"modified":"2023-07-03T19:50:14","modified_gmt":"2023-07-03T17:50:14","slug":"infrarot-elektro-kreisel-fur-kebabs-230380v-6kw-cb-kebab-ve3","status":"publish","type":"product","link":"https:\/\/www.creaearredanegozi.it\/de\/infrarot-elektro-kreisel-fur-kebabs-230380v-6kw-cb-kebab-ve3\/","title":{"rendered":"Infrarot-Elektro-Kreisel f\u00fcr D\u00f6ner 400V 7.8Kw KEBAB VE 3 CB"},"content":{"rendered":"<p><strong>Elektrische Kreisel<\/strong> mit Keramikglas (3 Heizelemente)<\/p>\n<ul>\n<li>1 zentrale Stange mitgeliefert<\/li>\n<li>komplett mit Platte (mitgeliefert)<\/li>\n<li>mit 3 Infrarotelementen<\/li>\n<\/ul>\n<p><strong>FEATURES<\/strong><\/p>\n<ul>\n<li>Infrarotheizungen (leicht abwaschbar)<\/li>\n<li>Einstellung der Sektorwiderst\u00e4nde (gesamt 3)<\/li>\n<li>Herausnehmbares Becken<\/li>\n<li>Einstellen des Abstands der Stange zu den Widerst\u00e4nden<\/li>\n<li>230V~ Motor<\/li>\n<li>Steckdose f\u00fcr Elektromesser (A)<\/li>\n<li>Fleischkapazit\u00e4t 20~50 kg<\/li>\n<\/ul>\n<hr \/>\n<table class=\"table table-striped\" style=\"width: 100%;\" border=\"0\" width=\"100%\" cellspacing=\"0\" cellpadding=\"0\">\n<tbody>\n<tr>\n<td class=\"ar12b\" style=\"width: 30.2691%;\" align=\"center\" bgcolor=\"#b1b1b1\" height=\"60\">Abmessungen<br \/>\n(BxTxH mm)<\/td>\n<td class=\"ar12b\" style=\"width: 31.1659%;\" align=\"center\" bgcolor=\"#b1b1b1\" height=\"60\">Nutzbare H\u00f6he<br \/>\ndes Schie\u00dfens (mm)<\/td>\n<td class=\"ar12b\" style=\"width: 20.9641%;\" align=\"center\" bgcolor=\"#b1b1b1\" height=\"60\">Spannung<\/td>\n<td class=\"ar12b\" style=\"width: 17.3767%;\" align=\"center\" bgcolor=\"#b1b1b1\" height=\"60\">Strom<br \/>\n(KW)<\/td>\n<\/tr>\n<tr>\n<td class=\"ar12\" style=\"width: 30.2691%;\" align=\"center\" height=\"60\">502x650x1120<\/td>\n<td class=\"ar12\" style=\"width: 31.1659%;\" align=\"center\" height=\"60\">700<\/td>\n<td class=\"ar12\" style=\"width: 20.9641%;\" align=\"center\" height=\"60\">400V 3N~<\/td>\n<td class=\"ar12\" style=\"width: 17.3767%;\" align=\"center\" height=\"60\">7,80<\/td>\n<\/tr>\n<\/tbody>\n<\/table>\n<hr \/>\n<p><strong>ZUBEH\u00d6R\u00a0<em>auf Anfrage<\/em><\/strong><\/p>\n<table style=\"width: 100%;\" border=\"0\" width=\"100%\" cellspacing=\"0\" cellpadding=\"0\">\n<tbody>\n<tr>\n<td style=\"width: 135px; height: 150px; vertical-align: middle;\" valign=\"top\" width=\"135\" height=\"150\"><img decoding=\"async\" class=\"size-full wp-image-124006 aligncenter\" title=\"Elektrische Infrarot-Kreisel f\u00fcr Spie\u00dfe - 230\/380v 6Kw CB IR6\/40\" src=\"https:\/\/www.creaearredanegozi.it\/wp-content\/uploads\/2015\/11\/paletta-ghiros-cb.jpg\" sizes=\"(max-width: 95px) 100vw, 95px\" srcset=\"https:\/\/www.creaearredanegozi.it\/wp-content\/uploads\/2015\/11\/paletta-ghiros-cb.jpg 95w, https:\/\/www.creaearredanegozi.it\/wp-content\/uploads\/2015\/11\/paletta-ghiros-cb-64x42.jpg 64w\" alt=\"Elektrische Infrarot-Kreisel f\u00fcr Spie\u00dfe - 230\/380v 6Kw CB IR6\/40\" width=\"95\" height=\"63\" \/><\/td>\n<td width=\"300\">\n<table class=\"aligncenter\" border=\"0\" width=\"300\" cellspacing=\"0\" cellpadding=\"0\">\n<tbody>\n<tr>\n<td><strong>14080079<\/strong><\/td>\n<\/tr>\n<tr>\n<td class=\"luc14n\">Schaufel (praktischer Sammler) f\u00fcr Elektro- und Gaskreisel<\/td>\n<\/tr>\n<\/tbody>\n<\/table>\n<\/td>\n<td style=\"width: 135px; text-align: center; vertical-align: middle;\" valign=\"top\" width=\"135\">35,00 \u20ac + MWST.<\/td>\n<\/tr>\n<\/tbody>\n<\/table>\n<table border=\"0\" width=\"100%\" cellspacing=\"0\" cellpadding=\"0\">\n<tbody>\n<tr>\n<td valign=\"top\" width=\"135\" height=\"150\"><img decoding=\"async\" class=\"size-full wp-image-124004 aligncenter\" title=\"Elektrische Infrarot-Kreisel f\u00fcr Spie\u00dfe - 230\/380v 6Kw CB IR6\/40\" src=\"https:\/\/www.creaearredanegozi.it\/wp-content\/uploads\/2015\/11\/asta-centrale-ricambio-ghiros-cb.jpg\" sizes=\"(max-width: 121px) 100vw, 121px\" srcset=\"https:\/\/www.creaearredanegozi.it\/wp-content\/uploads\/2015\/11\/asta-centrale-ricambio-ghiros-cb.jpg 121w, https:\/\/www.creaearredanegozi.it\/wp-content\/uploads\/2015\/11\/asta-centrale-ricambio-ghiros-cb-64x118.jpg 64w\" alt=\"Elektrische Infrarot-Kreisel f\u00fcr Spie\u00dfe - 230\/380v 6Kw CB IR6\/40\" width=\"121\" height=\"223\" \/><\/td>\n<td width=\"300\">\n<table class=\"aligncenter\" border=\"0\" width=\"300\" cellspacing=\"0\" cellpadding=\"0\">\n<tbody>\n<tr>\n<td><strong>14080097<\/strong><\/td>\n<\/tr>\n<tr>\n<td class=\"luc14n\">Ersatz-Zentralstab komplett mit Platte f\u00fcr elektrische Kreisel IR6\/40<\/td>\n<\/tr>\n<\/tbody>\n<\/table>\n<\/td>\n<td style=\"width: 135px; text-align: center; vertical-align: middle;\" valign=\"top\" width=\"135\">\u20ac119,00 + MWST.<\/td>\n<\/tr>\n<\/tbody>\n<\/table>\n<table style=\"width: 100%;\" border=\"0\" width=\"100%\" cellspacing=\"0\" cellpadding=\"0\">\n<tbody>\n<tr>\n<td valign=\"top\" width=\"135\" height=\"150\"><img decoding=\"async\" class=\"size-full wp-image-124005 aligncenter\" title=\"Elektrische Infrarot-Kreisel f\u00fcr Spie\u00dfe - 230\/380v 6Kw CB IR6\/40\" src=\"https:\/\/www.creaearredanegozi.it\/wp-content\/uploads\/2015\/11\/Chiusura-vetro-ghiros-cb.jpg\" sizes=\"(max-width: 137px) 100vw, 137px\" srcset=\"https:\/\/www.creaearredanegozi.it\/wp-content\/uploads\/2015\/11\/Chiusura-vetro-ghiros-cb.jpg 137w, https:\/\/www.creaearredanegozi.it\/wp-content\/uploads\/2015\/11\/Chiusura-vetro-ghiros-cb-64x94.jpg 64w\" alt=\"Elektrische Infrarot-Kreisel f\u00fcr Spie\u00dfe - 230\/380v 6Kw CB IR6\/40\" width=\"137\" height=\"201\" \/><\/td>\n<td width=\"300\">\n<table class=\"aligncenter\" border=\"0\" width=\"300\" cellspacing=\"0\" cellpadding=\"0\">\n<tbody>\n<tr>\n<td class=\"luc14n\"><strong>14080125<\/strong><\/td>\n<\/tr>\n<tr>\n<td class=\"luc14n\">Gew\u00f6lbter Glasdeckel f\u00fcr Elektro-Kreisel KEBAB-VE3 (2 St\u00fcck)<\/td>\n<\/tr>\n<\/tbody>\n<\/table>\n<\/td>\n<td style=\"width: 135px; text-align: center; vertical-align: middle;\" valign=\"top\" width=\"135\">400,00 \u20ac + MWST.<\/td>\n<\/tr>\n<\/tbody>\n<\/table>\n<p>&nbsp;<\/p>","protected":false},"excerpt":{"rendered":"<p>Gyros elettrico con vetro ceramico (3 resistenze) 1 asta centrale in dotazione completa di piatto (in dotazione) con 3 elementi a infrarossi CARATTERISTICHE Resistenze ad infrarosso (facilmente lavabili) Regolazione resistenze a settori (tot. 3) Bacinella asportabile Regolazione distanza dell\u2019asta dalle resistenze Motore 230V~ Presa di alimentazione per coltello elettrico (A) Capacit\u00e0 carne 20~50 kg Dimensioni [&#8230;]","protected":false},"featured_media":7061,"comment_status":"closed","ping_status":"closed","template":"","meta":{"_monsterinsights_skip_tracking":false,"_monsterinsights_sitenote_active":false,"_monsterinsights_sitenote_note":"","_monsterinsights_sitenote_category":0},"product_brand":[741],"product_cat":[184],"product_tag":[],"class_list":{"0":"post-7059","1":"product","2":"type-product","3":"status-publish","4":"has-post-thumbnail","6":"product_brand-cb-italy","7":"product_cat-gyros","8":"product_shipping_class-32","10":"first","11":"instock","12":"taxable","13":"shipping-taxable","14":"purchasable","15":"product-type-simple"},"_links":{"self":[{"href":"https:\/\/www.creaearredanegozi.it\/de\/wp-json\/wp\/v2\/product\/7059","targetHints":{"allow":["GET"]}}],"collection":[{"href":"https:\/\/www.creaearredanegozi.it\/de\/wp-json\/wp\/v2\/product"}],"about":[{"href":"https:\/\/www.creaearredanegozi.it\/de\/wp-json\/wp\/v2\/types\/product"}],"replies":[{"embeddable":true,"href":"https:\/\/www.creaearredanegozi.it\/de\/wp-json\/wp\/v2\/comments?post=7059"}],"wp:featuredmedia":[{"embeddable":true,"href":"https:\/\/www.creaearredanegozi.it\/de\/wp-json\/wp\/v2\/media\/7061"}],"wp:attachment":[{"href":"https:\/\/www.creaearredanegozi.it\/de\/wp-json\/wp\/v2\/media?parent=7059"}],"wp:term":[{"taxonomy":"product_brand","embeddable":true,"href":"https:\/\/www.creaearredanegozi.it\/de\/wp-json\/wp\/v2\/product_brand?post=7059"},{"taxonomy":"product_cat","embeddable":true,"href":"https:\/\/www.creaearredanegozi.it\/de\/wp-json\/wp\/v2\/product_cat?post=7059"},{"taxonomy":"product_tag","embeddable":true,"href":"https:\/\/www.creaearredanegozi.it\/de\/wp-json\/wp\/v2\/product_tag?post=7059"}],"curies":[{"name":"wp","href":"https:\/\/api.w.org\/{rel}","templated":true}]}}