{"id":7062,"date":"2016-05-10T12:27:08","date_gmt":"2016-05-10T10:27:08","guid":{"rendered":"https:\/\/www.creaearredanegozi.it\/shop\/attrezzature-pub\/gyros\/gyros-elettrico-a-infrarossi-per-kebab-400v-78kw-fimar\/"},"modified":"2024-12-01T00:00:05","modified_gmt":"2024-11-30T23:00:05","slug":"professioneller-elektrischer-infrarot-kreisel-fur-kebabs-55-heizelemente-7kw-fimar-gyr100","status":"publish","type":"product","link":"https:\/\/www.creaearredanegozi.it\/de\/professioneller-elektrischer-infrarot-kreisel-fur-kebabs-55-heizelemente-7kw-fimar-gyr100\/","title":{"rendered":"Professioneller elektrischer Infrarot Kebab Gyros 5+5 Heizelemente 7Kw Fimar GYR100"},"content":{"rendered":"<h3>Gyros-Maschine zum Kochen von Fleisch f\u00fcr Spie\u00dfe 10 Heizelemente<\/h3>\n<p><strong>ELEKTRISCHE KREISEL GYR100<\/strong><br \/>\nKebab-Fleischkochmaschine.<\/p>\n<ul>\n<li>Gestell, Spie\u00dfstange und Fleischschaufel aus Edelstahl.<\/li>\n<li>Keramisch beschichtete Infrarot-Heizelemente.<\/li>\n<li>Hochtemperaturbest\u00e4ndiges Schutzglas, das die Reinigung erleichtert und den Verbrauch senkt.<\/li>\n<li>Widerstandseinstellung in Sektoren (5 Sektoren mit 2 Elementen).<\/li>\n<li>Einstellen des Abstands der Spie\u00dfstange von den Widerst\u00e4nden.<\/li>\n<li>Schublade aus rostfreiem Stahl zum Auffangen von Kochresten.<\/li>\n<li>Fleischkapazit\u00e4t: 50\u00f785 kg.<\/li>\n<li>Max. Fleischdurchmesser 470 mm.<\/li>\n<li>3 Leistungsstufen.<\/li>\n<\/ul>\n<hr \/>\n<table class=\"table table-striped mtr-table mtr-tr-td\" style=\"width: 89.6621%;\" border=\"0\" width=\"799\" cellspacing=\"0\" cellpadding=\"0\">\n<tbody>\n<tr>\n<td class=\"ar12b mtr-td-tag\" style=\"width: 13.3917%;\" align=\"center\" bgcolor=\"#b1b1b1\" height=\"60\" data-mtr-content=\"Larghezza(mm)\"><div class=\"mtr-cell-content\">Breite<br>\n(mm)<\/div><\/td>\n<td class=\"ar12b mtr-td-tag\" style=\"width: 13.1414%;\" align=\"center\" bgcolor=\"#b1b1b1\" height=\"60\" data-mtr-content=\"Profondit\u00e0(mm)\"><div class=\"mtr-cell-content\">Tiefe<br>\n(mm)<\/div><\/td>\n<td class=\"ar12b mtr-td-tag\" style=\"width: 9.51189%;\" align=\"center\" bgcolor=\"#b1b1b1\" height=\"60\" data-mtr-content=\"Altezza(mm)\"><div class=\"mtr-cell-content\">H\u00f6he<br>\n(mm)<\/div><\/td>\n<td class=\"ar12b mtr-td-tag\" style=\"width: 18.6483%;\" align=\"center\" bgcolor=\"#b1b1b1\" height=\"60\" data-mtr-content=\"Altezza utiledi cottura (mm)\"><div class=\"mtr-cell-content\">Nutzbare H\u00f6he<br>\ndes Schie\u00dfens (mm)<\/div><\/td>\n<td class=\"ar12b mtr-td-tag\" style=\"width: 21.9024%;\" align=\"center\" bgcolor=\"#b1b1b1\" height=\"60\" data-mtr-content=\"Tensione\"><div class=\"mtr-cell-content\">Spannung<\/div><\/td>\n<td class=\"ar12b mtr-td-tag\" style=\"width: 10.6383%;\" align=\"center\" bgcolor=\"#b1b1b1\" height=\"60\" data-mtr-content=\"Potenza(KW)\"><div class=\"mtr-cell-content\">Strom<br>\n(KW)<\/div><\/td>\n<td class=\"ar12b mtr-td-tag\" style=\"width: 12.015%;\" align=\"center\" bgcolor=\"#b1b1b1\" height=\"60\" data-mtr-content=\"Peso N\/L(Kg)\"><div class=\"mtr-cell-content\">Gewicht N\/L<br>\n(Kg)<\/div><\/td>\n<td style=\"width: 0.312891%; background-color: #b1b1b1;\" data-mtr-content=\"Resistenze\" class=\"mtr-td-tag\"><div class=\"mtr-cell-content\">Resistenzen<\/div><\/td>\n<td style=\"width: 0.156445%; background-color: #b1b1b1;\" data-mtr-content=\"Diametro Max Carne\" class=\"mtr-td-tag\"><div class=\"mtr-cell-content\">Max. Fleischdurchmesser<\/div><\/td>\n<td style=\"width: 0.0782225%; background-color: #b1b1b1;\" data-mtr-content=\"Altezza utile cottura\" class=\"mtr-td-tag\"><div class=\"mtr-cell-content\">Schie\u00dfh\u00f6he<\/div><\/td>\n<td style=\"width: 0.0782225%; background-color: #b1b1b1;\" data-mtr-content=\"710\u00f7760 mm\" class=\"mtr-td-tag\"><div class=\"mtr-cell-content\">710\u00f7760 mm<\/div><\/td>\n<\/tr>\n<tr>\n<td class=\"ar12 mtr-td-tag\" style=\"width: 13.3917%;\" align=\"center\" height=\"60\" data-mtr-content=\"Larghezza(mm)\"><div class=\"mtr-cell-content\">510<\/div><\/td>\n<td class=\"ar12 mtr-td-tag\" style=\"width: 13.1414%;\" align=\"center\" height=\"60\" data-mtr-content=\"Profondit\u00e0(mm)\"><div class=\"mtr-cell-content\">530<\/div><\/td>\n<td class=\"ar12 mtr-td-tag\" style=\"width: 9.51189%;\" align=\"center\" height=\"60\" data-mtr-content=\"Altezza(mm)\"><div class=\"mtr-cell-content\">1220<\/div><\/td>\n<td class=\"ar12 mtr-td-tag\" style=\"width: 18.6483%;\" align=\"center\" height=\"60\" data-mtr-content=\"Altezza utiledi cottura (mm)\"><div class=\"mtr-cell-content\">710\/760<\/div><\/td>\n<td class=\"ar12 mtr-td-tag\" style=\"width: 21.9024%;\" align=\"center\" height=\"60\" data-mtr-content=\"Tensione\"><div class=\"mtr-cell-content\">400V\/3 - 3N\/50Hz<\/div><\/td>\n<td class=\"ar12 mtr-td-tag\" style=\"width: 10.6383%;\" align=\"center\" height=\"60\" data-mtr-content=\"Potenza(KW)\"><div class=\"mtr-cell-content\">7,0 kW<\/div><\/td>\n<td class=\"ar12 mtr-td-tag\" style=\"width: 12.015%;\" align=\"center\" height=\"60\" data-mtr-content=\"Peso N\/L(Kg)\"><div class=\"mtr-cell-content\">33,5\/68,5<\/div><\/td>\n<td style=\"width: 0.312891%;\" data-mtr-content=\"Resistenze\" class=\"mtr-td-tag\"><div class=\"mtr-cell-content\">N\u00b0 10<\/div><\/td>\n<td style=\"width: 0.156445%;\" data-mtr-content=\"Diametro Max Carne\" class=\"mtr-td-tag\"><div class=\"mtr-cell-content\">\u00a0470mm<\/div><\/td>\n<td style=\"width: 0.0782225%;\" data-mtr-content=\"Altezza utile cottura\" class=\"mtr-td-tag\"><div class=\"mtr-cell-content\">710\u00f7760 mm<\/div><\/td>\n<td style=\"width: 0.0782225%;\" data-mtr-content=\"710\u00f7760 mm\" class=\"mtr-td-tag\"><div class=\"mtr-cell-content\">50\u00f785 Kg<\/div><\/td>\n<\/tr>\n<\/tbody>\n<\/table>\n<hr \/>\n<div class=\"well\">\n<p><strong>Zubeh\u00f6r:<\/strong><\/p>\n<ul>\n<li><strong>ACCOLGYR100<\/strong> Elektromesser mit vertikalem Griff mit Klinge \u00f8 100 mm und Schnittst\u00e4rkeneinstellung.<\/li>\n<li><strong>ACCOLGYR80D<\/strong> professionelles Elektromesser mit 230V zu 24V Transformator, horizontalem Griff, Klinge \u00f8 80mm und patentierter Schnittst\u00e4rkeneinstellung.<\/li>\n<li><strong>ACCOLGYR80HM<\/strong> Professionelles Elektromesser mit 230V zu 24V Transformator, horizontaler Griff, Klingen-\u00f8 80mm, patentierte Schnittst\u00e4rkeneinstellung. Automatische Anpassung der Motorleistung, die die Rotationsgeschwindigkeit der Klinge konstant h\u00e4lt.<\/li>\n<li><strong>Schutzglas-Kit<\/strong><\/li>\n<li><strong>Haube mit Filter<\/strong> Aktivkohle 230V\/1N\/50Hz, 24W.<\/li>\n<\/ul>\n<\/div>\n<p>&nbsp;<\/p>","protected":false},"excerpt":{"rendered":"<p>Macchina Gyros per cuocere carne per Kebab 10 Resistenze GYROS ELETTRICO GYR100 Macchina per cuocere carne per Kebab. Struttura, asta spiedo e paletta raccogli carne in acciaio inox. Resistenze ad infrarossi rivestite in ceramica. Vetro di protezione resistente alle alte temperature che ne facilita la pulizia e abbassa i consumi. Regolazione resistenze a settori (5 [&#8230;]","protected":false},"featured_media":122127,"comment_status":"closed","ping_status":"closed","template":"","meta":{"_monsterinsights_skip_tracking":false,"_monsterinsights_sitenote_active":false,"_monsterinsights_sitenote_note":"","_monsterinsights_sitenote_category":0},"product_brand":[628],"product_cat":[184,9],"product_tag":[],"class_list":{"0":"post-7062","1":"product","2":"type-product","3":"status-publish","4":"has-post-thumbnail","6":"product_brand-fimar","7":"product_cat-gyros","8":"product_cat-attrezzature-pub","9":"product_shipping_class-i","11":"first","12":"instock","13":"taxable","14":"shipping-taxable","15":"purchasable","16":"product-type-simple"},"_links":{"self":[{"href":"https:\/\/www.creaearredanegozi.it\/de\/wp-json\/wp\/v2\/product\/7062","targetHints":{"allow":["GET"]}}],"collection":[{"href":"https:\/\/www.creaearredanegozi.it\/de\/wp-json\/wp\/v2\/product"}],"about":[{"href":"https:\/\/www.creaearredanegozi.it\/de\/wp-json\/wp\/v2\/types\/product"}],"replies":[{"embeddable":true,"href":"https:\/\/www.creaearredanegozi.it\/de\/wp-json\/wp\/v2\/comments?post=7062"}],"wp:featuredmedia":[{"embeddable":true,"href":"https:\/\/www.creaearredanegozi.it\/de\/wp-json\/wp\/v2\/media\/122127"}],"wp:attachment":[{"href":"https:\/\/www.creaearredanegozi.it\/de\/wp-json\/wp\/v2\/media?parent=7062"}],"wp:term":[{"taxonomy":"product_brand","embeddable":true,"href":"https:\/\/www.creaearredanegozi.it\/de\/wp-json\/wp\/v2\/product_brand?post=7062"},{"taxonomy":"product_cat","embeddable":true,"href":"https:\/\/www.creaearredanegozi.it\/de\/wp-json\/wp\/v2\/product_cat?post=7062"},{"taxonomy":"product_tag","embeddable":true,"href":"https:\/\/www.creaearredanegozi.it\/de\/wp-json\/wp\/v2\/product_tag?post=7062"}],"curies":[{"name":"wp","href":"https:\/\/api.w.org\/{rel}","templated":true}]}}