{"id":7068,"date":"2016-05-11T13:23:36","date_gmt":"2016-05-11T11:23:36","guid":{"rendered":"https:\/\/www.creaearredanegozi.it\/?post_type=product&#038;p=7068"},"modified":"2023-07-03T19:50:14","modified_gmt":"2023-07-03T17:50:14","slug":"elektrische-suppenterrine-9-liter-stahlbehalter","status":"publish","type":"product","link":"https:\/\/www.creaearredanegozi.it\/de\/elektrische-suppenterrine-9-liter-stahlbehalter\/","title":{"rendered":"Elektrische Suppenterrine 9 Liter Stahlbeh\u00e4lter"},"content":{"rendered":"<p>La <strong>elektrische Terrine<\/strong> ist dank seiner Eigenschaften und seiner Gr\u00f6\u00dfe einfach und intuitiv zu benutzen und zu handhaben. Entwickelt, um die ideale Temperatur von Lebensmitteln und bei der <strong>automatische W\u00e4rmeregulierung<\/strong> Dank des Thermostats k\u00f6nnen leckere Suppen und Eint\u00f6pfe im Voraus zubereitet und dann nach Wunsch genossen oder serviert werden. Ideal f\u00fcr Bolognese Rag\u00f9, Gulasch, Nuddles, Schoraba, Vin Brul\u00e8.<\/p>\n<hr \/>\n<p><strong>Technische Daten<\/strong><\/p>\n<p>Modell: <strong>SKH 10<\/strong><br \/>\nMacht: <strong>400 W \/ 230 V<\/strong><br \/>\nKapazit\u00e4t: <strong>9 Lt.<\/strong><br \/>\nGewicht: <strong>5,1 kg.<\/strong><br \/>\nAbnehmbarer Beh\u00e4lter aus rostfreiem Stahl<br \/>\nTemperatur: <strong>45\u00b0C ~ 95\u00b0C<\/strong><\/p>","protected":false},"excerpt":{"rendered":"<p>La zuppiera elettrica \u00e8 uno strumento semplice e intuitivo da usare e da maneggiare grazie alle sue caratteristiche e dimensioni. Concepito per mantenere la temperatura ideale delle pietanze e al controllo automatizzato del calore grazie al termostato, permette di preparare gustose zuppe e minestre in anticipo per poi assaporarle o servirle quando desiderate. Ideale per [&#8230;]","protected":false},"featured_media":7070,"comment_status":"open","ping_status":"closed","template":"","meta":{"_monsterinsights_skip_tracking":false,"_monsterinsights_sitenote_active":false,"_monsterinsights_sitenote_note":"","_monsterinsights_sitenote_category":0},"product_brand":[],"product_cat":[178],"product_tag":[],"class_list":{"0":"post-7068","1":"product","2":"type-product","3":"status-publish","4":"has-post-thumbnail","6":"product_cat-softcooker","7":"product_shipping_class-48","9":"first","10":"instock","11":"taxable","12":"shipping-taxable","13":"purchasable","14":"product-type-simple"},"_links":{"self":[{"href":"https:\/\/www.creaearredanegozi.it\/de\/wp-json\/wp\/v2\/product\/7068","targetHints":{"allow":["GET"]}}],"collection":[{"href":"https:\/\/www.creaearredanegozi.it\/de\/wp-json\/wp\/v2\/product"}],"about":[{"href":"https:\/\/www.creaearredanegozi.it\/de\/wp-json\/wp\/v2\/types\/product"}],"replies":[{"embeddable":true,"href":"https:\/\/www.creaearredanegozi.it\/de\/wp-json\/wp\/v2\/comments?post=7068"}],"wp:featuredmedia":[{"embeddable":true,"href":"https:\/\/www.creaearredanegozi.it\/de\/wp-json\/wp\/v2\/media\/7070"}],"wp:attachment":[{"href":"https:\/\/www.creaearredanegozi.it\/de\/wp-json\/wp\/v2\/media?parent=7068"}],"wp:term":[{"taxonomy":"product_brand","embeddable":true,"href":"https:\/\/www.creaearredanegozi.it\/de\/wp-json\/wp\/v2\/product_brand?post=7068"},{"taxonomy":"product_cat","embeddable":true,"href":"https:\/\/www.creaearredanegozi.it\/de\/wp-json\/wp\/v2\/product_cat?post=7068"},{"taxonomy":"product_tag","embeddable":true,"href":"https:\/\/www.creaearredanegozi.it\/de\/wp-json\/wp\/v2\/product_tag?post=7068"}],"curies":[{"name":"wp","href":"https:\/\/api.w.org\/{rel}","templated":true}]}}