{"id":7170,"date":"2016-06-07T12:01:44","date_gmt":"2016-06-07T10:01:44","guid":{"rendered":"https:\/\/www.creaearredanegozi.it\/shop\/confezionamento\/macchina-sottovuoto-professionale-a-barra-saldate-46cm-30-lh-copy\/"},"modified":"2023-07-03T19:50:14","modified_gmt":"2023-07-03T17:50:14","slug":"professionelle-vakuumiermaschine-fur-geschweiste-stangen-37cm-17-lh","status":"publish","type":"product","link":"https:\/\/www.creaearredanegozi.it\/de\/professionelle-vakuumiermaschine-fur-geschweiste-stangen-37cm-17-lh\/","title":{"rendered":"Professionelle Vakuum-Verpackungsmaschine externe Absaugung Schwei\u00dfleiste 37CM"},"content":{"rendered":"<h3>Professionelle Vakuummaschine mit externer Absaugung<\/h3>\n<p>Neue Linie professioneller Vakuumverpackungsmaschinen f\u00fcr feste Lebensmittel im Allgemeinen, geeignet f\u00fcr den Einsatz in der professionellen Gastronomie, f\u00fcr kleine Lebensmittelhersteller und f\u00fcr den kleinen und mittleren Vertrieb.<br \/>\nDer vollautomatische Arbeitszyklus mit Standard-Bedienfeld, der die gesamte Linie kennzeichnet, erm\u00f6glicht die Einstellung des Vakuumniveaus und die optimale Versiegelung je nach Art des zu lagernden Produkts und der verwendeten Beutel.<\/p>\n<p>Maschinen zur Verl\u00e4ngerung der Haltbarkeitsdauer von Lebensmitteln unter Beibehaltung der organoleptischen Eigenschaften. Durch die Verwendung von speziellen Beuteln oder Beh\u00e4ltern wird ein Vakuum erreicht, das die Vermehrung von Bakterien verhindert.<\/p>\n<p>Es erm\u00f6glicht Vakuum in gepr\u00e4gten Beuteln f\u00fcr alle Arten von Produkten.<\/p>\n<ul>\n<li>Geh\u00e4use aus rostfreiem Stahl<\/li>\n<li>Selbstschmierende Pumpe<\/li>\n<li>37 cm L\u00f6tkolben<\/li>\n<\/ul>\n<p>Alle unsere Produkte werden ausschlie\u00dflich aus zertifizierten Komponenten h\u00f6chster Qualit\u00e4t hergestellt, wobei die gr\u00fcndlichsten Produktions-, Inspektions- und Testverfahren angewandt werden, um maximale Zuverl\u00e4ssigkeit im Einsatz zu gew\u00e4hrleisten.<\/p>\n<hr \/>\n<p><strong>TECHNISCHE MERKMALE<\/strong><\/p>\n<table class=\"table table-striped\">\n<tbody>\n<tr>\n<td width=\"163\">MODELL<\/td>\n<td width=\"228\">SV-Lebensmittel<\/td>\n<\/tr>\n<tr>\n<td width=\"163\">Pumpe<\/td>\n<td width=\"228\">17 l\/m<\/td>\n<\/tr>\n<tr>\n<td width=\"163\">Bar<\/td>\n<td width=\"228\">370 mm<\/td>\n<\/tr>\n<tr>\n<td>Max. Umschlagbreite<\/td>\n<td>350 mm<\/td>\n<\/tr>\n<tr>\n<td width=\"163\">Fu\u00dfabdruck<\/td>\n<td width=\"228\">370x240x110 mm<\/td>\n<\/tr>\n<tr>\n<td width=\"163\">K\u00f6rperarbeit<\/td>\n<td width=\"228\">AISI 304 EDELSTAHL<\/td>\n<\/tr>\n<tr>\n<td width=\"163\">Befehle<\/td>\n<td width=\"228\">Analog<\/td>\n<\/tr>\n<tr>\n<td width=\"163\">Beginn des Zyklus<\/td>\n<td width=\"228\">Automatisch mit Deckelverschluss<\/td>\n<\/tr>\n<tr>\n<td width=\"163\">Luftr\u00fcckf\u00fchrung<\/td>\n<td width=\"228\">Automatisch<\/td>\n<\/tr>\n<tr>\n<td width=\"163\">Arbeitszyklus<\/td>\n<td width=\"228\">Automatisch<\/td>\n<\/tr>\n<tr>\n<td width=\"163\">Spannung\/Frequenz<\/td>\n<td width=\"228\">220 V - 50 Hz - 600 W<\/td>\n<\/tr>\n<tr>\n<td width=\"163\">Gewicht<\/td>\n<td width=\"228\">7 kg<\/td>\n<\/tr>\n<\/tbody>\n<\/table>\n<div><\/div>","protected":false},"excerpt":{"rendered":"<p>Macchina Sottovuoto professionale ad aspirazione esterna Nuova linea di macchine per il confezionamento sottovuoto professionale di alimenti solidi in genere, adatte all&#8217;utilizzo nella ristorazione professionale, piccoli produttori alimentari e per la piccola e media distribuzione. Il ciclo di lavoro completamente automatico con pannello comandi di serie che caratterizza l&#8217;intera linea, consente l&#8217;impostazione del livello del [&#8230;]","protected":false},"featured_media":123338,"comment_status":"closed","ping_status":"closed","template":"","meta":{"_monsterinsights_skip_tracking":false,"_monsterinsights_sitenote_active":false,"_monsterinsights_sitenote_note":"","_monsterinsights_sitenote_category":0},"product_brand":[735],"product_cat":[14,106],"product_tag":[],"class_list":{"0":"post-7170","1":"product","2":"type-product","3":"status-publish","4":"has-post-thumbnail","6":"product_brand-waage","7":"product_cat-confezionamento","8":"product_cat-sottovuoto","9":"product_shipping_class-f","11":"first","12":"instock","13":"taxable","14":"shipping-taxable","15":"purchasable","16":"product-type-simple"},"_links":{"self":[{"href":"https:\/\/www.creaearredanegozi.it\/de\/wp-json\/wp\/v2\/product\/7170","targetHints":{"allow":["GET"]}}],"collection":[{"href":"https:\/\/www.creaearredanegozi.it\/de\/wp-json\/wp\/v2\/product"}],"about":[{"href":"https:\/\/www.creaearredanegozi.it\/de\/wp-json\/wp\/v2\/types\/product"}],"replies":[{"embeddable":true,"href":"https:\/\/www.creaearredanegozi.it\/de\/wp-json\/wp\/v2\/comments?post=7170"}],"wp:featuredmedia":[{"embeddable":true,"href":"https:\/\/www.creaearredanegozi.it\/de\/wp-json\/wp\/v2\/media\/123338"}],"wp:attachment":[{"href":"https:\/\/www.creaearredanegozi.it\/de\/wp-json\/wp\/v2\/media?parent=7170"}],"wp:term":[{"taxonomy":"product_brand","embeddable":true,"href":"https:\/\/www.creaearredanegozi.it\/de\/wp-json\/wp\/v2\/product_brand?post=7170"},{"taxonomy":"product_cat","embeddable":true,"href":"https:\/\/www.creaearredanegozi.it\/de\/wp-json\/wp\/v2\/product_cat?post=7170"},{"taxonomy":"product_tag","embeddable":true,"href":"https:\/\/www.creaearredanegozi.it\/de\/wp-json\/wp\/v2\/product_tag?post=7170"}],"curies":[{"name":"wp","href":"https:\/\/api.w.org\/{rel}","templated":true}]}}