{"id":7184,"date":"2016-06-14T11:30:29","date_gmt":"2016-06-14T09:30:29","guid":{"rendered":"https:\/\/www.creaearredanegozi.it\/shop\/banchi-e-murali-alimentari\/espositore-refrigerato-a-bassa-temperatura-tahiti-testata-tb-183-2\/"},"modified":"2023-10-17T09:50:53","modified_gmt":"2023-10-17T07:50:53","slug":"espositore-refrigerato-a-bassa-temperatura-isola-surgelati-vetri-scorrevoli-mondial-framec","status":"publish","type":"product","link":"https:\/\/www.creaearredanegozi.it\/de\/espositore-refrigerato-a-bassa-temperatura-isola-surgelati-vetri-scorrevoli-mondial-framec\/","title":{"rendered":"Mondial Framec K\u00fchl- und Tiefk\u00fchlinsel mit Glasschiebet\u00fcren"},"content":{"rendered":"<p><strong>Isola surgelati -18\/-25\u00b0C vetri scorrevoli Mondial Framec SILE 300 GTC<\/strong><\/p>\n<p>Ideale per prodotti da <strong>pasticceria<\/strong>, <strong>gelateria<\/strong> e alimenti <strong>surgelati.<\/strong><\/p>\n<ul>\n<li>Ideale per prodotti da pasticceria, gelateria e alimenti surgelati<\/li>\n<li>Facilmente personalizzabile<\/li>\n<li>Fino a 480 litri di capienza<\/li>\n<li>Rispetto ambientale: Gas R600a<\/li>\n<li>Evaporatore statico avvolto sulla vasca<\/li>\n<li>Modelli con coperchi vetrati scorrevoli curvi<\/li>\n<li>4 ruote pivotanti<\/li>\n<li>Possibilit\u00e0 di personalizzazione sui 4 lati<\/li>\n<li>Schloss<\/li>\n<li>Cestelli non forniti<\/li>\n<\/ul>\n<p><strong>Technische Daten:<\/strong><\/p>\n<table class=\"table table-striped\">\n<tbody>\n<tr>\n<td>\n<div align=\"left\"><strong>Modell<\/strong><\/div>\n<\/td>\n<td>\n<div align=\"left\"><strong>SILE 300 GTC<\/strong><\/div>\n<\/td>\n<\/tr>\n<tr>\n<td>\n<div align=\"left\">Temperatur<\/div>\n<\/td>\n<td>\n<div align=\"left\">-18\u00b0C\/-25\u00b0C<\/div>\n<\/td>\n<\/tr>\n<tr>\n<td>\n<div align=\"left\">K\u00e4ltemittelgas<\/div>\n<\/td>\n<td>\n<div align=\"left\">R600a<\/div>\n<\/td>\n<\/tr>\n<tr>\n<td>\n<div align=\"left\">Klima-Klasse<\/div>\n<\/td>\n<td>\n<div align=\"left\">7 (35\u00b0C-70%RH) L1<\/div>\n<\/td>\n<\/tr>\n<tr>\n<td>\n<div align=\"left\">Abmessungen<\/div>\n<\/td>\n<td>\n<div align=\"left\">107 x 67,7 x 91 cm<\/div>\n<\/td>\n<\/tr>\n<tr>\n<td>\n<div align=\"left\">Nettogewicht<\/div>\n<\/td>\n<td>\n<div align=\"left\">52 kg<\/div>\n<\/td>\n<\/tr>\n<tr>\n<td>\n<div align=\"left\">Bruttogewicht<\/div>\n<\/td>\n<td>\n<div align=\"left\">57 kg<\/div>\n<\/td>\n<\/tr>\n<tr>\n<td>\n<div align=\"left\">Volume Netto<\/div>\n<\/td>\n<td>\n<div align=\"left\">238 L<\/div>\n<\/td>\n<\/tr>\n<tr>\n<td>\n<div align=\"left\">Volume Lordo<\/div>\n<\/td>\n<td>\n<div align=\"left\">310 L<\/div>\n<\/td>\n<\/tr>\n<tr>\n<td>\n<div align=\"left\">Strom<\/div>\n<\/td>\n<td>\n<div align=\"left\">135 W<\/div>\n<\/td>\n<\/tr>\n<tr>\n<td>\n<div align=\"left\">Verbrauch<\/div>\n<\/td>\n<td>\n<div align=\"left\">2,15 kWh\/24h<\/div>\n<\/td>\n<\/tr>\n<tr>\n<td>\n<div align=\"left\">Abmessungen der Verpackung<\/div>\n<\/td>\n<td>\n<div align=\"left\">112 x 73 x 93 cm<\/div>\n<\/td>\n<\/tr>\n<tr>\n<td>\n<div align=\"left\">Capacit\u00e0 Cestelli (non forniti)<\/div>\n<\/td>\n<td>4<\/td>\n<\/tr>\n<\/tbody>\n<\/table>\n<hr \/>\n<p><strong>Optional<\/strong><\/p>\n<p>Cestello per surgelati e gelati confezionati (220 x 555 x 390 mm)<\/p>","protected":false},"excerpt":{"rendered":"<p><strong>N. Max cestelli installabili:<\/strong> 4<\/p>","protected":false},"featured_media":125942,"comment_status":"closed","ping_status":"closed","template":"","meta":{"_monsterinsights_skip_tracking":false,"_monsterinsights_sitenote_active":false,"_monsterinsights_sitenote_note":"","_monsterinsights_sitenote_category":0},"product_brand":[],"product_cat":[101,31,322],"product_tag":[],"class_list":{"0":"post-7184","1":"product","2":"type-product","3":"status-publish","4":"has-post-thumbnail","6":"product_cat-banchi-frigo-alimentari","7":"product_cat-banchi-e-murali-alimentari","8":"product_cat-isole-surgelati","9":"product_shipping_class-i","10":"pa_classe-energetica-classe-f","11":"pa_marca-mondial-framec","13":"first","14":"instock","15":"taxable","16":"shipping-taxable","17":"purchasable","18":"product-type-simple"},"_links":{"self":[{"href":"https:\/\/www.creaearredanegozi.it\/de\/wp-json\/wp\/v2\/product\/7184","targetHints":{"allow":["GET"]}}],"collection":[{"href":"https:\/\/www.creaearredanegozi.it\/de\/wp-json\/wp\/v2\/product"}],"about":[{"href":"https:\/\/www.creaearredanegozi.it\/de\/wp-json\/wp\/v2\/types\/product"}],"replies":[{"embeddable":true,"href":"https:\/\/www.creaearredanegozi.it\/de\/wp-json\/wp\/v2\/comments?post=7184"}],"wp:featuredmedia":[{"embeddable":true,"href":"https:\/\/www.creaearredanegozi.it\/de\/wp-json\/wp\/v2\/media\/125942"}],"wp:attachment":[{"href":"https:\/\/www.creaearredanegozi.it\/de\/wp-json\/wp\/v2\/media?parent=7184"}],"wp:term":[{"taxonomy":"product_brand","embeddable":true,"href":"https:\/\/www.creaearredanegozi.it\/de\/wp-json\/wp\/v2\/product_brand?post=7184"},{"taxonomy":"product_cat","embeddable":true,"href":"https:\/\/www.creaearredanegozi.it\/de\/wp-json\/wp\/v2\/product_cat?post=7184"},{"taxonomy":"product_tag","embeddable":true,"href":"https:\/\/www.creaearredanegozi.it\/de\/wp-json\/wp\/v2\/product_tag?post=7184"}],"curies":[{"name":"wp","href":"https:\/\/api.w.org\/{rel}","templated":true}]}}