{"id":7211,"date":"2016-06-21T12:49:06","date_gmt":"2016-06-21T10:49:06","guid":{"rendered":"https:\/\/www.creaearredanegozi.it\/shop\/attrezzature-per-pizzeria-attrezzi-pizzaiolo\/vetrine-refrigerate-porta-ingredienti-pizzeria\/vetrina-refrigerata-porta-ingredienti-pizzeria-da-appoggio-18-mt-8-x-gn13-forcar\/"},"modified":"2025-12-07T03:41:05","modified_gmt":"2025-12-07T02:41:05","slug":"kuhlvitrine-fur-pizzeria-zutaten-180cm-8xgn1-3-forcar-g-ri18038v","status":"publish","type":"product","link":"https:\/\/www.creaearredanegozi.it\/de\/kuhlvitrine-fur-pizzeria-zutaten-180cm-8xgn1-3-forcar-g-ri18038v\/","title":{"rendered":"K\u00fchlvitrine f\u00fcr Pizzeria Zutaten 180cm 8xGN1\/3 Forcar G-RI18038V"},"content":{"rendered":"<h3>K\u00fchlvitrine f\u00fcr Pizzeria Forcar<\/h3>\n<div><strong>Professionelle Vitrine Pizzeria G-RI18038V<\/strong><\/div>\n<ul>\n<li>Die innere und \u00e4u\u00dfere Struktur ist vollst\u00e4ndig aus rostfreiem Stahl AISI304 gefertigt.<\/li>\n<li>Statische K\u00fchlung.<\/li>\n<li>Eingebaute Gruppe.<\/li>\n<li>Digitaler Thermostat zur Temperaturregelung.<\/li>\n<li>Dicke der Isolierung 45 mm.<\/li>\n<li>Inklusive Schutzglas.<\/li>\n<\/ul>\n<p>Geeignet zur Aufnahme von 8 Gastronorm 1\/3 Schalen aus Edelstahl oder Polycarbonat mit einer maximalen Tiefe von 150 mm.<\/p>\n<p>Optional<\/p>\n<ul>\n<li>Paar Konsolen mit F\u00fc\u00dfen (h100-150-200 cm)<\/li>\n<li>Paar Wandhalterungen.<\/li>\n<\/ul>\n<hr \/>\n<p><strong>Technische Daten:<\/strong><\/p>\n<table class=\"table table-striped\">\n<tbody>\n<tr>\n<td>\n<div align=\"left\"><strong>Modell<\/strong><\/div>\n<\/td>\n<td>\n<div align=\"left\"><b>G-RI18038V<\/b><\/div>\n<\/td>\n<\/tr>\n<tr>\n<td>\n<div align=\"left\">Arbeitstemperatur<\/div>\n<\/td>\n<td>\n<div align=\"left\">+2\u00b0C\/+8\u00b0C<\/div>\n<\/td>\n<\/tr>\n<tr>\n<td>\n<div align=\"left\">\u00c4u\u00dfere Abmessungen<\/div>\n<\/td>\n<td>\n<div align=\"left\">Mit Glas: 1800 x 380 x 435h mm<\/div>\n<div align=\"left\">Ohne Glas: 1800 x 380 x 230h mm<\/div>\n<\/td>\n<\/tr>\n<tr>\n<td>\n<div align=\"left\">Innere Abmessungen<\/div>\n<\/td>\n<td>\n<div align=\"left\">1450 x 305 x 150 h mm<\/div>\n<\/td>\n<\/tr>\n<tr>\n<td>\n<div align=\"left\">Kapazit\u00e4t<\/div>\n<\/td>\n<td>\n<div align=\"left\">Nr. 8 x GN 1\/3 + Nr. 1 x GN 1\/2<\/div>\n<\/td>\n<\/tr>\n<tr>\n<td>\n<div align=\"left\">Maximale Arbeitstemperatur<\/div>\n<\/td>\n<td>\n<div align=\"left\">+32\u00b0C\/ 55 % HR<\/div>\n<\/td>\n<\/tr>\n<tr>\n<td>\n<div align=\"left\">Art der K\u00fchlung<\/div>\n<\/td>\n<td>\n<div align=\"left\">Statisch<\/div>\n<\/td>\n<\/tr>\n<tr>\n<td>\n<div align=\"left\">Art der Abtauung<\/div>\n<\/td>\n<td>\n<div align=\"left\">Eine Pause<\/div>\n<\/td>\n<\/tr>\n<tr>\n<td>\n<div align=\"left\">Art des K\u00e4ltemittelgases<\/div>\n<\/td>\n<td>\n<div align=\"left\">R600a<\/div>\n<\/td>\n<\/tr>\n<tr>\n<td>\n<div align=\"left\">Kondenswasserverdunstung<\/div>\n<\/td>\n<td>\n<div align=\"left\">Handbuch<\/div>\n<\/td>\n<\/tr>\n<tr>\n<td>\n<div align=\"left\">Temperaturkontrolle<\/div>\n<\/td>\n<td>\n<div align=\"left\">Elektronisch<\/div>\n<\/td>\n<\/tr>\n<tr>\n<td>\n<div align=\"left\">Isolierung<\/div>\n<\/td>\n<td>\n<div align=\"left\">45 mm<\/div>\n<\/td>\n<\/tr>\n<tr>\n<td>\n<div align=\"left\">Absorption<\/div>\n<\/td>\n<td>\n<div align=\"left\">122 W<\/div>\n<\/td>\n<\/tr>\n<tr>\n<td>\n<div align=\"left\">Spannung<\/div>\n<\/td>\n<td>\n<div align=\"left\">230V \/ 50 Hz<\/div>\n<\/td>\n<\/tr>\n<tr>\n<td>\n<div align=\"left\">Baumaterial<\/div>\n<\/td>\n<td>\n<div align=\"left\">Rostfreier Stahl AISI 304<\/div>\n<\/td>\n<\/tr>\n<tr>\n<td>\n<div align=\"left\">Innenbeleuchtung<\/div>\n<\/td>\n<td>\n<div align=\"left\">Nein<\/div>\n<\/td>\n<\/tr>\n<tr>\n<td>\n<div align=\"left\">Mitgeliefertes Zubeh\u00f6r<\/div>\n<\/td>\n<td>\n<div align=\"left\">Glas-Bausatz<\/div>\n<\/td>\n<\/tr>\n<tr>\n<td>\n<div align=\"left\">Nettogewicht<\/div>\n<\/td>\n<td>\n<div align=\"left\">57 kg<\/div>\n<\/td>\n<\/tr>\n<\/tbody>\n<\/table>\n<p>&nbsp;<\/p>\n<hr \/>\n<p>Verf\u00fcgbare Modelle und Gr\u00f6\u00dfen<\/p>\n<p><img decoding=\"async\" class=\"alignnone size-full wp-image-124701\" src=\"https:\/\/www.creaearredanegozi.it\/wp-content\/uploads\/2019\/10\/serie380.jpg\" alt=\"\" width=\"600\" height=\"600\" title=\"\" srcset=\"https:\/\/www.creaearredanegozi.it\/wp-content\/uploads\/2019\/10\/serie380.jpg 600w, https:\/\/www.creaearredanegozi.it\/wp-content\/uploads\/2019\/10\/serie380-250x250.jpg 250w, https:\/\/www.creaearredanegozi.it\/wp-content\/uploads\/2019\/10\/serie380-100x100.jpg 100w, https:\/\/www.creaearredanegozi.it\/wp-content\/uploads\/2019\/10\/serie380-516x516.jpg 516w, https:\/\/www.creaearredanegozi.it\/wp-content\/uploads\/2019\/10\/serie380-64x64.jpg 64w, https:\/\/www.creaearredanegozi.it\/wp-content\/uploads\/2019\/10\/serie380-400x400.jpg 400w, https:\/\/www.creaearredanegozi.it\/wp-content\/uploads\/2019\/10\/serie380-280x280.jpg 280w\" sizes=\"(max-width: 600px) 100vw, 600px\" \/><\/p>","protected":false},"excerpt":{"rendered":"<p>Vetrinetta refrigerata per Pizzeria Forcar Vetrina professionale pizzeria G-RI18038V Struttura interna ed esterna realizzata interamente in acciaio inox AISI304. Refrigerazione statica. Gruppo incorporato. Termostato digitale per il controllo della temperatura. Spessore isolamento 45mm. Vetri di protezione inclusi. Idonea a contenere 8 bacinelle gastronorm 1\/3 inox o in policarbonato con profondit\u00e0 massima di 150mm. Optional Coppia [&#8230;]","protected":false},"featured_media":7213,"comment_status":"closed","ping_status":"closed","template":"","meta":{"_monsterinsights_skip_tracking":false,"_monsterinsights_sitenote_active":false,"_monsterinsights_sitenote_note":"","_monsterinsights_sitenote_category":0},"product_brand":[624],"product_cat":[189],"product_tag":[],"class_list":{"0":"post-7211","1":"product","2":"type-product","3":"status-publish","4":"has-post-thumbnail","6":"product_brand-forcar","7":"product_cat-vetrine-refrigerate-porta-ingredienti-pizzeria","8":"product_shipping_class-38","10":"first","11":"instock","12":"taxable","13":"shipping-taxable","14":"purchasable","15":"product-type-simple"},"_links":{"self":[{"href":"https:\/\/www.creaearredanegozi.it\/de\/wp-json\/wp\/v2\/product\/7211","targetHints":{"allow":["GET"]}}],"collection":[{"href":"https:\/\/www.creaearredanegozi.it\/de\/wp-json\/wp\/v2\/product"}],"about":[{"href":"https:\/\/www.creaearredanegozi.it\/de\/wp-json\/wp\/v2\/types\/product"}],"replies":[{"embeddable":true,"href":"https:\/\/www.creaearredanegozi.it\/de\/wp-json\/wp\/v2\/comments?post=7211"}],"wp:featuredmedia":[{"embeddable":true,"href":"https:\/\/www.creaearredanegozi.it\/de\/wp-json\/wp\/v2\/media\/7213"}],"wp:attachment":[{"href":"https:\/\/www.creaearredanegozi.it\/de\/wp-json\/wp\/v2\/media?parent=7211"}],"wp:term":[{"taxonomy":"product_brand","embeddable":true,"href":"https:\/\/www.creaearredanegozi.it\/de\/wp-json\/wp\/v2\/product_brand?post=7211"},{"taxonomy":"product_cat","embeddable":true,"href":"https:\/\/www.creaearredanegozi.it\/de\/wp-json\/wp\/v2\/product_cat?post=7211"},{"taxonomy":"product_tag","embeddable":true,"href":"https:\/\/www.creaearredanegozi.it\/de\/wp-json\/wp\/v2\/product_tag?post=7211"}],"curies":[{"name":"wp","href":"https:\/\/api.w.org\/{rel}","templated":true}]}}