{"id":7220,"date":"2016-06-23T14:16:00","date_gmt":"2016-06-23T12:16:00","guid":{"rendered":"https:\/\/www.creaearredanegozi.it\/?post_type=product&#038;p=7220"},"modified":"2024-11-20T13:51:59","modified_gmt":"2024-11-20T12:51:59","slug":"professionelle-elektrische-kreppmaschine-mit-einer-platte-fimar-crpn","status":"publish","type":"product","link":"https:\/\/www.creaearredanegozi.it\/de\/professionelle-elektrische-kreppmaschine-mit-einer-platte-fimar-crpn\/","title":{"rendered":"Professionelle elektrische Cr\u00eape-Pfannkuchen-Pfanne FIMAR CRPN"},"content":{"rendered":"<h3>FIMAR ELEKTRISCHE KREPPMASCHINE<\/h3>\n<p><strong>CRPN ELEKTRISCHE CRACKER<\/strong><br \/>\nMaschinen f\u00fcr die Zubereitung von s\u00fc\u00dfen oder salzigen Cr\u00eapes.<\/p>\n<ul>\n<li>Struktur aus rostfreiem Stahl.<\/li>\n<li>Kochplatte aus Gusseisen mit rutschfester Multistreifenoberfl\u00e4che.<\/li>\n<li>Eine Kochplatte.<\/li>\n<li>Kochzeit etwa 1 bis 3 Minuten.<\/li>\n<li>Thermostat zur Temperaturregelung.<\/li>\n<\/ul>\n<p><strong>Technische Daten<\/strong><\/p>\n<ul>\n<li>Stromversorgung: 230V\/1N\/50-60Hz<\/li>\n<li>Leistungsaufnahme: 2400W<\/li>\n<li>N. Tafeln: 1<\/li>\n<li>Durchmesser der Platte: \u00f8 350 mm<\/li>\n<li>Kochzeit: 1-3\u2032<\/li>\n<li>Abmessungen: 370 x 370 x 140 h (mm)<\/li>\n<li>Netto\/Brutto Gewicht: 12\/14 kg<\/li>\n<li>Abmessungen der Verpackung: 500 x 430 x 214 h (mm)<\/li>\n<\/ul>\n<hr \/>\n<p style=\"text-align: center;\"><iframe loading=\"lazy\" src=\"https:\/\/www.youtube-nocookie.com\/embed\/geGLZdYgmss?rel=0&amp;showinfo=0\" width=\"560\" height=\"315\" frameborder=\"0\"><\/iframe><\/p>","protected":false},"excerpt":{"rendered":"<p>CREPIERA ELETTRICA FIMAR CREPIERE ELETTRICHE CRPN Macchine per la preparazione di crepes dolci o salate. Struttura in acciaio inox. Piastra di cottura in ghisa con superficie multirighe antiscivolo. Una piastra di cottura. Tempo di cottura da 1 a 3\u2019 circa. Termostato per la regolazione temperatura. Specifiche Tecniche Alimentazione: 230V\/1N\/50-60Hz Potenza Assorbita: 2400W N. Piastre: 1 [&#8230;]","protected":false},"featured_media":122192,"comment_status":"closed","ping_status":"closed","template":"","meta":{"_monsterinsights_skip_tracking":false,"_monsterinsights_sitenote_active":false,"_monsterinsights_sitenote_note":"","_monsterinsights_sitenote_category":0},"product_brand":[628],"product_cat":[175,9,89,86,25],"product_tag":[],"class_list":{"0":"post-7220","1":"product","2":"type-product","3":"status-publish","4":"has-post-thumbnail","6":"product_brand-fimar","7":"product_cat-piastre-ristorazione","8":"product_cat-attrezzature-pub","9":"product_cat-in-ghisa","10":"product_cat-piastre","11":"product_cat-attrezzature-ristoranti-pub-cucine","12":"product_shipping_class-215","13":"pa_marca-fimar","15":"first","16":"instock","17":"sale","18":"taxable","19":"shipping-taxable","20":"purchasable","21":"product-type-simple"},"_links":{"self":[{"href":"https:\/\/www.creaearredanegozi.it\/de\/wp-json\/wp\/v2\/product\/7220","targetHints":{"allow":["GET"]}}],"collection":[{"href":"https:\/\/www.creaearredanegozi.it\/de\/wp-json\/wp\/v2\/product"}],"about":[{"href":"https:\/\/www.creaearredanegozi.it\/de\/wp-json\/wp\/v2\/types\/product"}],"replies":[{"embeddable":true,"href":"https:\/\/www.creaearredanegozi.it\/de\/wp-json\/wp\/v2\/comments?post=7220"}],"wp:featuredmedia":[{"embeddable":true,"href":"https:\/\/www.creaearredanegozi.it\/de\/wp-json\/wp\/v2\/media\/122192"}],"wp:attachment":[{"href":"https:\/\/www.creaearredanegozi.it\/de\/wp-json\/wp\/v2\/media?parent=7220"}],"wp:term":[{"taxonomy":"product_brand","embeddable":true,"href":"https:\/\/www.creaearredanegozi.it\/de\/wp-json\/wp\/v2\/product_brand?post=7220"},{"taxonomy":"product_cat","embeddable":true,"href":"https:\/\/www.creaearredanegozi.it\/de\/wp-json\/wp\/v2\/product_cat?post=7220"},{"taxonomy":"product_tag","embeddable":true,"href":"https:\/\/www.creaearredanegozi.it\/de\/wp-json\/wp\/v2\/product_tag?post=7220"}],"curies":[{"name":"wp","href":"https:\/\/api.w.org\/{rel}","templated":true}]}}