{"id":7347,"date":"2016-07-30T13:17:52","date_gmt":"2016-07-30T11:17:52","guid":{"rendered":"https:\/\/www.creaearredanegozi.it\/shop\/casteria-e-carrelli\/transenna-angolare-100x100-mm-filomarket\/"},"modified":"2023-07-03T19:50:18","modified_gmt":"2023-07-03T17:50:18","slug":"transenna-angolare-100x100-mm-filomarket","status":"publish","type":"product","link":"https:\/\/www.creaearredanegozi.it\/de\/transenna-angolare-100x100-mm-filomarket\/","title":{"rendered":"Eckige Barriere 100\u00d7100 cm"},"content":{"rendered":"<h1>Transenna Angolare<\/h1>\n<p>Metallo Cromato<br \/>\nVersione: Angolare 100 cm x 100 x 112h cm<\/p>\n<p>L&#8217;offerta si compone di:<\/p>\n<ul>\n<li><strong>N. 2<\/strong> Montanti terminali a doppio innesto \u00d8 48 mm<\/li>\n<li><strong>N. 1<\/strong> Montante intermedio ad angolo a 4 innesti \u00d8 48 mm<\/li>\n<li><strong>N. 4<\/strong> Sbarre tubolari inox da 1000 mm \u00d8 40<\/li>\n<\/ul>\n<hr \/>\n<blockquote><p><em>Le transenne sono un sistema componibile per il controllo degli accessi. Per avere un preventivo mandi una email con le misure che le occorrono; ci invii anche uno schizzo di progetto, svilupperemo il preventivo con il massimo dello sconto possibile. Oppure ci contatti telefonicamente e ci spieghi come deve essere composta la sua transenna.<\/em><\/p><\/blockquote>","protected":false},"excerpt":{"rendered":"<p>Transenna Angolare Metallo Cromato Versione: Angolare 100 cm x 100 x 112h cm L&#8217;offerta si compone di: N. 2 Montanti terminali a doppio innesto \u00d8 48 mm N. 1 Montante intermedio ad angolo a 4 innesti \u00d8 48 mm N. 4 Sbarre tubolari inox da 1000 mm \u00d8 40 Le transenne sono un sistema componibile [&#8230;]","protected":false},"featured_media":0,"comment_status":"closed","ping_status":"closed","template":"","meta":{"_monsterinsights_skip_tracking":false,"_monsterinsights_sitenote_active":false,"_monsterinsights_sitenote_note":"","_monsterinsights_sitenote_category":0},"product_brand":[],"product_cat":[29,105],"product_tag":[],"class_list":{"0":"post-7347","1":"product","2":"type-product","3":"status-publish","5":"product_cat-cesteria-e-carrelli","6":"product_cat-passapersone","7":"product_shipping_class-32","9":"first","10":"instock","11":"taxable","12":"shipping-taxable","13":"purchasable","14":"product-type-simple"},"_links":{"self":[{"href":"https:\/\/www.creaearredanegozi.it\/de\/wp-json\/wp\/v2\/product\/7347","targetHints":{"allow":["GET"]}}],"collection":[{"href":"https:\/\/www.creaearredanegozi.it\/de\/wp-json\/wp\/v2\/product"}],"about":[{"href":"https:\/\/www.creaearredanegozi.it\/de\/wp-json\/wp\/v2\/types\/product"}],"replies":[{"embeddable":true,"href":"https:\/\/www.creaearredanegozi.it\/de\/wp-json\/wp\/v2\/comments?post=7347"}],"wp:attachment":[{"href":"https:\/\/www.creaearredanegozi.it\/de\/wp-json\/wp\/v2\/media?parent=7347"}],"wp:term":[{"taxonomy":"product_brand","embeddable":true,"href":"https:\/\/www.creaearredanegozi.it\/de\/wp-json\/wp\/v2\/product_brand?post=7347"},{"taxonomy":"product_cat","embeddable":true,"href":"https:\/\/www.creaearredanegozi.it\/de\/wp-json\/wp\/v2\/product_cat?post=7347"},{"taxonomy":"product_tag","embeddable":true,"href":"https:\/\/www.creaearredanegozi.it\/de\/wp-json\/wp\/v2\/product_tag?post=7347"}],"curies":[{"name":"wp","href":"https:\/\/api.w.org\/{rel}","templated":true}]}}