{"id":7362,"date":"2016-08-10T12:32:59","date_gmt":"2016-08-10T10:32:59","guid":{"rendered":"https:\/\/www.creaearredanegozi.it\/?post_type=product&#038;p=7362"},"modified":"2024-05-24T10:36:47","modified_gmt":"2024-05-24T08:36:47","slug":"reibeisen-gmb","status":"publish","type":"product","link":"https:\/\/www.creaearredanegozi.it\/de\/reibeisen-gmb\/","title":{"rendered":"Reibe 230V Serie GMB Mignon FAMA Wei\u00df"},"content":{"rendered":"<h3>Profi-Reibe 1400 U\/min Einphasig<\/h3>\n<p><strong>Reibe GMB Wei\u00df<\/strong><\/p>\n<p>Kleine K\u00e4sereibe, ideal f\u00fcr den Hausgebrauch, aber auch f\u00fcr den semiprofessionellen Gebrauch geeignet. Sch\u00f6n, funktionell, praktisch und ein gro\u00dfer Arbeiter. Trotz ihrer geringen Gr\u00f6\u00dfe kann sie eine au\u00dfergew\u00f6hnliche Menge an Produkten verarbeiten.<\/p>\n<p>Sie entspricht allen geltenden Vorschriften und ist mit einem Motor mit W\u00e4rmeschutz, einer Verriegelung am Reibedr\u00fccker, die bei \u00dcberschreiten der Sicherheitsschwelle eingreift, und einer Reibe aus rostfreiem Stahl ausgestattet, die das Ber\u00fchren beweglicher Teile verhindert. Ein wahres kleines Meisterwerk der Mechanik und des Designs.<\/p>\n<p>Unsere Mignon-Reibe, die bereits erfolgreich im Haushalt eingesetzt wird, erf\u00fcllt auch problemlos die Anforderungen von kleinen Gemeinden, Hotels und Restaurants.<\/p>\n<ul>\n<li>Maschinen f\u00fcr den professionellen Einsatz<\/li>\n<li>Konstruktion aus rostfreiem Stahl<\/li>\n<li>Geh\u00e4use aus druckgegossener und lackierter Aluminiumlegierung<\/li>\n<li>Robuster, im Inland hergestellter, bel\u00fcfteter Asynchronmotor mit W\u00e4rmeschutz<\/li>\n<li>Stahlwalze mit chemisch vernickelter Beschichtung<\/li>\n<li>Rolle aus rostfreiem Stahl AISI 304 (auf Anfrage erh\u00e4ltlich)<\/li>\n<li>K\u00e4seschale aus Edelstahl<\/li>\n<li>Auslaufschutzgitter f\u00fcr Reibeisen aus rostfreiem Stahl<\/li>\n<li>Mikro-Schutzreibe<\/li>\n<li>EG-Normen.<\/li>\n<\/ul>\n<hr \/>\n<p><strong>Technische Daten<\/strong><\/p>\n<hr \/>\n<ul>\n<li>Stromversorgung: 230\/50 Volt\/Hz<\/li>\n<li>Leistung: 0,38 (0,50) kW\/(PS)<\/li>\n<li>Reibe-Drehzahl: 1400<\/li>\n<li>St\u00fcndliche Leistung: 30 kg<\/li>\n<li>\u00d6ffnung der Reibe: 110 x 65 mm<\/li>\n<li>Gestanzte Reibwalze: 110\u00d760<\/li>\n<li>Nettogewicht: 8,0 kg<\/li>\n<li>Bruttogewicht: 9,0 kg<\/li>\n<li>Abmessungen der Maschine: 280 x 170 x 310 mm<\/li>\n<li>Abmessungen der Verpackung: 300 x 260 x 360 mm.<\/li>\n<li>Farbe: wei\u00df. Auch in Chrom oder Rot erh\u00e4ltlich.<\/li>\n<\/ul>\n<p>Optional<\/p>\n<p>Zuschlag f\u00fcr Edelstahlwalze<\/p>","protected":false},"excerpt":{"rendered":"<p>Grattugia Professionale 1400 Giri Monofase Grattugia GMB Bianco Piccola grattugia per la preparazione del formaggio, ideale per uso domestico, ma indicata anche per il semi-professionale. Bellissima, funzionale, pratica e grande lavoratrice. Nonostante le ridotte dimensioni \u00e8 in grado di lavorare una quantit\u00e0 di prodotto eccezionale. In regola con tutte le normative vigenti monta un motore [&#8230;]","protected":false},"featured_media":7364,"comment_status":"closed","ping_status":"closed","template":"","meta":{"_monsterinsights_skip_tracking":false,"_monsterinsights_sitenote_active":false,"_monsterinsights_sitenote_note":"","_monsterinsights_sitenote_category":0},"product_brand":[704],"product_cat":[56],"product_tag":[],"class_list":{"0":"post-7362","1":"product","2":"type-product","3":"status-publish","4":"has-post-thumbnail","6":"product_brand-fama","7":"product_cat-grattugie","8":"product_shipping_class-215","9":"pa_marca-fama","11":"first","12":"instock","13":"taxable","14":"shipping-taxable","15":"purchasable","16":"product-type-simple"},"_links":{"self":[{"href":"https:\/\/www.creaearredanegozi.it\/de\/wp-json\/wp\/v2\/product\/7362","targetHints":{"allow":["GET"]}}],"collection":[{"href":"https:\/\/www.creaearredanegozi.it\/de\/wp-json\/wp\/v2\/product"}],"about":[{"href":"https:\/\/www.creaearredanegozi.it\/de\/wp-json\/wp\/v2\/types\/product"}],"replies":[{"embeddable":true,"href":"https:\/\/www.creaearredanegozi.it\/de\/wp-json\/wp\/v2\/comments?post=7362"}],"wp:featuredmedia":[{"embeddable":true,"href":"https:\/\/www.creaearredanegozi.it\/de\/wp-json\/wp\/v2\/media\/7364"}],"wp:attachment":[{"href":"https:\/\/www.creaearredanegozi.it\/de\/wp-json\/wp\/v2\/media?parent=7362"}],"wp:term":[{"taxonomy":"product_brand","embeddable":true,"href":"https:\/\/www.creaearredanegozi.it\/de\/wp-json\/wp\/v2\/product_brand?post=7362"},{"taxonomy":"product_cat","embeddable":true,"href":"https:\/\/www.creaearredanegozi.it\/de\/wp-json\/wp\/v2\/product_cat?post=7362"},{"taxonomy":"product_tag","embeddable":true,"href":"https:\/\/www.creaearredanegozi.it\/de\/wp-json\/wp\/v2\/product_tag?post=7362"}],"curies":[{"name":"wp","href":"https:\/\/api.w.org\/{rel}","templated":true}]}}