{"id":7365,"date":"2016-08-10T13:08:30","date_gmt":"2016-08-10T11:08:30","guid":{"rendered":"https:\/\/www.creaearredanegozi.it\/shop\/attrezzature-alimentari\/grattugie\/grattugia-serie-gm-fama-cromata\/"},"modified":"2024-05-27T12:53:21","modified_gmt":"2024-05-27T10:53:21","slug":"reibeplatzchen","status":"publish","type":"product","link":"https:\/\/www.creaearredanegozi.it\/de\/reibeplatzchen\/","title":{"rendered":"Profi-Reibe 230V Serie GM Mignon FAMA Verchromt"},"content":{"rendered":"<h3>Professionelle einphasige Reibe 1400 Umdrehungen 380 KW<\/h3>\n<p><strong>Mignonreibe GM - GMR Rot - GMB Wei\u00df<\/strong><\/p>\n<p>Kleine K\u00e4sereibe, ideal f\u00fcr den Hausgebrauch, aber auch f\u00fcr den semiprofessionellen Gebrauch geeignet. Sch\u00f6n, funktionell, praktisch und ein gro\u00dfer Arbeiter. Trotz ihrer geringen Gr\u00f6\u00dfe kann sie eine au\u00dfergew\u00f6hnliche Menge an Produkten verarbeiten.<\/p>\n<p>Sie entspricht allen geltenden Vorschriften und ist mit einem Motor mit W\u00e4rmeschutz, einer Verriegelung am Reibedr\u00fccker, die bei \u00dcberschreiten der Sicherheitsschwelle eingreift, und einer Reibe aus rostfreiem Stahl ausgestattet, die das Ber\u00fchren beweglicher Teile verhindert. Ein wahres kleines Meisterwerk der Mechanik und des Designs.<\/p>\n<p>Unsere Mignon-Reibe, die bereits erfolgreich im Haushalt eingesetzt wird, erf\u00fcllt auch problemlos die Anforderungen von kleinen Gemeinden, Hotels und Restaurants.<\/p>\n<p>TECHNISCHE MERKMALE<\/p>\n<ul>\n<li>Maschinen f\u00fcr den professionellen Einsatz<\/li>\n<li><span style=\"color: #555555;\">Konstruktion aus rostfreiem Stahl<\/span><\/li>\n<li><span style=\"color: #555555;\">Geh\u00e4use aus polierter und lackierter Aluminiumdruckgusslegierung<\/span><\/li>\n<li><span style=\"color: #555555;\">Bel\u00fcfteter Asynchronmotor<\/span><\/li>\n<li><span style=\"color: #555555;\">Thermischer Motorschutz<\/span><\/li>\n<li><span style=\"color: #555555;\">Mechanisches Mikro beim \u00d6ffnen der Reibebeladung<\/span><\/li>\n<li><span style=\"color: #555555;\">Reibwalze aus Stahl mit zertifizierter Behandlung<\/span><\/li>\n<li><span style=\"color: #555555;\">Ablaufgitter aus Stahl<\/span><\/li>\n<li><span style=\"color: #555555;\">Gitterrost zum Schutz vor Kontakt mit beweglichen Teilen<\/span><\/li>\n<li><span style=\"color: #555555;\">EG-Normen<\/span><\/li>\n<li><span style=\"color: #555555;\">Hergestellt in Italien<\/span><\/li>\n<\/ul>\n<hr \/>\n<p style=\"text-align: center;\"><strong>Technische Daten<\/strong><\/p>\n<hr \/>\n<table style=\"border-collapse: collapse; width: 100%;\">\n<tbody>\n<tr>\n<td style=\"width: 50%;\">Modell<\/td>\n<td style=\"width: 50%;\"><strong>\u00a0GM GMR GMB<\/strong><\/td>\n<\/tr>\n<tr>\n<td style=\"width: 50%;\">Stromversorgung (Volt\/Hz)<\/td>\n<td style=\"width: 50%;\">230\/50<\/td>\n<\/tr>\n<tr>\n<td style=\"width: 50%;\">Leistung (Kwatt\/Hp)<\/td>\n<td style=\"width: 50%;\">0,38 (0,50)<\/td>\n<\/tr>\n<tr>\n<td style=\"width: 50%;\">Turns\/Reibe<\/td>\n<td style=\"width: 50%;\">1400<\/td>\n<\/tr>\n<tr>\n<td style=\"width: 50%;\">St\u00fcndliche Leistung Reibeisen<\/td>\n<td style=\"width: 50%;\">30<\/td>\n<\/tr>\n<tr>\n<td style=\"width: 50%;\">Reibeisen Mund<\/td>\n<td style=\"width: 50%;\">110&#215;65<\/td>\n<\/tr>\n<tr>\n<td style=\"width: 50%;\">Walzenreibe gestanzt<\/td>\n<td style=\"width: 50%;\">110&#215;60<\/td>\n<\/tr>\n<tr>\n<td style=\"width: 50%;\">Einphasig Nettogewicht (kg)<\/td>\n<td style=\"width: 50%;\">8,0<\/td>\n<\/tr>\n<tr>\n<td style=\"width: 50%;\">Einphasig Bruttogewicht (kg)<\/td>\n<td style=\"width: 50%;\">9,0<\/td>\n<\/tr>\n<tr>\n<td style=\"width: 50%;\">Abmessungen (mm)<\/td>\n<td style=\"width: 50%;\">B. 170 D. 280 H. 310<\/td>\n<\/tr>\n<tr>\n<td style=\"width: 50%;\">Verpackungsgr\u00f6\u00dfe (mm)<\/td>\n<td style=\"width: 50%;\">B. 260 D. 300 H. 360<\/td>\n<\/tr>\n<\/tbody>\n<\/table>\n<p>&nbsp;<\/p>\n<hr \/>\n<p style=\"text-align: center;\"><strong>Optional<\/strong><\/p>\n<p>Vollst\u00e4ndig aus rostfreiem Stahl AISI 304 gefertigt, hat es scharfe Spitzen.<\/p>\n<p><a href=\"https:\/\/www.creaearredanegozi.it\/wp-content\/uploads\/2024\/05\/mri-rullo-optional.jpg\"><img decoding=\"async\" class=\"alignnone size-full wp-image-128067\" src=\"https:\/\/www.creaearredanegozi.it\/wp-content\/uploads\/2024\/05\/mri-rullo-optional.jpg\" alt=\"\" width=\"440\" height=\"300\" title=\"\" srcset=\"https:\/\/www.creaearredanegozi.it\/wp-content\/uploads\/2024\/05\/mri-rullo-optional.jpg 440w, https:\/\/www.creaearredanegozi.it\/wp-content\/uploads\/2024\/05\/mri-rullo-optional-64x44.jpg 64w\" sizes=\"(max-width: 440px) 100vw, 440px\" \/><\/a><\/p>","protected":false},"excerpt":{"rendered":"<p>Grattugia Professionale Monofase 1400 Giri 380 KW Grattugia Mignon GM &#8211; GMR Rossa &#8211; GMB Bianco Piccola grattugia per la preparazione del formaggio, ideale per uso domestico, ma indicata anche per il semi-professionale. Bellissima, funzionale, pratica e grande lavoratrice. Nonostante le ridotte dimensioni \u00e8 in grado di lavorare una quantit\u00e0 di prodotto eccezionale. In regola [&#8230;]","protected":false},"featured_media":128037,"comment_status":"closed","ping_status":"closed","template":"","meta":{"_monsterinsights_skip_tracking":false,"_monsterinsights_sitenote_active":false,"_monsterinsights_sitenote_note":"","_monsterinsights_sitenote_category":0},"product_brand":[704],"product_cat":[56],"product_tag":[],"class_list":{"0":"post-7365","1":"product","2":"type-product","3":"status-publish","4":"has-post-thumbnail","6":"product_brand-fama","7":"product_cat-grattugie","8":"product_shipping_class-215","9":"pa_marca-fama","11":"first","12":"instock","13":"taxable","14":"shipping-taxable","15":"purchasable","16":"product-type-variable"},"_links":{"self":[{"href":"https:\/\/www.creaearredanegozi.it\/de\/wp-json\/wp\/v2\/product\/7365","targetHints":{"allow":["GET"]}}],"collection":[{"href":"https:\/\/www.creaearredanegozi.it\/de\/wp-json\/wp\/v2\/product"}],"about":[{"href":"https:\/\/www.creaearredanegozi.it\/de\/wp-json\/wp\/v2\/types\/product"}],"replies":[{"embeddable":true,"href":"https:\/\/www.creaearredanegozi.it\/de\/wp-json\/wp\/v2\/comments?post=7365"}],"wp:featuredmedia":[{"embeddable":true,"href":"https:\/\/www.creaearredanegozi.it\/de\/wp-json\/wp\/v2\/media\/128037"}],"wp:attachment":[{"href":"https:\/\/www.creaearredanegozi.it\/de\/wp-json\/wp\/v2\/media?parent=7365"}],"wp:term":[{"taxonomy":"product_brand","embeddable":true,"href":"https:\/\/www.creaearredanegozi.it\/de\/wp-json\/wp\/v2\/product_brand?post=7365"},{"taxonomy":"product_cat","embeddable":true,"href":"https:\/\/www.creaearredanegozi.it\/de\/wp-json\/wp\/v2\/product_cat?post=7365"},{"taxonomy":"product_tag","embeddable":true,"href":"https:\/\/www.creaearredanegozi.it\/de\/wp-json\/wp\/v2\/product_tag?post=7365"}],"curies":[{"name":"wp","href":"https:\/\/api.w.org\/{rel}","templated":true}]}}