{"id":7374,"date":"2016-08-10T13:31:04","date_gmt":"2016-08-10T11:31:04","guid":{"rendered":"https:\/\/www.creaearredanegozi.it\/shop\/attrezzature-alimentari\/grattugie\/grattugia-serie-gs-fama-trifase\/"},"modified":"2024-05-24T13:39:08","modified_gmt":"2024-05-24T11:39:08","slug":"reibeisen-serie-gs-fame-dreiphasig","status":"publish","type":"product","link":"https:\/\/www.creaearredanegozi.it\/de\/reibeisen-serie-gs-fame-dreiphasig\/","title":{"rendered":"Reibeisen der Serie GS FAMA dreiphasig und einphasig 1 PS"},"content":{"rendered":"<h3>Profi-Reibe 1400 RPM 750 W<\/h3>\n<p><strong>Verchromte GS-Reibe<\/strong><\/p>\n<p>Die aus Hightech-Materialien gefertigte GS-Profireibe ist ein elegantes, benutzerfreundliches Ger\u00e4t. Sie ist in jeder modernen K\u00fcche unverzichtbar und kann jede Art von Hartk\u00e4se, Brot, Trockenobst und Keksen reiben. Fama Industrie bietet verschiedene Versionen an, mehr oder weniger leistungsf\u00e4hig, mit rechter oder linker Reibe. Sie ist in der Lage, die W\u00fcnsche unserer Kunden und die verschiedenen Platzanforderungen zu erf\u00fcllen. Verschiedene Typen von gefr\u00e4sten Walzen aus rostfreiem Stahl verf\u00fcgbar. Stahlschutzgitter bei der Entladung und Verriegelung bei der K\u00e4seladung, um den Kontakt mit beweglichen Teilen zu verhindern. Serienm\u00e4\u00dfig bel\u00fcfteter Motor mit Thermostat.<\/p>\n<ul>\n<li>Leuchten f\u00fcr den professionellen Einsatz<\/li>\n<li>Ideal f\u00fcr Restaurants, Hotels, Superm\u00e4rkte, Gemeinden<\/li>\n<li>F\u00e4higkeit, gro\u00dfe Mengen von Produkten zu verarbeiten<\/li>\n<li>Rahmen aus poliertem Aluminiumdruckguss<\/li>\n<li>Poliertes Edelstahlband am Motorgeh\u00e4use<\/li>\n<li>Asynchroner Motor <strong>bel\u00fcftet<\/strong> von gro\u00dfer Kraft und Haltbarkeit<\/li>\n<li><strong>Thermischer Schutz<\/strong> zum Motor<\/li>\n<li>Mechanisches Mikro beim \u00d6ffnen der Reibebeladung<\/li>\n<li><strong>Motorbremse<\/strong><\/li>\n<li>Reibwalze aus Stahl mit Behandlung (stromlose Vernickelung) zertifiziert<\/li>\n<li>Reibwalze aus rostfreiem Stahl AISI 304 erh\u00e4ltlich (<em>optional +43\u20ac<\/em>)<\/li>\n<li>Ablaufgitter aus Stahl<\/li>\n<li>EG-Normen<\/li>\n<li>Hergestellt in Italien<\/li>\n<\/ul>\n<hr \/>\n<p><strong>Technische Daten<\/strong><\/p>\n<table style=\"border-collapse: collapse; width: 100%;\">\n<tbody>\n<tr>\n<td style=\"width: 50%;\">Modell<\/td>\n<td style=\"width: 50%;\">GS<\/td>\n<\/tr>\n<tr>\n<td style=\"width: 50%;\">Stromversorgung<\/td>\n<td style=\"width: 50%;\">230\/50 - 230-400\/50<\/td>\n<\/tr>\n<tr>\n<td style=\"width: 50%;\">Leistung (Kwatt\/Hp)<\/td>\n<td style=\"width: 50%;\">0,75 (1,00)<\/td>\n<\/tr>\n<tr>\n<td style=\"width: 50%;\">Turns\/Reibe<\/td>\n<td style=\"width: 50%;\">1400<\/td>\n<\/tr>\n<tr>\n<td style=\"width: 50%;\">St\u00fcndliche Leistung Reibeisen<\/td>\n<td style=\"width: 50%;\">70<\/td>\n<\/tr>\n<tr>\n<td style=\"width: 50%;\">Reibeisen Mund<\/td>\n<td style=\"width: 50%;\">140&#215;80<\/td>\n<\/tr>\n<tr>\n<td style=\"width: 50%;\">Walzenreibe gestanzt<\/td>\n<td style=\"width: 50%;\">140&#215;75<\/td>\n<\/tr>\n<tr>\n<td style=\"width: 50%;\">Einphasig\/dreiphasig Nettogewicht (kg)<\/td>\n<td style=\"width: 50%;\">18,0\/18,0<\/td>\n<\/tr>\n<tr>\n<td style=\"width: 50%;\">Bruttogewicht einphasig\/dreiphasig (kg)<\/td>\n<td style=\"width: 50%;\">20,0\/20,0<\/td>\n<\/tr>\n<tr>\n<td style=\"width: 50%;\">Abmessungen (mm)<\/td>\n<td style=\"width: 50%;\">B. 220 D. 380 H. 380<\/td>\n<\/tr>\n<tr>\n<td style=\"width: 50%;\">Verpackungsgr\u00f6\u00dfe (mm)<strong><br \/>\n<\/strong><\/td>\n<td style=\"width: 50%;\">B. 310 D. 400 H. 400<\/td>\n<\/tr>\n<\/tbody>\n<\/table>\n<hr \/>\n<p>&nbsp;<\/p>\n<hr \/>\n<p><strong>Produkt-Demonstration<\/strong><\/p>\n<hr \/>\n<p style=\"text-align: center;\"><iframe loading=\"lazy\" src=\"https:\/\/www.youtube-nocookie.com\/embed\/N_tMjOMqpUg?rel=0&amp;showinfo=0\" width=\"560\" height=\"315\" frameborder=\"0\" allowfullscreen=\"allowfullscreen\"><\/iframe><\/p>","protected":false},"excerpt":{"rendered":"<p>Grattugia Professionale 1400 Giri 750 W Grattugia GS Cromata La grattugia professionale GS, assemblata con materiali ad alta tecnologia, \u00e8 un elegante apparecchio di semplice utilizzo. Indispensabile in qualsiasi moderna cucina, pu\u00f2 grattugiare qualsiasi tipo di formaggio duro, pane, frutta secca, biscotti. Fama Industrie mette a disposizione varie versioni, pi\u00f9 o meno potenti, con grattugia [&#8230;]","protected":false},"featured_media":128046,"comment_status":"closed","ping_status":"closed","template":"","meta":{"_monsterinsights_skip_tracking":false,"_monsterinsights_sitenote_active":false,"_monsterinsights_sitenote_note":"","_monsterinsights_sitenote_category":0},"product_brand":[704],"product_cat":[56],"product_tag":[],"class_list":{"0":"post-7374","1":"product","2":"type-product","3":"status-publish","4":"has-post-thumbnail","6":"product_brand-fama","7":"product_cat-grattugie","8":"product_shipping_class-215","9":"pa_marca-fama","10":"pa_versione-monofase","11":"pa_versione-trifase","13":"first","14":"instock","15":"taxable","16":"shipping-taxable","17":"purchasable","18":"product-type-variable"},"_links":{"self":[{"href":"https:\/\/www.creaearredanegozi.it\/de\/wp-json\/wp\/v2\/product\/7374","targetHints":{"allow":["GET"]}}],"collection":[{"href":"https:\/\/www.creaearredanegozi.it\/de\/wp-json\/wp\/v2\/product"}],"about":[{"href":"https:\/\/www.creaearredanegozi.it\/de\/wp-json\/wp\/v2\/types\/product"}],"replies":[{"embeddable":true,"href":"https:\/\/www.creaearredanegozi.it\/de\/wp-json\/wp\/v2\/comments?post=7374"}],"wp:featuredmedia":[{"embeddable":true,"href":"https:\/\/www.creaearredanegozi.it\/de\/wp-json\/wp\/v2\/media\/128046"}],"wp:attachment":[{"href":"https:\/\/www.creaearredanegozi.it\/de\/wp-json\/wp\/v2\/media?parent=7374"}],"wp:term":[{"taxonomy":"product_brand","embeddable":true,"href":"https:\/\/www.creaearredanegozi.it\/de\/wp-json\/wp\/v2\/product_brand?post=7374"},{"taxonomy":"product_cat","embeddable":true,"href":"https:\/\/www.creaearredanegozi.it\/de\/wp-json\/wp\/v2\/product_cat?post=7374"},{"taxonomy":"product_tag","embeddable":true,"href":"https:\/\/www.creaearredanegozi.it\/de\/wp-json\/wp\/v2\/product_tag?post=7374"}],"curies":[{"name":"wp","href":"https:\/\/api.w.org\/{rel}","templated":true}]}}