{"id":7384,"date":"2016-08-10T14:32:33","date_gmt":"2016-08-10T12:32:33","guid":{"rendered":"https:\/\/www.creaearredanegozi.it\/shop\/attrezzature-alimentari\/tritacarne\/tritacarne-grattugia-tg22-fama-monofase\/"},"modified":"2024-05-16T12:43:40","modified_gmt":"2024-05-16T10:43:40","slug":"fleischwolf-tg22","status":"publish","type":"product","link":"https:\/\/www.creaearredanegozi.it\/de\/fleischwolf-tg22\/","title":{"rendered":"Fleischwolfreibe TG22 FAMA Einphasig 1,5 HP AISI 304"},"content":{"rendered":"<h3>Profi-Fleischwolf Reibe TG Serie 1100 Watt<\/h3>\n<p><strong>Fleischwolfreibe TG22<\/strong><\/p>\n<p>Multifunktionales Ger\u00e4t, unverzichtbar in jeder modernen K\u00fcche. Schnell wie f\u00fcr Schweine-, Rind-, Gefl\u00fcgel- und Wildfleisch; funktionelle und schnelle Reibe f\u00fcr Hartk\u00e4se, Brot, Kekse, Trockenobst. Ein unersetzliches Ger\u00e4t, um verschiedene Lebensmittel auf die bestm\u00f6gliche Art und Weise zu verarbeiten, f\u00fcr W\u00fcrzmittel, Wurstwaren, Ragouts. Genial vielseitig gibt es auch die M\u00f6glichkeit, einige Weichk\u00e4se wie Mozzarella zu schneiden oder verschiedene Arten von Nudeln zu erhalten. <strong>Fleischwolf Reibe<\/strong> mit einem vom Maschinengeh\u00e4use abnehmbaren Schleifblock zur einfachen Reinigung. Rostteil gesch\u00fctzt durch ein Schutzgitter am Auslass und eine Verriegelung, die eingreift, wenn die Sicherheitsschwelle des Druckers \u00fcberschritten wird. Entspricht den geltenden Vorschriften.<\/p>\n<ul>\n<li>Ger\u00e4t f\u00fcr den professionellen Einsatz<\/li>\n<li>Ideal f\u00fcr Restaurants, Hotels, Kantinen<\/li>\n<li>Hergestellt aus Aluminiumdruckgusslegierung<\/li>\n<li>AISI 304 Edelstahlblech am Motorgeh\u00e4use<\/li>\n<li>Stirnradgetriebesystem im \u00d6lbad<\/li>\n<li>Motor <strong>bel\u00fcftet<\/strong> asynchrone inl\u00e4ndische Produktion<\/li>\n<li><strong>Thermischer Schutz <\/strong><\/li>\n<li><strong>Schleifeinheit<\/strong> abnehmbares Fleisch aus lebensmittelechtem Gusseisen oder Edelstahl<\/li>\n<li>Selbstsch\u00e4rfende Matrizen aus rostfreiem Stahl als Standard<\/li>\n<li>Trichter und Produktschale aus rostfreiem Stahl<\/li>\n<li>Stahlwalze mit chemisch vernickelter Beschichtung<\/li>\n<li>Walze aus rostfreiem Stahl AISI 304 erh\u00e4ltlich<\/li>\n<li>K\u00e4seschale aus Edelstahl<\/li>\n<li>Auslaufschutzgitter aus rostfreiem Stahl<\/li>\n<li>Mikro-Schutzreibe<\/li>\n<li>ABS-St\u00f6\u00dfel<\/li>\n<li>24-Volt-Steuerung<\/li>\n<li>Verf\u00fcgbar mit R\u00fcckw\u00e4rtsgang (auf Anfrage)<\/li>\n<li>EG-Norm<\/li>\n<li>Hergestellt in Italien.<\/li>\n<\/ul>\n<p>Eigenschaften<\/p>\n<ul>\n<li>Auslass \u00d8 82 mm<\/li>\n<li>\u00d6ffnung zum Einf\u00fchren des Fleisches \u00d8 52 mm<\/li>\n<li>Gestanzte Reibwalze 140\u00d775 mm<\/li>\n<li>Bel\u00fcftet<\/li>\n<li>Ausgestattet mit W\u00e4rmeschutz<\/li>\n<li>Platte wird standardm\u00e4\u00dfig mit 6 mm Bohrung geliefert<\/li>\n<\/ul>\n<p>Optional:<\/p>\n<ul>\n<li>Version aus Gusseisen und Edelstahl erh\u00e4ltlich<\/li>\n<li>Dreiphasiges und zweiphasiges Modell.<\/li>\n<li>Reibwalze aus rostfreiem Stahl AISI 304<\/li>\n<li>R\u00fcckg\u00e4ngig machen.<\/li>\n<\/ul>\n<hr \/>\n<p><strong>Technische Daten<\/strong><\/p>\n<hr \/>\n<table class=\"table table-striped\">\n<tbody>\n<tr>\n<td>Stromversorgung:<\/td>\n<td>230\/50 - 230-400\/50 Volt\/Hz<\/td>\n<\/tr>\n<tr>\n<td>Macht:<\/td>\n<td>1,10 (1,50) Kwatt\/(PS)<\/td>\n<\/tr>\n<tr>\n<td>RPM RPM Fleischwolf:<\/td>\n<td>140<\/td>\n<\/tr>\n<tr>\n<td>RPM-Reibe RPM:<\/td>\n<td>900<\/td>\n<\/tr>\n<tr>\n<td>St\u00fcndliche Leistung des Fleischwolfs:<\/td>\n<td>300 kg<\/td>\n<\/tr>\n<tr>\n<td>St\u00fcndliche Leistung Reibe:<\/td>\n<td>70 kg<\/td>\n<\/tr>\n<tr>\n<td>Fleischwolf-Ausgang:<\/td>\n<td>\u00f8 82<\/td>\n<\/tr>\n<tr>\n<td>Reibeisenmund:<\/td>\n<td>140\u00d780 mm<\/td>\n<\/tr>\n<tr>\n<td>Stanz-Walzenreibe:<\/td>\n<td>75 x 140<\/td>\n<\/tr>\n<tr>\n<td>Der Teller wird mit dem Fleischwolf geliefert:<\/td>\n<td>\u00f8 6<\/td>\n<\/tr>\n<tr>\n<td>Mahlwerk:<\/td>\n<td>Gisa Feeder \/Edelstahl<\/td>\n<\/tr>\n<tr>\n<td>Einphasig\/dreiphasig Nettogewicht (kg)<\/td>\n<td>27,0\/25,0<\/td>\n<\/tr>\n<tr>\n<td>Bruttogewicht einphasig\/dreiphasig (kg)<\/td>\n<td>30,0\/28,0<\/td>\n<\/tr>\n<tr>\n<td>Abmessungen der Maschine:<\/td>\n<td>B. 220 D. 610 H. 460<\/td>\n<\/tr>\n<tr>\n<td>Abmessungen der Verpackung:<\/td>\n<td>B. 290 D. 720 H. 440<\/td>\n<\/tr>\n<\/tbody>\n<\/table>\n<hr \/>\n<p><strong>Produkt-Demonstration<\/strong><\/p>\n<hr \/>\n<p style=\"text-align: center;\"><iframe loading=\"lazy\" src=\"https:\/\/www.youtube-nocookie.com\/embed\/W77GXXhPobQ?rel=0&amp;showinfo=0\" width=\"560\" height=\"315\" frameborder=\"0\" allowfullscreen=\"allowfullscreen\"><\/iframe><\/p>","protected":false},"excerpt":{"rendered":"<p>Macchina Tritacarne Grattugia Professionale Serie TG 1100 Watt Tritacarne Grattugia TG22 Apparecchio multifunzione indispensabile in qualsiasi moderna cucina. Velocissimo come per carni suine, bovine, avicole e selvaggina; funzionale e veloce grattugia per formaggi duri, pane, biscotti, frutta secca. Un apparecchio insostituibile per lavorare nel migliore dei modi vari alimenti per ottenere condimenti, insaccati, rag\u00f9. Genialmente [&#8230;]","protected":false},"featured_media":127901,"comment_status":"closed","ping_status":"closed","template":"","meta":{"_monsterinsights_skip_tracking":false,"_monsterinsights_sitenote_active":false,"_monsterinsights_sitenote_note":"","_monsterinsights_sitenote_category":0},"product_brand":[704],"product_cat":[56,49],"product_tag":[],"class_list":{"0":"post-7384","1":"product","2":"type-product","3":"status-publish","4":"has-post-thumbnail","6":"product_brand-fama","7":"product_cat-grattugie","8":"product_cat-tritacarne","9":"product_shipping_class-f","10":"pa_marca-fama","12":"first","13":"instock","14":"taxable","15":"shipping-taxable","16":"purchasable","17":"product-type-variable"},"_links":{"self":[{"href":"https:\/\/www.creaearredanegozi.it\/de\/wp-json\/wp\/v2\/product\/7384","targetHints":{"allow":["GET"]}}],"collection":[{"href":"https:\/\/www.creaearredanegozi.it\/de\/wp-json\/wp\/v2\/product"}],"about":[{"href":"https:\/\/www.creaearredanegozi.it\/de\/wp-json\/wp\/v2\/types\/product"}],"replies":[{"embeddable":true,"href":"https:\/\/www.creaearredanegozi.it\/de\/wp-json\/wp\/v2\/comments?post=7384"}],"wp:featuredmedia":[{"embeddable":true,"href":"https:\/\/www.creaearredanegozi.it\/de\/wp-json\/wp\/v2\/media\/127901"}],"wp:attachment":[{"href":"https:\/\/www.creaearredanegozi.it\/de\/wp-json\/wp\/v2\/media?parent=7384"}],"wp:term":[{"taxonomy":"product_brand","embeddable":true,"href":"https:\/\/www.creaearredanegozi.it\/de\/wp-json\/wp\/v2\/product_brand?post=7384"},{"taxonomy":"product_cat","embeddable":true,"href":"https:\/\/www.creaearredanegozi.it\/de\/wp-json\/wp\/v2\/product_cat?post=7384"},{"taxonomy":"product_tag","embeddable":true,"href":"https:\/\/www.creaearredanegozi.it\/de\/wp-json\/wp\/v2\/product_tag?post=7384"}],"curies":[{"name":"wp","href":"https:\/\/api.w.org\/{rel}","templated":true}]}}