{"id":7390,"date":"2016-08-11T11:13:57","date_gmt":"2016-08-11T09:13:57","guid":{"rendered":"https:\/\/www.creaearredanegozi.it\/?post_type=product&#038;p=7390"},"modified":"2023-07-03T19:50:19","modified_gmt":"2023-07-03T17:50:19","slug":"macinadosatore-caffe-340-w1400-rpm","status":"publish","type":"product","link":"https:\/\/www.creaearredanegozi.it\/de\/macinadosatore-caffe-340-w1400-rpm\/","title":{"rendered":"Kaffeem\u00fchle 340W 1400 RPM"},"content":{"rendered":"<p>Die Kaffeem\u00fchle ist ein Ger\u00e4t, das dazu dient, Kaffeebohnen in Pulver zu verwandeln, das in einzelnen Dosen in die Gruppe der Espressomaschine gegeben wird. Die Ausgabemenge kann eingestellt werden. Die M\u00fchlen bestehen aus geh\u00e4rtetem Stahl und sind konisch. Es wird empfohlen, jeweils nur sehr wenig Kaffee zu mahlen, da die gebrochene Bohne bei Kontakt mit der Luft dazu neigt, einen Teil ihres Aromas und Duftes zu verlieren. Das Ger\u00e4t ist einfach zu bedienen und erm\u00f6glicht die Einstellung des Mahlgrads durch die nummerierte Ringmutter, die sich unter der Kaffeeeinf\u00fcllglocke befindet. Ein unentbehrliches Werkzeug f\u00fcr die Zubereitung von echtem \"italienischem\" oder \"Espresso\"-Kaffee in jeder Bar, Kneipe, Pianobar, jedem Restaurant, Hotel und jeder Gemeinde.<\/p>\n<ul>\n<li>Ger\u00e4t f\u00fcr den professionellen Einsatz<\/li>\n<li>Ideal f\u00fcr Gesch\u00e4fte, Bars, Hotels<\/li>\n<li>Rahmen aus poliertem oder lackiertem Aluminium<\/li>\n<li>Unzerbrechliche Kunststoffglocken<\/li>\n<li>Manuelle Einstellung an der Glocke<\/li>\n<li>Geschliffene Stahlschleifmaschinen<\/li>\n<li>Einstellknopf f\u00fcr die Schnittst\u00e4rke<\/li>\n<li>Taschenstopp<\/li>\n<li>Digitale Starttaste<\/li>\n<li>24-Volt-Elektronikkarte<\/li>\n<li>Kaffeeautomat (FMX)<\/li>\n<li>EG-Normen<\/li>\n<li>Hergestellt in Italien<\/li>\n<\/ul>\n<hr \/>\n<p><strong>Technische Daten<\/strong><\/p>\n<hr \/>\n<p><strong>Stromversorgung:<\/strong> 230\/50 Volt\/Hz<br \/>\n<strong>Macht: <\/strong>340 Watt<br \/>\n<strong>Gr\u00f6\u00dfe der Schleifscheibe: <\/strong>\u00f8 65 mm<strong> <\/strong><br \/>\n<strong>Geschwindigkeit: <\/strong>1400 U\/min<br \/>\n<strong>St\u00fcndliche Kaffee-\/Erbsenproduktion: <\/strong>3\/4 Kg<br \/>\n<strong>Nettogewicht:<\/strong> 11,5 kg<br \/>\n<strong>Abmessungen der Maschine: <\/strong>220x360x600 mm<br \/>\n<strong>Abmessungen der Verpackung:<\/strong> 440x300x700 mm<\/p>","protected":false},"excerpt":{"rendered":"<p>Il Macinacaff\u00e9 \u00e8 un apparecchio che serve a trasformare i chicchi di caff\u00e8 in polvere per essere poi erogati, in monodose, nel gruppo della macchina da caff\u00e8 per espresso. Si pu\u00f2 regolare il quantitativo erogato. Le macine per il taglio sono in acciaio temperato e coniche. Consigliamo di macinare poco caff\u00e8 alla volta in quanto [&#8230;]","protected":false},"featured_media":7391,"comment_status":"open","ping_status":"closed","template":"","meta":{"_monsterinsights_skip_tracking":false,"_monsterinsights_sitenote_active":false,"_monsterinsights_sitenote_note":"","_monsterinsights_sitenote_category":0},"product_brand":[],"product_cat":[170],"product_tag":[],"class_list":{"0":"post-7390","1":"product","2":"type-product","3":"status-publish","4":"has-post-thumbnail","6":"product_cat-macinacaffe","7":"product_shipping_class-f","9":"first","10":"instock","11":"taxable","12":"shipping-taxable","13":"purchasable","14":"product-type-simple"},"_links":{"self":[{"href":"https:\/\/www.creaearredanegozi.it\/de\/wp-json\/wp\/v2\/product\/7390","targetHints":{"allow":["GET"]}}],"collection":[{"href":"https:\/\/www.creaearredanegozi.it\/de\/wp-json\/wp\/v2\/product"}],"about":[{"href":"https:\/\/www.creaearredanegozi.it\/de\/wp-json\/wp\/v2\/types\/product"}],"replies":[{"embeddable":true,"href":"https:\/\/www.creaearredanegozi.it\/de\/wp-json\/wp\/v2\/comments?post=7390"}],"wp:featuredmedia":[{"embeddable":true,"href":"https:\/\/www.creaearredanegozi.it\/de\/wp-json\/wp\/v2\/media\/7391"}],"wp:attachment":[{"href":"https:\/\/www.creaearredanegozi.it\/de\/wp-json\/wp\/v2\/media?parent=7390"}],"wp:term":[{"taxonomy":"product_brand","embeddable":true,"href":"https:\/\/www.creaearredanegozi.it\/de\/wp-json\/wp\/v2\/product_brand?post=7390"},{"taxonomy":"product_cat","embeddable":true,"href":"https:\/\/www.creaearredanegozi.it\/de\/wp-json\/wp\/v2\/product_cat?post=7390"},{"taxonomy":"product_tag","embeddable":true,"href":"https:\/\/www.creaearredanegozi.it\/de\/wp-json\/wp\/v2\/product_tag?post=7390"}],"curies":[{"name":"wp","href":"https:\/\/api.w.org\/{rel}","templated":true}]}}