{"id":7398,"date":"2016-08-11T14:25:18","date_gmt":"2016-08-11T12:25:18","guid":{"rendered":"https:\/\/www.creaearredanegozi.it\/?post_type=product&#038;p=7398"},"modified":"2023-12-21T12:43:53","modified_gmt":"2023-12-21T11:43:53","slug":"tritacarne-serie-ti-22-r-2-hp-unger-totale-fama-trifase","status":"publish","type":"product","link":"https:\/\/www.creaearredanegozi.it\/de\/tritacarne-serie-ti-22-r-2-hp-unger-totale-fama-trifase\/","title":{"rendered":"Fleischwolf TI 22 R Serie 2 HP Unger Total FAMA dreiphasig"},"content":{"rendered":"<p>Die mitteleurop\u00e4ische K\u00fcche ist weltber\u00fchmt f\u00fcr die Zubereitung von feinen Fleischw\u00fcrsten. Das Unternehmen Fama Industrie hat Maschinen entwickelt, mit denen das verarbeitete Fleisch zu einer homogenen Masse verarbeitet werden kann. Mit einer Reihe von Fleischw\u00f6lfen mit \"unger\"-System, die zweischneidige Messer und eine Reihe von Platten mit verschiedenen L\u00f6chern aufnehmen.<\/p>\n<p>Macchinario per uso professionale, Versione unger totale (3 piastre e 2 coltelli) (0mm + 6mm + 10mm), Ideale per realizzare w\u00fcrstel, Struttura in acciaio inossidabile lucidato, Ingranaggi elicoidali in acciaio temperato a bagno d\u2019olio, Motore asincrono ventilato con termica di protezione, Gruppo macinazione carne Acciaio Inox, Trafile auto affilanti in acciaio inox di serie, Tramoggia e piatto raccolta in acciaio inox, Pulsante avviamento termoplastico, Pestello in ABS, Comandi a 24 volt, Norme CE, Fabbricato in Italia<\/p>\n<ul>\n<li>Gruppo macinazione asportabile in acciaio inossidabile<\/li>\n<li>Dimensioni alimentazione 52 mm per 120 mm<\/li>\n<li>Dimensioni scarico 12\/70 mm 22\/82 mm 32\/98 mm<\/li>\n<li>Thermoplastische Starttaste<\/li>\n<li>Sistema UNGER Totale con 3 piastre + 2 coltelli<\/li>\n<li>Bel\u00fcftet<\/li>\n<li>Ausgestattet mit W\u00e4rmeschutz<\/li>\n<li>Platte<\/li>\n<\/ul>\n<table style=\"border-collapse: collapse; width: 100%;\">\n<tbody>\n<tr>\n<td style=\"width: 50%; text-align: center;\" colspan=\"2\"><strong>Technische Daten<\/strong><\/td>\n<\/tr>\n<tr>\n<td style=\"width: 50%;\"><strong>Stromversorgung<\/strong><\/td>\n<td style=\"width: 50%;\">400\/50 Volt\/Hz<\/td>\n<\/tr>\n<tr>\n<td style=\"width: 50%;\"><strong>Strom<\/strong><\/td>\n<td style=\"width: 50%;\">1,5 kw, 2 HP<\/td>\n<\/tr>\n<tr>\n<td style=\"width: 50%;\"><strong>RPM<\/strong><\/td>\n<td style=\"width: 50%;\">140<\/td>\n<\/tr>\n<tr>\n<td style=\"width: 50%;\"><strong>St\u00fcndliche Leistung<\/strong><\/td>\n<td style=\"width: 50%;\">350\/400 Kg<\/td>\n<\/tr>\n<tr>\n<td style=\"width: 50%;\"><strong>Bocca d&#8217;uscita<\/strong><\/td>\n<td style=\"width: 50%;\"><strong>\u00f8 <\/strong>82 mm<\/td>\n<\/tr>\n<tr>\n<td style=\"width: 50%;\"><strong>Piastra in dotazione<\/strong><\/td>\n<td style=\"width: 50%;\"><strong>\u00f8 <\/strong>0 mm + 6 mm<\/td>\n<\/tr>\n<tr>\n<td style=\"width: 50%;\"><strong>Schleifeinheit<\/strong><\/td>\n<td style=\"width: 50%;\">Rostfreier Stahl<\/td>\n<\/tr>\n<tr>\n<td style=\"width: 50%;\"><strong>Nettogewicht<\/strong><\/td>\n<td style=\"width: 50%;\">33 Kg<\/td>\n<\/tr>\n<tr>\n<td style=\"width: 50%;\"><strong>Bruttogewicht<\/strong><\/td>\n<td style=\"width: 50%;\">36 Kg<\/td>\n<\/tr>\n<tr>\n<td style=\"width: 50%;\"><strong>Dimensioni macchina (LxPxH)<\/strong><\/td>\n<td style=\"width: 50%;\">260x450x530 mm<\/td>\n<\/tr>\n<tr>\n<td style=\"width: 50%;\"><strong>Abmessungen der Verpackung<\/strong><\/td>\n<td style=\"width: 50%;\">580x360x560 mm<\/td>\n<\/tr>\n<\/tbody>\n<\/table>\n<p>&nbsp;<\/p>\n<p><img decoding=\"async\" class=\"aligncenter size-medium wp-image-7405\" src=\"https:\/\/www.creaearredanegozi.it\/wp-content\/uploads\/2016\/08\/unger-500x379.jpg\" alt=\"unger\" width=\"80%\" title=\"\" srcset=\"https:\/\/www.creaearredanegozi.it\/wp-content\/uploads\/2016\/08\/unger-500x379.jpg 500w, https:\/\/www.creaearredanegozi.it\/wp-content\/uploads\/2016\/08\/unger-516x391.jpg 516w, https:\/\/www.creaearredanegozi.it\/wp-content\/uploads\/2016\/08\/unger-64x49.jpg 64w, https:\/\/www.creaearredanegozi.it\/wp-content\/uploads\/2016\/08\/unger-768x582.jpg 768w, https:\/\/www.creaearredanegozi.it\/wp-content\/uploads\/2016\/08\/unger-1013x768.jpg 1013w, https:\/\/www.creaearredanegozi.it\/wp-content\/uploads\/2016\/08\/unger-510x387.jpg 510w, https:\/\/www.creaearredanegozi.it\/wp-content\/uploads\/2016\/08\/unger-1140x865.jpg 1140w, https:\/\/www.creaearredanegozi.it\/wp-content\/uploads\/2016\/08\/unger-1000x758.jpg 1000w, https:\/\/www.creaearredanegozi.it\/wp-content\/uploads\/2016\/08\/unger-645x489.jpg 645w, https:\/\/www.creaearredanegozi.it\/wp-content\/uploads\/2016\/08\/unger-560x425.jpg 560w, https:\/\/www.creaearredanegozi.it\/wp-content\/uploads\/2016\/08\/unger-750x569.jpg 750w, https:\/\/www.creaearredanegozi.it\/wp-content\/uploads\/2016\/08\/unger-400x303.jpg 400w, https:\/\/www.creaearredanegozi.it\/wp-content\/uploads\/2016\/08\/unger.jpg 1200w\" sizes=\"(max-width: 500px) 100vw, 500px\" \/><\/p>\n<hr \/>\n<p><strong>Video<\/strong><\/p>\n<hr \/>\n<p style=\"text-align: center;\"><iframe loading=\"lazy\" src=\"https:\/\/www.youtube-nocookie.com\/embed\/9uQNF6bUk_w?rel=0&amp;showinfo=0\" width=\"560\" height=\"315\" frameborder=\"0\" allowfullscreen=\"allowfullscreen\"><\/iframe><\/p>\n<hr \/>\n<h3 style=\"text-align: center;\"><strong>Installazione gruppo Unger<\/strong><br \/>\n<iframe loading=\"lazy\" title=\"YouTube-Video-Player\" src=\"https:\/\/www.youtube-nocookie.com\/embed\/InK6bWulj3k\" width=\"560\" height=\"315\" frameborder=\"0\" allowfullscreen=\"allowfullscreen\"><\/iframe><\/h3>","protected":false},"excerpt":{"rendered":"<p>La cucina mitteleuropea \u00e8 famosa nel mondo per la preparazione di insaccati a carne fine. L\u2019azienda Fama Industrie ha realizzato macchine in grado di rendere le carni lavorate in un impasto omogeneo. Con una serie di tritacarne a sistema \u201cunger\u201d, che montano coltelli a doppio taglio e una serie di piastre con differenti fori. Macchinario [&#8230;]","protected":false},"featured_media":7400,"comment_status":"closed","ping_status":"closed","template":"","meta":{"_monsterinsights_skip_tracking":false,"_monsterinsights_sitenote_active":false,"_monsterinsights_sitenote_note":"","_monsterinsights_sitenote_category":0},"product_brand":[704],"product_cat":[49],"product_tag":[],"class_list":{"0":"post-7398","1":"product","2":"type-product","3":"status-publish","4":"has-post-thumbnail","6":"product_brand-fama","7":"product_cat-tritacarne","8":"product_shipping_class-38","9":"pa_marca-fama","10":"pa_uso-professionale","11":"pa_versione-trifase","13":"first","14":"instock","15":"taxable","16":"shipping-taxable","17":"purchasable","18":"product-type-simple"},"_links":{"self":[{"href":"https:\/\/www.creaearredanegozi.it\/de\/wp-json\/wp\/v2\/product\/7398","targetHints":{"allow":["GET"]}}],"collection":[{"href":"https:\/\/www.creaearredanegozi.it\/de\/wp-json\/wp\/v2\/product"}],"about":[{"href":"https:\/\/www.creaearredanegozi.it\/de\/wp-json\/wp\/v2\/types\/product"}],"replies":[{"embeddable":true,"href":"https:\/\/www.creaearredanegozi.it\/de\/wp-json\/wp\/v2\/comments?post=7398"}],"wp:featuredmedia":[{"embeddable":true,"href":"https:\/\/www.creaearredanegozi.it\/de\/wp-json\/wp\/v2\/media\/7400"}],"wp:attachment":[{"href":"https:\/\/www.creaearredanegozi.it\/de\/wp-json\/wp\/v2\/media?parent=7398"}],"wp:term":[{"taxonomy":"product_brand","embeddable":true,"href":"https:\/\/www.creaearredanegozi.it\/de\/wp-json\/wp\/v2\/product_brand?post=7398"},{"taxonomy":"product_cat","embeddable":true,"href":"https:\/\/www.creaearredanegozi.it\/de\/wp-json\/wp\/v2\/product_cat?post=7398"},{"taxonomy":"product_tag","embeddable":true,"href":"https:\/\/www.creaearredanegozi.it\/de\/wp-json\/wp\/v2\/product_tag?post=7398"}],"curies":[{"name":"wp","href":"https:\/\/api.w.org\/{rel}","templated":true}]}}