{"id":7440,"date":"2016-09-03T10:57:48","date_gmt":"2016-09-03T08:57:48","guid":{"rendered":"https:\/\/www.creaearredanegozi.it\/shop\/attrezzature-ristoranti-pub-cucine\/lavacozze-da-banco-5-kg-0-5-hp-monofase-o-trifase\/"},"modified":"2024-05-21T14:47:36","modified_gmt":"2024-05-21T12:47:36","slug":"becherwaschmaschine-5kg-ruhm","status":"publish","type":"product","link":"https:\/\/www.creaearredanegozi.it\/de\/becherwaschmaschine-5kg-ruhm\/","title":{"rendered":"Untertisch-Tassenwaschmaschine 5 kg 0,5 PS einphasig oder dreiphasig"},"content":{"rendered":"<h4 style=\"text-align: center;\"><strong>Untertisch-Tassenwaschmaschine 5 kg 0,5 PS einphasig oder dreiphasig<\/strong><\/h4>\n<p>Die Tassenreiniger von Fama Industrie sind in der K\u00fcche \u00e4u\u00dferst n\u00fctzlich, um die manuellen Arbeitszeiten erheblich zu reduzieren. Sie sind mit einem modernen elektronischen Ger\u00e4t mit digitalem Multifunktionsschalter und Zeitschaltuhr, einer transparenten Abdeckung zur Kontrolle der Arbeitsphasen und sch\u00fctzenden Mikroschaltern ausgestattet. Die interessantesten Neuerungen betreffen die Schleifw\u00e4nde und die Platte, die in Sekundenschnelle auch vom gleichen Bediener abgenommen, gereinigt und ersetzt werden k\u00f6nnen. Die Maschine bietet au\u00dferdem die doppelte M\u00f6glichkeit der Entladung: auf dem Boden oder an der Wand, und die Schublade mit Filter f\u00fcr die Abfallsammlung ist Standard. Die Maschinen, die f\u00fcr eine bessere Hygiene und Sauberkeit vollst\u00e4ndig aus Edelstahl gefertigt sind, entsprechen der CE-Norm.<\/p>\n<hr \/>\n<p>Technische Daten<\/p>\n<table class=\"table table-striped\">\n<tbody>\n<tr>\n<td width=\"199\"><strong>Stromversorgung:<\/strong><\/td>\n<td width=\"209\">230\/50 - 400\/50 Volt\/Hz<\/td>\n<\/tr>\n<tr>\n<td width=\"199\"><strong>Macht:<\/strong><\/td>\n<td width=\"209\">0,35 (0,50) Kwatt\/PS<\/td>\n<\/tr>\n<tr>\n<td width=\"199\"><strong>Geschwindigkeit: <\/strong><\/td>\n<td width=\"209\">145 Umdrehungen pro Minute<\/td>\n<\/tr>\n<tr>\n<td width=\"199\"><strong>St\u00fcndliche Muschelproduktion: <\/strong><\/td>\n<td width=\"209\">75 kg\/h<\/td>\n<\/tr>\n<tr>\n<td width=\"199\"><strong>Dauer des Reinigungszyklus: <\/strong><\/td>\n<td width=\"209\">90-120 Sek.<\/td>\n<\/tr>\n<tr>\n<td width=\"199\"><strong>Maximale Muschelbelastung: <\/strong><\/td>\n<td width=\"209\">5 kg<\/td>\n<\/tr>\n<tr>\n<td width=\"199\"><strong>Wassertemperatur: <\/strong><\/td>\n<td width=\"209\">5\/20 \u00b0C<\/td>\n<\/tr>\n<tr>\n<td width=\"199\"><strong>Schlauchzuf\u00fchrung:<\/strong><\/td>\n<td width=\"209\">3\/4&#8243;<\/td>\n<\/tr>\n<tr>\n<td width=\"199\"><strong>Seitlicher Auspuffkr\u00fcmmer: <\/strong><\/td>\n<td width=\"209\">50\u00f8 mm<\/td>\n<\/tr>\n<tr>\n<td width=\"199\"><strong>Unterer Auspuffkr\u00fcmmer:<\/strong><\/td>\n<td width=\"209\">- mm<\/td>\n<\/tr>\n<tr>\n<td width=\"199\"><strong>Nettogewicht:<\/strong><\/td>\n<td width=\"209\">27,0 kg<\/td>\n<\/tr>\n<tr>\n<td width=\"199\"><strong>Bruttogewicht auf der Palette: <\/strong><\/td>\n<td width=\"209\">34,0 kg<\/td>\n<\/tr>\n<tr>\n<td width=\"199\"><strong>Abmessungen der Maschine:<\/strong><\/td>\n<td width=\"209\">530x520x520 mm<\/td>\n<\/tr>\n<tr>\n<td width=\"199\"><strong>Abmessungen der Verpackung: <\/strong><\/td>\n<td width=\"209\">670x590x790 mm<\/td>\n<\/tr>\n<\/tbody>\n<\/table>\n<hr \/>\n<p><img decoding=\"async\" src=\"https:\/\/www.creaearredanegozi.it\/wp-content\/uploads\/2016\/09\/pulicozz_Part1_2179x-500x332.jpg\" alt=\"pulicozz_Teil1_2179x\" width=\"100%\" title=\"\"> <img decoding=\"async\" src=\"https:\/\/www.creaearredanegozi.it\/wp-content\/uploads\/2016\/09\/pulicozz_Part2_2179x-500x332.jpg\" alt=\"pulicozz_Teil2_2179x\" width=\"100%\" title=\"\"><\/p>","protected":false},"excerpt":{"rendered":"<p>Lavacozze da banco 5 kg 0.5 HP monofase o trifase La gamma di Puliscicozze Fama Industrie sono estremamente utili in cucina per ridurre sensibilmente le ore di lavoro manuali. Sono dotati di un moderno apparato elettronico con interruttore e timer digitale multifunzione, coperchio trasparente per il controllo delle fasi di lavorazione e microinterruttori di protezione. [&#8230;]","protected":false},"featured_media":128005,"comment_status":"open","ping_status":"closed","template":"","meta":{"_monsterinsights_skip_tracking":false,"_monsterinsights_sitenote_active":false,"_monsterinsights_sitenote_note":"","_monsterinsights_sitenote_category":0},"product_brand":[704],"product_cat":[176],"product_tag":[],"class_list":{"0":"post-7440","1":"product","2":"type-product","3":"status-publish","4":"has-post-thumbnail","6":"product_brand-fama","7":"product_cat-puliscicozze","8":"product_shipping_class-38","10":"first","11":"instock","12":"taxable","13":"shipping-taxable","14":"purchasable","15":"product-type-variable"},"_links":{"self":[{"href":"https:\/\/www.creaearredanegozi.it\/de\/wp-json\/wp\/v2\/product\/7440","targetHints":{"allow":["GET"]}}],"collection":[{"href":"https:\/\/www.creaearredanegozi.it\/de\/wp-json\/wp\/v2\/product"}],"about":[{"href":"https:\/\/www.creaearredanegozi.it\/de\/wp-json\/wp\/v2\/types\/product"}],"replies":[{"embeddable":true,"href":"https:\/\/www.creaearredanegozi.it\/de\/wp-json\/wp\/v2\/comments?post=7440"}],"wp:featuredmedia":[{"embeddable":true,"href":"https:\/\/www.creaearredanegozi.it\/de\/wp-json\/wp\/v2\/media\/128005"}],"wp:attachment":[{"href":"https:\/\/www.creaearredanegozi.it\/de\/wp-json\/wp\/v2\/media?parent=7440"}],"wp:term":[{"taxonomy":"product_brand","embeddable":true,"href":"https:\/\/www.creaearredanegozi.it\/de\/wp-json\/wp\/v2\/product_brand?post=7440"},{"taxonomy":"product_cat","embeddable":true,"href":"https:\/\/www.creaearredanegozi.it\/de\/wp-json\/wp\/v2\/product_cat?post=7440"},{"taxonomy":"product_tag","embeddable":true,"href":"https:\/\/www.creaearredanegozi.it\/de\/wp-json\/wp\/v2\/product_tag?post=7440"}],"curies":[{"name":"wp","href":"https:\/\/api.w.org\/{rel}","templated":true}]}}