{"id":7447,"date":"2016-09-03T13:15:48","date_gmt":"2016-09-03T11:15:48","guid":{"rendered":"https:\/\/www.creaearredanegozi.it\/shop\/attrezzature-ristoranti-pub-cucine\/puliscicozze\/lavacozze-10-kg-0-5-hp-350w-monofase-o-trifase\/"},"modified":"2024-05-02T12:21:43","modified_gmt":"2024-05-02T10:21:43","slug":"tellerwaschmaschine-10-kg-0-5-ps-350-w-einphasig-oder-dreiphasig","status":"publish","type":"product","link":"https:\/\/www.creaearredanegozi.it\/de\/tellerwaschmaschine-10-kg-0-5-ps-350-w-einphasig-oder-dreiphasig\/","title":{"rendered":"Tassenwaschmaschine 10 kg 0,5 PS 350 W mit Schublade und Filter, einphasig oder dreiphasig FAMA"},"content":{"rendered":"<h2 style=\"text-align: center;\">Tassenwaschmaschine 10 kg 0,5 HP 350W mit Schublade und Filter inklusive ein- oder dreiphasig<\/h2>\n<p>Die Muschelreiniger von Fama Industrie sind in der K\u00fcche \u00e4u\u00dferst n\u00fctzlich, um die manuelle Arbeitszeit erheblich zu reduzieren. Sie sind mit einem modernen elektronischen Ger\u00e4t mit digitalem Multifunktionsschalter und Zeitschaltuhr, einem transparenten Deckel zur \u00dcberwachung der Verarbeitungsschritte und sch\u00fctzenden Mikroschaltern ausgestattet.<\/p>\n<p>Die interessantesten Neuerungen betreffen die Schleifw\u00e4nde und den Schleifteller, die in Sekundenschnelle auch von ein und demselben Bediener entfernt, gereinigt und wieder eingesetzt werden k\u00f6nnen. Die Maschine bietet auch die doppelte M\u00f6glichkeit der Entladung: auf dem Boden oder an der Wand, und die Schublade mit Filter f\u00fcr die Abfallsammlung ist Standard.<\/p>\n<p>Die Maschinen, die f\u00fcr eine bessere Hygiene und Sauberkeit vollst\u00e4ndig aus Edelstahl gefertigt sind, entsprechen der CE-Norm.<\/p>\n<hr \/>\n<p><strong>Technische Daten<\/strong><\/p>\n<table class=\"table table-striped\">\n<tbody>\n<tr>\n<td width=\"199\"><strong>Stromversorgung:<\/strong><\/td>\n<td width=\"209\">230\/50 - 230-400\/50 Volt\/Hz<\/td>\n<\/tr>\n<tr>\n<td width=\"199\"><strong>Macht:<\/strong><\/td>\n<td width=\"209\">0,35 (0,50) Kwatt\/PS<\/td>\n<\/tr>\n<tr>\n<td width=\"199\"><strong>Geschwindigkeit: <\/strong><\/td>\n<td width=\"209\">180 Umdrehungen pro Minute<\/td>\n<\/tr>\n<tr>\n<td width=\"199\"><strong>St\u00fcndliche Muschelproduktion: <\/strong><\/td>\n<td width=\"209\">150 kg\/h<\/td>\n<\/tr>\n<tr>\n<td width=\"199\"><strong>Dauer des Reinigungszyklus: <\/strong><\/td>\n<td width=\"209\">120-150 Sek.<\/td>\n<\/tr>\n<tr>\n<td width=\"199\"><strong>Maximale Muschelbelastung: <\/strong><\/td>\n<td width=\"209\">10 kg<\/td>\n<\/tr>\n<tr>\n<td width=\"199\"><strong>Wassertemperatur: <\/strong><\/td>\n<td width=\"209\">5\/20 \u00b0C<\/td>\n<\/tr>\n<tr>\n<td width=\"199\"><strong>Schlauchzuf\u00fchrung:<\/strong><\/td>\n<td width=\"209\">3\/4 Zoll<\/td>\n<\/tr>\n<tr>\n<td width=\"199\"><strong>Seitlicher Auspuffkr\u00fcmmer: <\/strong><\/td>\n<td width=\"209\">50\u00f8 mm<\/td>\n<\/tr>\n<tr>\n<td width=\"199\"><strong>Unterer Auspuffkr\u00fcmmer:<\/strong><\/td>\n<td width=\"209\">40\u00f8 mm<\/td>\n<\/tr>\n<tr>\n<td width=\"199\"><strong>Nettogewicht:<\/strong><\/td>\n<td width=\"209\">38,5 kg<\/td>\n<\/tr>\n<tr>\n<td width=\"199\"><strong>Bruttogewicht auf der Palette: <\/strong><\/td>\n<td width=\"209\">45,5 kg<\/td>\n<\/tr>\n<tr>\n<td width=\"199\"><strong>Abmessungen der Maschine:<\/strong><\/td>\n<td width=\"209\">530 x 660 x 850 mm<\/td>\n<\/tr>\n<tr>\n<td width=\"199\"><strong>Standh\u00f6he: 210<\/strong><\/td>\n<td width=\"209\">210 mm<\/td>\n<\/tr>\n<tr>\n<td width=\"199\"><strong>Abmessungen der Verpackung: <\/strong><\/td>\n<td width=\"209\">670 x 590 x 1020 mm<\/td>\n<\/tr>\n<\/tbody>\n<\/table>\n<hr \/>\n<p style=\"text-align: center;\"><img decoding=\"async\" src=\"https:\/\/www.creaearredanegozi.it\/wp-content\/uploads\/2016\/09\/pulicozz_Part1_2179x-500x332.jpg\" alt=\"pulicozz_Teil1_2179x\" width=\"70%\" title=\"\"> <img decoding=\"async\" src=\"https:\/\/www.creaearredanegozi.it\/wp-content\/uploads\/2016\/09\/pulicozz_Part2_2179x-500x332.jpg\" alt=\"pulicozz_Teil2_2179x\" width=\"70%\" title=\"\"><\/p>\n<p><img decoding=\"async\" class=\"aligncenter\" src=\"https:\/\/www.creaearredanegozi.it\/wp-content\/uploads\/2016\/09\/pulicozz_Part4_1_2179x-500x358.jpg\" alt=\"pulicozz_Part4_1_2179x\" width=\"70%\" title=\"\"><\/p>","protected":false},"excerpt":{"rendered":"<p>Lavacozze 10 kg 0.5 HP 350W con cassetto e filtro incluso monofase o trifase La gamma di Pulisci cozze Fama Industrie sono estremamente utili in cucina per ridurre sensibilmente le ore di lavoro manuali. Sono dotati di un moderno apparato elettronico con interruttore e timer digitale multifunzione, coperchio trasparente per il controllo delle fasi di [&#8230;]","protected":false},"featured_media":17680,"comment_status":"open","ping_status":"closed","template":"","meta":{"_monsterinsights_skip_tracking":false,"_monsterinsights_sitenote_active":false,"_monsterinsights_sitenote_note":"","_monsterinsights_sitenote_category":0},"product_brand":[704],"product_cat":[176],"product_tag":[],"class_list":{"0":"post-7447","1":"product","2":"type-product","3":"status-publish","4":"has-post-thumbnail","6":"product_brand-fama","7":"product_cat-puliscicozze","8":"product_shipping_class-32","9":"pa_marca-fama","11":"first","12":"instock","13":"taxable","14":"shipping-taxable","15":"purchasable","16":"product-type-variable"},"_links":{"self":[{"href":"https:\/\/www.creaearredanegozi.it\/de\/wp-json\/wp\/v2\/product\/7447","targetHints":{"allow":["GET"]}}],"collection":[{"href":"https:\/\/www.creaearredanegozi.it\/de\/wp-json\/wp\/v2\/product"}],"about":[{"href":"https:\/\/www.creaearredanegozi.it\/de\/wp-json\/wp\/v2\/types\/product"}],"replies":[{"embeddable":true,"href":"https:\/\/www.creaearredanegozi.it\/de\/wp-json\/wp\/v2\/comments?post=7447"}],"wp:featuredmedia":[{"embeddable":true,"href":"https:\/\/www.creaearredanegozi.it\/de\/wp-json\/wp\/v2\/media\/17680"}],"wp:attachment":[{"href":"https:\/\/www.creaearredanegozi.it\/de\/wp-json\/wp\/v2\/media?parent=7447"}],"wp:term":[{"taxonomy":"product_brand","embeddable":true,"href":"https:\/\/www.creaearredanegozi.it\/de\/wp-json\/wp\/v2\/product_brand?post=7447"},{"taxonomy":"product_cat","embeddable":true,"href":"https:\/\/www.creaearredanegozi.it\/de\/wp-json\/wp\/v2\/product_cat?post=7447"},{"taxonomy":"product_tag","embeddable":true,"href":"https:\/\/www.creaearredanegozi.it\/de\/wp-json\/wp\/v2\/product_tag?post=7447"}],"curies":[{"name":"wp","href":"https:\/\/api.w.org\/{rel}","templated":true}]}}