{"id":7550,"date":"2016-10-06T13:48:03","date_gmt":"2016-10-06T11:48:03","guid":{"rendered":"https:\/\/www.creaearredanegozi.it\/shop\/arredo-acciaio-inox\/pensile-scolapiatti-con-porte-scorrevoli\/"},"modified":"2025-04-03T19:06:11","modified_gmt":"2025-04-03T17:06:11","slug":"geschirrkorb-mit-schiebeturen-tiefe-40-cm-hohe-60-cm","status":"publish","type":"product","link":"https:\/\/www.creaearredanegozi.it\/de\/geschirrkorb-mit-schiebeturen-tiefe-40-cm-hohe-60-cm\/","title":{"rendered":"Geschirrablage mit Schiebet\u00fcren Tiefe 40 cm H\u00f6he 60 cm"},"content":{"rendered":"<h2>Abtropfeinheit aus Edelstahl mit Schiebet\u00fcren<\/h2>\n<p>Obere Ablage gelocht, untere Ablage mit Abtropffl\u00e4che, Aufh\u00e4nger mit Verriegelung, Schiebet\u00fcren auf Stahlf\u00fchrungen. Hergestellt aus rostfreiem Stahl AISI 430<\/p>\n<p>Abmessungen (BxTxH):<\/p>\n<ul>\n<li>Tiefe: 400 mm<\/li>\n<li>H\u00f6he: 600 mm<\/li>\n<li>L\u00e4nge: aus dem Dropdown-Men\u00fc zu w\u00e4hlen<\/li>\n<\/ul>","protected":false},"excerpt":{"rendered":"<p>Pensile scolapiatti inox con porte scorrevoli Piano superiore forato, piano inferiore scolapiatti, appendipensile ad incastro, porte scorrevoli su guide in acciaio. Prodotto in acciaio inox AISI 430 Dimensioni (LxPxH): Profondit\u00e0: 400 mm Altezza: 600 mm Lunghezza: a scelta nel men\u00f9 a tendina<\/p>","protected":false},"featured_media":7551,"comment_status":"open","ping_status":"closed","template":"","meta":{"_monsterinsights_skip_tracking":false,"_monsterinsights_sitenote_active":false,"_monsterinsights_sitenote_note":"","_monsterinsights_sitenote_category":0},"product_brand":[772],"product_cat":[18,116],"product_tag":[],"class_list":{"0":"post-7550","1":"product","2":"type-product","3":"status-publish","4":"has-post-thumbnail","6":"product_brand-crea-e-arreda-negozi","7":"product_cat-arredo-acciaio-inox","8":"product_cat-pensili","9":"product_shipping_class-32","11":"first","12":"instock","13":"taxable","14":"shipping-taxable","15":"purchasable","16":"product-type-variable"},"_links":{"self":[{"href":"https:\/\/www.creaearredanegozi.it\/de\/wp-json\/wp\/v2\/product\/7550","targetHints":{"allow":["GET"]}}],"collection":[{"href":"https:\/\/www.creaearredanegozi.it\/de\/wp-json\/wp\/v2\/product"}],"about":[{"href":"https:\/\/www.creaearredanegozi.it\/de\/wp-json\/wp\/v2\/types\/product"}],"replies":[{"embeddable":true,"href":"https:\/\/www.creaearredanegozi.it\/de\/wp-json\/wp\/v2\/comments?post=7550"}],"wp:featuredmedia":[{"embeddable":true,"href":"https:\/\/www.creaearredanegozi.it\/de\/wp-json\/wp\/v2\/media\/7551"}],"wp:attachment":[{"href":"https:\/\/www.creaearredanegozi.it\/de\/wp-json\/wp\/v2\/media?parent=7550"}],"wp:term":[{"taxonomy":"product_brand","embeddable":true,"href":"https:\/\/www.creaearredanegozi.it\/de\/wp-json\/wp\/v2\/product_brand?post=7550"},{"taxonomy":"product_cat","embeddable":true,"href":"https:\/\/www.creaearredanegozi.it\/de\/wp-json\/wp\/v2\/product_cat?post=7550"},{"taxonomy":"product_tag","embeddable":true,"href":"https:\/\/www.creaearredanegozi.it\/de\/wp-json\/wp\/v2\/product_tag?post=7550"}],"curies":[{"name":"wp","href":"https:\/\/api.w.org\/{rel}","templated":true}]}}