{"id":7584,"date":"2016-10-11T11:22:58","date_gmt":"2016-10-11T09:22:58","guid":{"rendered":"https:\/\/www.creaearredanegozi.it\/shop\/casteria-e-carrelli\/cesteespositori\/cestone-maglieria-portabiancheria-in-filo-di-acciaio-verniciato\/"},"modified":"2023-10-11T20:19:45","modified_gmt":"2023-10-11T18:19:45","slug":"cestone-maglieria-portabiancheria-in-filo-di-acciaio-verniciato","status":"publish","type":"product","link":"https:\/\/www.creaearredanegozi.it\/de\/cestone-maglieria-portabiancheria-in-filo-di-acciaio-verniciato\/","title":{"rendered":"W\u00e4schekorb aus lackiertem Stahldraht"},"content":{"rendered":"<p><strong>Korb auf R\u00e4dern f\u00fcr den Transport von Kleidung und W\u00e4sche f\u00fcr Innenr\u00e4ume und ebene B\u00f6den<\/strong><\/p>\n<p>Struttura pieghevole in tondino di acciaio verniciato bianco<br \/>\nRuote piroettanti \u00d8 cm 8.<\/p>\n<p>Verniciato Bianco<br \/>\nRuote: 4 girevoli \u00d8 80 mm<br \/>\nDimensioni: 800x510x750 H mm<br \/>\nIngombro chiuso &#8211; cm 132x3x75<\/p>\n<hr \/>\n<p><strong>Optional<\/strong>: Sacco portabiancheria in tela<\/p>\n<p><img decoding=\"async\" class=\"aligncenter\" src=\"https:\/\/www.creaearredanegozi.it\/wp-content\/uploads\/2016\/10\/R0020-500x500.jpg\" alt=\"r0020\" width=\"60%\" title=\"\"><\/p>","protected":false},"excerpt":{"rendered":"<p>Cestone carrellato per il trasporto di indumenti e biancheria per uso interno e pavimentazioni piane Struttura pieghevole in tondino di acciaio verniciato bianco Ruote piroettanti \u00d8 cm 8. Verniciato Bianco Ruote: 4 girevoli \u00d8 80 mm Dimensioni: 800x510x750 H mm Ingombro chiuso &#8211; cm 132x3x75 Optional: Sacco portabiancheria in tela<\/p>","protected":false},"featured_media":7585,"comment_status":"closed","ping_status":"closed","template":"","meta":{"_monsterinsights_skip_tracking":false,"_monsterinsights_sitenote_active":false,"_monsterinsights_sitenote_note":"","_monsterinsights_sitenote_category":0},"product_brand":[],"product_cat":[103,104],"product_tag":[],"class_list":{"0":"post-7584","1":"product","2":"type-product","3":"status-publish","4":"has-post-thumbnail","6":"product_cat-carrellicestelli","7":"product_cat-cesteespositori","8":"product_shipping_class-f","9":"pa_marca-metalcarrelli","11":"first","12":"instock","13":"taxable","14":"shipping-taxable","15":"purchasable","16":"product-type-variable"},"_links":{"self":[{"href":"https:\/\/www.creaearredanegozi.it\/de\/wp-json\/wp\/v2\/product\/7584","targetHints":{"allow":["GET"]}}],"collection":[{"href":"https:\/\/www.creaearredanegozi.it\/de\/wp-json\/wp\/v2\/product"}],"about":[{"href":"https:\/\/www.creaearredanegozi.it\/de\/wp-json\/wp\/v2\/types\/product"}],"replies":[{"embeddable":true,"href":"https:\/\/www.creaearredanegozi.it\/de\/wp-json\/wp\/v2\/comments?post=7584"}],"wp:featuredmedia":[{"embeddable":true,"href":"https:\/\/www.creaearredanegozi.it\/de\/wp-json\/wp\/v2\/media\/7585"}],"wp:attachment":[{"href":"https:\/\/www.creaearredanegozi.it\/de\/wp-json\/wp\/v2\/media?parent=7584"}],"wp:term":[{"taxonomy":"product_brand","embeddable":true,"href":"https:\/\/www.creaearredanegozi.it\/de\/wp-json\/wp\/v2\/product_brand?post=7584"},{"taxonomy":"product_cat","embeddable":true,"href":"https:\/\/www.creaearredanegozi.it\/de\/wp-json\/wp\/v2\/product_cat?post=7584"},{"taxonomy":"product_tag","embeddable":true,"href":"https:\/\/www.creaearredanegozi.it\/de\/wp-json\/wp\/v2\/product_tag?post=7584"}],"curies":[{"name":"wp","href":"https:\/\/api.w.org\/{rel}","templated":true}]}}