{"id":7669,"date":"2016-10-25T12:26:24","date_gmt":"2016-10-25T10:26:24","guid":{"rendered":"https:\/\/www.creaearredanegozi.it\/shop\/arredo-acciaio-inox\/lavatoi\/lavello-50x50-a-sbalzo-120x70x90-in-acciaio-inox-aisi-304-lavatoio-1-vasca-dx-con-ripiano\/"},"modified":"2026-01-08T15:01:19","modified_gmt":"2026-01-08T14:01:19","slug":"50x50-freitragend-120x70x90-aisi-304-edelstahl-spulbecken-1-becken-rechts-mit-ablage","status":"publish","type":"product","link":"https:\/\/www.creaearredanegozi.it\/de\/50x50-freitragend-120x70x90-aisi-304-edelstahl-spulbecken-1-becken-rechts-mit-ablage\/","title":{"rendered":"50\u00d750 freitragend 120x70x90 AISI 304 Edelstahlsp\u00fcle 1 Becken rechts mit Ablage"},"content":{"rendered":"<p>Edelstahl beh\u00e4lt im Laufe der Zeit hervorragende Eigenschaften, die sich in jeder Umgebung auszeichnen: Haltbarkeit, Festigkeit, Rostfreiheit, einfache Wartung und Reinigung.<\/p>\n<ul>\n<li>Arbeitsplatte AISI 304 h. mm 40 gebohrt und schallged\u00e4mpft<\/li>\n<li>Bodenplatte mit Verst\u00e4rkungsomega<\/li>\n<li>Verstellbare F\u00fc\u00dfe (\u00b1 5 cm)<\/li>\n<li>Waschtisch mit Ab- und \u00dcberlauf<\/li>\n<\/ul>\n<hr \/>\n<p><strong>Technische Daten<\/strong><\/p>\n<p>Abmessungen (BxTxH) 1200x700x850\/900 mm<br \/>\nAbmessungen des Tanks 500x500x300<br \/>\nHintere Erh\u00f6hung um 50 mm<br \/>\n\u00dcberstehende Tropfschale mm. 600<\/p>","protected":false},"excerpt":{"rendered":"<p>L&#8217;acciaio inox conserva nel tempo eccellenti qualit\u00e0 che risaltano in qualsiasi ambiente: durevolezza, resistenza, assenza di ruggine, facilit\u00e0 di manutenzione e pulizia. Piano di lavoro AISI 304 h. mm 40 tamburati e insonorizzati Piano inferiore con omega di rinforzo Piedini regolabili (\u00b1 5 cm) Lavatoio corredato di piletta e troppopieno Dati Tecnici Dimensioni (LxPxH) 1200x700x850\/900 [&#8230;]","protected":false},"featured_media":118622,"comment_status":"open","ping_status":"closed","template":"","meta":{"_monsterinsights_skip_tracking":false,"_monsterinsights_sitenote_active":false,"_monsterinsights_sitenote_note":"","_monsterinsights_sitenote_category":0},"product_brand":[],"product_cat":[119],"product_tag":[220,221],"class_list":{"0":"post-7669","1":"product","2":"type-product","3":"status-publish","4":"has-post-thumbnail","6":"product_cat-lavatoi","7":"product_tag-lavandino","8":"product_tag-lavello","9":"product_shipping_class-38","11":"first","12":"instock","13":"sold-individually","14":"taxable","15":"shipping-taxable","16":"purchasable","17":"product-type-simple"},"_links":{"self":[{"href":"https:\/\/www.creaearredanegozi.it\/de\/wp-json\/wp\/v2\/product\/7669","targetHints":{"allow":["GET"]}}],"collection":[{"href":"https:\/\/www.creaearredanegozi.it\/de\/wp-json\/wp\/v2\/product"}],"about":[{"href":"https:\/\/www.creaearredanegozi.it\/de\/wp-json\/wp\/v2\/types\/product"}],"replies":[{"embeddable":true,"href":"https:\/\/www.creaearredanegozi.it\/de\/wp-json\/wp\/v2\/comments?post=7669"}],"wp:featuredmedia":[{"embeddable":true,"href":"https:\/\/www.creaearredanegozi.it\/de\/wp-json\/wp\/v2\/media\/118622"}],"wp:attachment":[{"href":"https:\/\/www.creaearredanegozi.it\/de\/wp-json\/wp\/v2\/media?parent=7669"}],"wp:term":[{"taxonomy":"product_brand","embeddable":true,"href":"https:\/\/www.creaearredanegozi.it\/de\/wp-json\/wp\/v2\/product_brand?post=7669"},{"taxonomy":"product_cat","embeddable":true,"href":"https:\/\/www.creaearredanegozi.it\/de\/wp-json\/wp\/v2\/product_cat?post=7669"},{"taxonomy":"product_tag","embeddable":true,"href":"https:\/\/www.creaearredanegozi.it\/de\/wp-json\/wp\/v2\/product_tag?post=7669"}],"curies":[{"name":"wp","href":"https:\/\/api.w.org\/{rel}","templated":true}]}}