{"id":7674,"date":"2016-10-25T13:53:31","date_gmt":"2016-10-25T11:53:31","guid":{"rendered":"https:\/\/www.creaearredanegozi.it\/shop\/attrezzature-ristoranti-pub-cucine\/bagnomaria\/cuocitore-a-bassa-temperatura-sous-vide-smartvide8-plus\/"},"modified":"2025-12-18T13:51:39","modified_gmt":"2025-12-18T12:51:39","slug":"niedertemperatur-sous-vide-garer-smartvide8-plus","status":"publish","type":"product","link":"https:\/\/www.creaearredanegozi.it\/de\/niedertemperatur-sous-vide-garer-smartvide8-plus\/","title":{"rendered":"Niedertemperatur-Garer Roner Sous Vide SmartVide9"},"content":{"rendered":"<h3>Roner\/Softcooker\/Sous vide: Tragbarer temperaturgesteuerter Kocher mit R\u00fchrwerk f\u00fcr Beh\u00e4lter bis zu 56 Liter. F\u00fcr K\u00f6che entworfen, von K\u00f6chen entwickelt.<\/h3>\n<div>Professioneller temperaturgesteuerter Kocher mit hoher Pr\u00e4zision und Zuverl\u00e4ssigkeit, einfach zu bedienen und tragbar. Mit seinen fortschrittlichen Funktionen, die den Austausch von wichtigen Informationen erm\u00f6glichen, um die Leistung des Kochs zu verbessern und eine effektive HACCP-Kontrolle durch Bluetooth-Konnektivit\u00e4t zu haben.<\/div>\n<ul>\n<li>Robuste und langlebige Edelstahlkonstruktion f\u00fcr professionelle Leistung.<\/li>\n<li>Gew\u00e4hrleistet das Kochen bei <strong>temperaturgesteuert mit hoher Pr\u00e4zision <\/strong>Erhaltung der Produktqualit\u00e4t und Verbesserung von Geschmack und Textur. SVide8 ist mit einem hochpr\u00e4zisen Temperaturkontrollsystem ausgestattet, das ein sehr genaues Ergebnis erzielt. A <strong>optionale Kernsonde<\/strong> erm\u00f6glicht eine noch pr\u00e4zisere Kontrolle.<\/li>\n<li>Sie erm\u00f6glicht es, die Produkte in ihrem eigenen Saft zu kochen, so dass die Sauce sofort f\u00fcr die Zubereitung von Speisen verwendet werden kann. <strong>Geschmacksverst\u00e4rker.<\/strong><\/li>\n<li><strong>Halbiert die Zeit<\/strong> des Marinierens und Einweichens der Zutaten.<\/li>\n<li><strong>Zum Aufgie\u00dfen und Aromatisieren<\/strong> von \u00d6len, Fetten oder anderen Produkten durch Anwendung der Technik der kontrollierten Temperatur.<\/li>\n<li>Sie erm\u00f6glicht h\u00f6here Gewinnspannen f\u00fcr die<strong>kein Gewichtsverlust<\/strong> der Produkte.<\/li>\n<li>Erfordert <strong>sehr wenig Zeit f\u00fcr direkten Einsatz<\/strong>So k\u00f6nnen Sie andere Dinge erledigen, w\u00e4hrend das Produkt gart. Programmieren Sie einfach die Temperatur und die Zeit, der SVide8 erledigt den Rest. 4 Tasten und ein TFT-Farbdisplay bieten <strong>alle Informationen auf einen Blick <\/strong>Das macht die Bedienung des Tonabnehmers einfach und intuitiv. Dar\u00fcber hinaus erm\u00f6glicht es dank der Bluetooth-Konnektivit\u00e4t eine <strong>Austausch von wichtigen Daten<\/strong> zur Verbesserung der Leistung des K\u00fcchenchefs.<\/li>\n<li>SVide 8 ist ein Renner <strong>Laptop<\/strong>Dank seiner <strong>ergonomischer Griff<\/strong> und massivem Edelstahl kann SVide8 leicht von einem Container zum anderen transportiert werden. Die <strong>Tasche<\/strong> mit dem der Herd geliefert wird, kann der Koch ihn \u00fcberallhin mitnehmen.<\/li>\n<li>Seine fortschrittlichen Funktionen erm\u00f6glichen es, eine <strong>wirksame HACCP-Kontrolle<\/strong> durch Konnektivit\u00e4t <strong>Bluetooth<\/strong>.<\/li>\n<\/ul>\n<hr \/>\n<table class=\"table table-striped\">\n<tbody>\n<tr>\n<td colspan=\"2\" width=\"100%\"><strong>Technische Daten<\/strong><\/td>\n<\/tr>\n<tr>\n<td width=\"233\"><strong>Temperatur<\/strong><\/td>\n<td width=\"219\"><\/td>\n<\/tr>\n<tr>\n<td width=\"233\">Anzeige-Genauigkeit:<\/td>\n<td width=\"219\">0,01 \u00baC<\/td>\n<\/tr>\n<tr>\n<td width=\"233\">Reichweite:<\/td>\n<td width=\"219\">5 \u00baC BIS 95 \u00baC<\/td>\n<\/tr>\n<tr>\n<td width=\"233\">Zul\u00e4ssige Umgebungstemperatur:<\/td>\n<td width=\"219\">5 \u00baC BIS 40 \u00baC<\/td>\n<\/tr>\n<tr>\n<td colspan=\"2\" width=\"452\"><strong>Zeit<\/strong><\/td>\n<\/tr>\n<tr>\n<td width=\"233\">Aufl\u00f6sung:<\/td>\n<td width=\"219\">1 &#8216;<\/td>\n<\/tr>\n<tr>\n<td width=\"233\">Zyklusdauer(n):<\/td>\n<td width=\"219\">1 ' - 99 h<\/td>\n<\/tr>\n<tr>\n<td colspan=\"2\" width=\"452\"><strong>Allgemeine Merkmale<\/strong><\/td>\n<\/tr>\n<tr>\n<td width=\"233\">Maximale Beh\u00e4lterkapazit\u00e4t:<\/td>\n<td width=\"219\">56 l<\/td>\n<\/tr>\n<tr>\n<td width=\"233\">Gesamtleistung:<\/td>\n<td width=\"219\">2000 W (8 A)<\/td>\n<\/tr>\n<tr>\n<td width=\"233\">Stromversorgung:<\/td>\n<td width=\"219\">230 V \/ 50\/60 Hz \/ 1F ~<\/td>\n<\/tr>\n<tr>\n<td width=\"233\">Stecker:<\/td>\n<td width=\"219\">EU<\/td>\n<\/tr>\n<tr>\n<td width=\"233\">Abmessungen Unterwasserteil:<\/td>\n<td width=\"219\">117 mm x 110 mm x 147 mm<\/td>\n<\/tr>\n<tr>\n<td width=\"233\">\u00c4u\u00dfere Abmessungen:<\/td>\n<td width=\"219\">124 mm x 140 mm x 360 mm<\/td>\n<\/tr>\n<tr>\n<td width=\"233\">Nettogewicht:<\/td>\n<td width=\"219\">4,2 kg<\/td>\n<\/tr>\n<\/tbody>\n<\/table>\n<hr \/>\n<div class=\"well\">\n<p>Zubeh\u00f6r:<\/p>\n<table class=\"table table-striped\">\n<tbody>\n<tr>\n<td colspan=\"2\" width=\"452\"><strong>Isolierter Beh\u00e4lter f\u00fcr Sous Vide<\/strong><\/p>\n<ul>\n<li>Gefertigt aus rostfreiem Stahl.<\/li>\n<li>Erh\u00e4ltlich in zwei Gr\u00f6\u00dfen.<\/li>\n<li>Mit Ablasshahn.<\/li>\n<\/ul>\n<\/td>\n<\/tr>\n<tr>\n<td><strong>Wanne 28 GN 1\/1 h. 150<\/strong><\/td>\n<td rowspan=\"16\" width=\"350\"><img decoding=\"async\" class=\"aligncenter wp-image-7677\" src=\"https:\/\/www.creaearredanegozi.it\/wp-content\/uploads\/2016\/10\/vasca-28-smartvide-1-1-de-150mm.png\" alt=\"vasca-28-per-roner-1-1-da-150mm\" width=\"500\" height=\"500\" title=\"\" srcset=\"https:\/\/www.creaearredanegozi.it\/wp-content\/uploads\/2016\/10\/vasca-28-smartvide-1-1-de-150mm.png 500w, https:\/\/www.creaearredanegozi.it\/wp-content\/uploads\/2016\/10\/vasca-28-smartvide-1-1-de-150mm-250x250.png 250w, https:\/\/www.creaearredanegozi.it\/wp-content\/uploads\/2016\/10\/vasca-28-smartvide-1-1-de-150mm-100x100.png 100w, https:\/\/www.creaearredanegozi.it\/wp-content\/uploads\/2016\/10\/vasca-28-smartvide-1-1-de-150mm-64x64.png 64w, https:\/\/www.creaearredanegozi.it\/wp-content\/uploads\/2016\/10\/vasca-28-smartvide-1-1-de-150mm-200x200.png 200w, https:\/\/www.creaearredanegozi.it\/wp-content\/uploads\/2016\/10\/vasca-28-smartvide-1-1-de-150mm-400x400.png 400w\" sizes=\"(max-width: 500px) 100vw, 500px\" \/><\/td>\n<\/tr>\n<tr>\n<td>Fassungsverm\u00f6gen: 28 l<\/td>\n<\/tr>\n<tr>\n<td>Breite: 335 mm<\/td>\n<\/tr>\n<tr>\n<td>Tiefe: 600 mm<\/td>\n<\/tr>\n<tr>\n<td>H\u00f6he: 288 mm<\/td>\n<\/tr>\n<tr>\n<td><\/td>\n<\/tr>\n<tr>\n<td><strong>Wanne 56 GN 2\/1 h. 150<\/strong><\/td>\n<\/tr>\n<tr>\n<td>Fassungsverm\u00f6gen: 56 l<\/td>\n<\/tr>\n<tr>\n<td>Breite: 660 mm<\/td>\n<\/tr>\n<tr>\n<td>Tiefe: 600 mm<\/td>\n<\/tr>\n<tr>\n<td>H\u00f6he: 288 mm<\/td>\n<\/tr>\n<\/tbody>\n<\/table>\n<\/div>\n<hr \/>\n<div style=\"text-align: center;\"><iframe loading=\"lazy\" title=\"YouTube-Video-Player\" src=\"https:\/\/www.youtube-nocookie.com\/embed\/nlXC_WQMAjM\" width=\"560\" height=\"315\" frameborder=\"0\" allowfullscreen=\"allowfullscreen\"><\/iframe><\/div>","protected":false},"excerpt":{"rendered":"<p>Roner\/Softcooker\/Sous vide: Cuocitore a temperatura controllata portatile con agitatori per recipienti fino a 56 litri. Progettato per gli chef, sviluppato dagli chef. Cuocitore a temperatura controllata professionale ad elevata precisione e affidabilit\u00e0, facile da usare e portatile. Con le sue caratteristiche avanzate che consentono uno scambio di informazioni importanti per migliorare le prestazioni dello Chef [&#8230;]","protected":false},"featured_media":123348,"comment_status":"closed","ping_status":"closed","template":"","meta":{"_monsterinsights_skip_tracking":false,"_monsterinsights_sitenote_active":false,"_monsterinsights_sitenote_note":"","_monsterinsights_sitenote_category":0},"product_brand":[736],"product_cat":[151,178],"product_tag":[353,352,354],"class_list":{"0":"post-7674","1":"product","2":"type-product","3":"status-publish","4":"has-post-thumbnail","6":"product_brand-sammic","7":"product_cat-bagnomaria","8":"product_cat-softcooker","9":"product_tag-roner","10":"product_tag-softcoocker","11":"product_tag-sousvide","12":"product_shipping_class-38","13":"pa_marca-sammic","15":"first","16":"instock","17":"taxable","18":"shipping-taxable","19":"purchasable","20":"product-type-simple"},"_links":{"self":[{"href":"https:\/\/www.creaearredanegozi.it\/de\/wp-json\/wp\/v2\/product\/7674","targetHints":{"allow":["GET"]}}],"collection":[{"href":"https:\/\/www.creaearredanegozi.it\/de\/wp-json\/wp\/v2\/product"}],"about":[{"href":"https:\/\/www.creaearredanegozi.it\/de\/wp-json\/wp\/v2\/types\/product"}],"replies":[{"embeddable":true,"href":"https:\/\/www.creaearredanegozi.it\/de\/wp-json\/wp\/v2\/comments?post=7674"}],"wp:featuredmedia":[{"embeddable":true,"href":"https:\/\/www.creaearredanegozi.it\/de\/wp-json\/wp\/v2\/media\/123348"}],"wp:attachment":[{"href":"https:\/\/www.creaearredanegozi.it\/de\/wp-json\/wp\/v2\/media?parent=7674"}],"wp:term":[{"taxonomy":"product_brand","embeddable":true,"href":"https:\/\/www.creaearredanegozi.it\/de\/wp-json\/wp\/v2\/product_brand?post=7674"},{"taxonomy":"product_cat","embeddable":true,"href":"https:\/\/www.creaearredanegozi.it\/de\/wp-json\/wp\/v2\/product_cat?post=7674"},{"taxonomy":"product_tag","embeddable":true,"href":"https:\/\/www.creaearredanegozi.it\/de\/wp-json\/wp\/v2\/product_tag?post=7674"}],"curies":[{"name":"wp","href":"https:\/\/api.w.org\/{rel}","templated":true}]}}