{"id":7678,"date":"2016-10-26T11:10:19","date_gmt":"2016-10-26T09:10:19","guid":{"rendered":"https:\/\/www.creaearredanegozi.it\/shop\/attrezzature-ristoranti-pub-cucine\/bagnomaria\/cuocitore-sottovuoto-a-bassa-temperatura-sous-vide-smartvide8\/"},"modified":"2023-07-03T19:50:20","modified_gmt":"2023-07-03T17:50:20","slug":"sous-vide-vakuumkocher-mit-niedriger-temperatur-smartvide8","status":"publish","type":"product","link":"https:\/\/www.creaearredanegozi.it\/de\/sous-vide-vakuumkocher-mit-niedriger-temperatur-smartvide8\/","title":{"rendered":"Roner Niedertemperatur-Vakuum-Garer - Sous Vide SmartVide9"},"content":{"rendered":"<p>Roner K\u00fcche, professioneller temperaturgesteuerter Herd mit hoher Pr\u00e4zision und Zuverl\u00e4ssigkeit, einfach zu bedienen und tragbar.<\/p>\n<p><strong>Roner tragbarer temperaturgesteuerter Kocher mit R\u00fchrwerk f\u00fcr Gef\u00e4\u00dfe bis zu 56 Liter. F\u00fcr K\u00f6che entworfen, von K\u00f6chen entwickelt.<\/strong><\/p>\n<ul>\n<li>Robuste und langlebige Edelstahlkonstruktion f\u00fcr professionelle Leistung.<\/li>\n<li>Gew\u00e4hrleistet das Kochen bei <strong>temperaturgesteuert mit hoher Pr\u00e4zision <\/strong>Erhaltung der Produktqualit\u00e4t und Verbesserung von Geschmack und Textur. SmartVide8 ist mit einem hochpr\u00e4zisen Temperaturregelungssystem ausgestattet, das ein sehr genaues Ergebnis erzielt. A <strong>optionale Kernsonde<\/strong> erm\u00f6glicht eine noch pr\u00e4zisere Kontrolle.<\/li>\n<li>Sie erm\u00f6glicht es, die Produkte in ihrem eigenen Saft zu kochen, so dass die Sauce sofort f\u00fcr die Zubereitung von Speisen verwendet werden kann. <strong>Geschmacksverst\u00e4rkung<\/strong>.<\/li>\n<li><strong>Halbiert die Zeit<\/strong> des Marinierens und Mazerierens von Zutaten .<\/li>\n<li><strong>Zum Aufgie\u00dfen und Aromatisieren<\/strong> von \u00d6len, Fetten oder anderen Produkten durch Anwendung der Technik der kontrollierten Temperatur.<\/li>\n<li>Sie erm\u00f6glicht h\u00f6here Gewinnspannen f\u00fcr die<strong>kein Gewichtsverlust<\/strong> der Produkte.<\/li>\n<li>Erfordert <strong>sehr wenig Zeit f\u00fcr direkten Einsatz<\/strong>So k\u00f6nnen Sie andere Dinge tun, w\u00e4hrend das Produkt kocht. Programmieren Sie einfach die Temperatur und die Zeit, SmartVide8 erledigt den Rest. 4 Tasten und ein TFT-Farbdisplay bieten <strong>alle <\/strong><strong>Informationen auf einen Blick <\/strong>Die Bedienung ist einfach und intuitiv.<\/li>\n<li>SmartVide8 ist <strong>Laptop<\/strong>Dank seiner<strong> ergonomischer Griff<\/strong> und robustem, massivem Edelstahl kann der SmartVide8 leicht von einem Beh\u00e4lter zum anderen bewegt werden. Die <strong>Tasche<\/strong> mit dem der Herd geliefert wird, kann der Koch ihn \u00fcberallhin mitnehmen.<\/li>\n<\/ul>\n<div class=\"description\">\n<hr \/>\n<table class=\"table table-striped\">\n<tbody>\n<tr>\n<td colspan=\"2\" width=\"452\"><strong>Technische Daten<\/strong><\/td>\n<\/tr>\n<tr>\n<td width=\"233\"><strong>Temperatur<\/strong><\/td>\n<td width=\"219\"><\/td>\n<\/tr>\n<tr>\n<td width=\"233\">Anzeige-Genauigkeit:<\/td>\n<td width=\"219\">0,01 \u00baC<\/td>\n<\/tr>\n<tr>\n<td width=\"233\">Reichweite:<\/td>\n<td width=\"219\">5 \u00baC - 95 \u00baC<\/td>\n<\/tr>\n<tr>\n<td width=\"233\">Zul\u00e4ssige Umgebungstemperatur:<\/td>\n<td width=\"219\">5 \u00baC - 40 \u00baC<\/td>\n<\/tr>\n<tr>\n<td colspan=\"2\" width=\"452\"><strong>Zeit<\/strong><\/td>\n<\/tr>\n<tr>\n<td width=\"233\">Aufl\u00f6sung:<\/td>\n<td width=\"219\">1 &#8216;<\/td>\n<\/tr>\n<tr>\n<td width=\"233\">Zyklusdauer(n):<\/td>\n<td width=\"219\">1 ' - 99 h<\/td>\n<\/tr>\n<tr>\n<td colspan=\"2\" width=\"452\"><strong>Allgemeine Merkmale<\/strong><\/td>\n<\/tr>\n<tr>\n<td width=\"233\">Maximale Beh\u00e4lterkapazit\u00e4t:<\/td>\n<td width=\"219\">56 l<\/td>\n<\/tr>\n<tr>\n<td width=\"233\">Gesamtleistung:<\/td>\n<td width=\"219\">2000 W (8 A)<\/td>\n<\/tr>\n<tr>\n<td width=\"233\">Stromversorgung:<\/td>\n<td width=\"219\">230 V \/ 50\/60 Hz \/ 1 ~<\/td>\n<\/tr>\n<tr>\n<td width=\"233\">Stecker:<\/td>\n<td width=\"219\">EU<\/td>\n<\/tr>\n<tr>\n<td width=\"233\">Abmessungen Unterwasserteil:<\/td>\n<td width=\"219\">117 mm x 110 mm x 147 mm<\/td>\n<\/tr>\n<tr>\n<td width=\"233\">\u00c4u\u00dfere Abmessungen:<\/td>\n<td width=\"219\">124 mm x 140 mm x 360 mm<\/td>\n<\/tr>\n<tr>\n<td width=\"233\">Nettogewicht:<\/td>\n<td width=\"219\">4,1 kg<\/td>\n<\/tr>\n<\/tbody>\n<\/table>\n<\/div>\n<hr \/>\n<div class=\"well\">\n<p><strong>Zubeh\u00f6r:<\/strong><\/p>\n<table class=\"table table-striped\">\n<tbody>\n<tr>\n<td colspan=\"2\" width=\"452\"><strong>Isolierter Beh\u00e4lter f\u00fcr Sous Vide<\/strong><\/p>\n<ul>\n<li> Gefertigt aus rostfreiem Stahl.<\/li>\n<li>Erh\u00e4ltlich in zwei Gr\u00f6\u00dfen.<\/li>\n<li>Mit Ablasshahn.<\/li>\n<\/ul>\n<\/td>\n<\/tr>\n<tr>\n<td> <strong>Wanne 28 GN 1\/1 h. 150<\/strong><\/td>\n<td rowspan=\"16\" width=\"350\"> <img decoding=\"async\" class=\"aligncenter wp-image-7677\" src=\"https:\/\/www.creaearredanegozi.it\/wp-content\/uploads\/2016\/10\/vasca-28-smartvide-1-1-de-150mm.png\" alt=\"vasca-28-smartvide-1-1-de-150mm\" width=\"100%\" title=\"\" srcset=\"https:\/\/www.creaearredanegozi.it\/wp-content\/uploads\/2016\/10\/vasca-28-smartvide-1-1-de-150mm.png 500w, https:\/\/www.creaearredanegozi.it\/wp-content\/uploads\/2016\/10\/vasca-28-smartvide-1-1-de-150mm-250x250.png 250w, https:\/\/www.creaearredanegozi.it\/wp-content\/uploads\/2016\/10\/vasca-28-smartvide-1-1-de-150mm-100x100.png 100w, https:\/\/www.creaearredanegozi.it\/wp-content\/uploads\/2016\/10\/vasca-28-smartvide-1-1-de-150mm-64x64.png 64w, https:\/\/www.creaearredanegozi.it\/wp-content\/uploads\/2016\/10\/vasca-28-smartvide-1-1-de-150mm-200x200.png 200w, https:\/\/www.creaearredanegozi.it\/wp-content\/uploads\/2016\/10\/vasca-28-smartvide-1-1-de-150mm-400x400.png 400w\" sizes=\"(max-width: 500px) 100vw, 500px\" \/><\/td>\n<\/tr>\n<tr>\n<td> Fassungsverm\u00f6gen: 28 l<\/td>\n<\/tr>\n<tr>\n<td> Breite: 335 mm<\/td>\n<\/tr>\n<tr>\n<td> Tiefe: 600 mm<\/td>\n<\/tr>\n<tr>\n<td> H\u00f6he: 288 mm<\/td>\n<\/tr>\n<tr>\n<td><\/td>\n<\/tr>\n<tr>\n<td> <strong>Wanne 56 GN 2\/1 h. 150<\/strong><\/td>\n<\/tr>\n<tr>\n<td> Fassungsverm\u00f6gen: 56 l<\/td>\n<\/tr>\n<tr>\n<td> Breite: 660 mm<\/td>\n<\/tr>\n<tr>\n<td> Tiefe: 600 mm<\/td>\n<\/tr>\n<tr>\n<td>H\u00f6he: 288 mm<\/td>\n<\/tr>\n<\/tbody>\n<\/table>\n<\/div>\n<hr \/>\n<div class=\"well\">\n<div class=\"video-container\" style=\"text-align: center;\"><iframe loading=\"lazy\" src=\"https:\/\/www.youtube.com\/embed\/videoseries?list=PLdKRGmT_lLJq5nFC-1SZ88dGujghZBTrG&amp;showinfo=0\" width=\"500px\" height=\"400px\" frameborder=\"0\" allowfullscreen=\"allowfullscreen\" data-mce-fragment=\"1\"><span data-mce-type=\"bookmark\" style=\"display: inline-block; width: 0px; overflow: hidden; line-height: 0;\" class=\"mce_SELRES_start\"><\/span><span data-mce-type=\"bookmark\" style=\"display: inline-block; width: 0px; overflow: hidden; line-height: 0;\" class=\"mce_SELRES_start\"><\/span><\/iframe><\/div>\n<\/div>","protected":false},"excerpt":{"rendered":"<p>Roner cucina, cuocitore a temperatura controllata professionale ad elevata precisione e affidabilit\u00e0, facile da usare e portatile. Cuocitore Roner a temperatura controllata portatile con agitatori per recipienti fino a 56 litri. Progettato per gli chef, sviluppato dagli chef. Costruzione in acciaio inox robusta e resistente per garantire prestazioni professionali. Assicura una cottura a temperatura controllata [&#8230;]","protected":false},"featured_media":7679,"comment_status":"closed","ping_status":"closed","template":"","meta":{"_monsterinsights_skip_tracking":false,"_monsterinsights_sitenote_active":false,"_monsterinsights_sitenote_note":"","_monsterinsights_sitenote_category":0},"product_brand":[],"product_cat":[151,178],"product_tag":[],"class_list":{"0":"post-7678","1":"product","2":"type-product","3":"status-publish","4":"has-post-thumbnail","6":"product_cat-bagnomaria","7":"product_cat-softcooker","8":"product_shipping_class-215","10":"first","11":"instock","12":"taxable","13":"shipping-taxable","14":"purchasable","15":"product-type-simple"},"_links":{"self":[{"href":"https:\/\/www.creaearredanegozi.it\/de\/wp-json\/wp\/v2\/product\/7678","targetHints":{"allow":["GET"]}}],"collection":[{"href":"https:\/\/www.creaearredanegozi.it\/de\/wp-json\/wp\/v2\/product"}],"about":[{"href":"https:\/\/www.creaearredanegozi.it\/de\/wp-json\/wp\/v2\/types\/product"}],"replies":[{"embeddable":true,"href":"https:\/\/www.creaearredanegozi.it\/de\/wp-json\/wp\/v2\/comments?post=7678"}],"wp:featuredmedia":[{"embeddable":true,"href":"https:\/\/www.creaearredanegozi.it\/de\/wp-json\/wp\/v2\/media\/7679"}],"wp:attachment":[{"href":"https:\/\/www.creaearredanegozi.it\/de\/wp-json\/wp\/v2\/media?parent=7678"}],"wp:term":[{"taxonomy":"product_brand","embeddable":true,"href":"https:\/\/www.creaearredanegozi.it\/de\/wp-json\/wp\/v2\/product_brand?post=7678"},{"taxonomy":"product_cat","embeddable":true,"href":"https:\/\/www.creaearredanegozi.it\/de\/wp-json\/wp\/v2\/product_cat?post=7678"},{"taxonomy":"product_tag","embeddable":true,"href":"https:\/\/www.creaearredanegozi.it\/de\/wp-json\/wp\/v2\/product_tag?post=7678"}],"curies":[{"name":"wp","href":"https:\/\/api.w.org\/{rel}","templated":true}]}}