{"id":7759,"date":"2016-11-14T13:34:26","date_gmt":"2016-11-14T12:34:26","guid":{"rendered":"https:\/\/www.creaearredanegozi.it\/shop\/casteria-e-carrelli\/carrello-spesa-trolley-45-litri-abs\/"},"modified":"2026-02-03T17:16:51","modified_gmt":"2026-02-03T16:16:51","slug":"wagen-45lt","status":"publish","type":"product","link":"https:\/\/www.creaearredanegozi.it\/de\/wagen-45lt\/","title":{"rendered":"Supermarkt-Einkaufswagen 45 Liter Polypropylen erh\u00e4ltlich in 4 Farben"},"content":{"rendered":"<p><strong>Supermarkt-Einkaufswagen 45 Liter Polypropylen erh\u00e4ltlich in 4 Farben<\/strong><\/p>\n<p><strong>Einkaufswagen<\/strong> vollst\u00e4ndig aus sto\u00dffestem Polypropylen gefertigt und mit einem Fassungsverm\u00f6gen von 45 Litern netto (30 Kilo Zuladung) und einem praktischen Haken f\u00fcr Taschen als Alternative zum \"Korb mit Griff\" konzipiert.<br \/>\nDurch seine kompakte Gr\u00f6\u00dfe ist er besonders f\u00fcr kleine Gesch\u00e4fte geeignet.<\/p>\n<table class=\"table table-striped\">\n<tbody>\n<tr>\n<td width=\"103\">STRUKTUR<\/td>\n<td width=\"683\">Monocoque mit integriertem schlagfestem Polypropylengriff. Sorgt f\u00fcr mehr Festigkeit und Haltbarkeit. Vermeidet Probleme mit eingeklemmten, gebrochenen und oft abgesenkten Griffen. 100 % recycelbar.<\/td>\n<\/tr>\n<tr>\n<td width=\"103\">KAPAZIT\u00c4T<\/td>\n<td width=\"683\">45 Liter <strong>Netz<\/strong>Das entspricht 10 % mehr als bei den herk\u00f6mmlichen.<\/td>\n<\/tr>\n<tr>\n<td width=\"103\">MOBILIT\u00c4T<\/td>\n<td width=\"683\">Ziehen und Schieben - 3 R\u00e4der, Zwillingsvorderrad und 2 feste Hinterr\u00e4der mit einem Durchmesser von 63 mm auf einer verzinkten Stahlachse mit einem Durchmesser von 8 mm.<\/td>\n<\/tr>\n<tr>\n<td width=\"103\">STAPELBAR<\/td>\n<td width=\"683\">Empfohlen Max. 10 St\u00fcck mit einer Gesamth\u00f6he von 160 cm<\/td>\n<\/tr>\n<tr>\n<td width=\"103\">ABMESSUNGEN<\/td>\n<td width=\"683\">48 x 45 x 86 h.<\/td>\n<\/tr>\n<\/tbody>\n<\/table>\n<hr \/>\n<div id='gallery-1' class='gallery galleryid-7759 gallery-columns-2 gallery-size-medium'><figure class='gallery-item'>\n\t\t\t<div class='gallery-icon portrait'>\n\t\t\t\t<img decoding=\"async\" width=\"318\" height=\"400\" src=\"https:\/\/www.creaearredanegozi.it\/wp-content\/uploads\/2016\/11\/Carrello-spesa-64-litri-comodo-398x500.jpg\" class=\"attachment-medium size-medium\" alt=\"\" srcset=\"https:\/\/www.creaearredanegozi.it\/wp-content\/uploads\/2016\/11\/Carrello-spesa-64-litri-comodo-398x500.jpg 398w, https:\/\/www.creaearredanegozi.it\/wp-content\/uploads\/2016\/11\/Carrello-spesa-64-litri-comodo-516x649.jpg 516w, https:\/\/www.creaearredanegozi.it\/wp-content\/uploads\/2016\/11\/Carrello-spesa-64-litri-comodo-64x80.jpg 64w, https:\/\/www.creaearredanegozi.it\/wp-content\/uploads\/2016\/11\/Carrello-spesa-64-litri-comodo-611x768.jpg 611w, https:\/\/www.creaearredanegozi.it\/wp-content\/uploads\/2016\/11\/Carrello-spesa-64-litri-comodo-645x811.jpg 645w, https:\/\/www.creaearredanegozi.it\/wp-content\/uploads\/2016\/11\/Carrello-spesa-64-litri-comodo-560x704.jpg 560w, https:\/\/www.creaearredanegozi.it\/wp-content\/uploads\/2016\/11\/Carrello-spesa-64-litri-comodo-400x503.jpg 400w, https:\/\/www.creaearredanegozi.it\/wp-content\/uploads\/2016\/11\/Carrello-spesa-64-litri-comodo.jpg 700w\" sizes=\"(max-width: 318px) 100vw, 318px\" title=\"\">\n\t\t\t<\/div><\/figure><figure class='gallery-item'>\n\t\t\t<div class='gallery-icon portrait'>\n\t\t\t\t<img decoding=\"async\" width=\"244\" height=\"400\" src=\"https:\/\/www.creaearredanegozi.it\/wp-content\/uploads\/2016\/11\/gancio-porta-borse-su-cestino-trolley-per-minimarket-305x500.jpg\" class=\"attachment-medium size-medium\" alt=\"\" srcset=\"https:\/\/www.creaearredanegozi.it\/wp-content\/uploads\/2016\/11\/gancio-porta-borse-su-cestino-trolley-per-minimarket-305x500.jpg 305w, https:\/\/www.creaearredanegozi.it\/wp-content\/uploads\/2016\/11\/gancio-porta-borse-su-cestino-trolley-per-minimarket-64x105.jpg 64w, https:\/\/www.creaearredanegozi.it\/wp-content\/uploads\/2016\/11\/gancio-porta-borse-su-cestino-trolley-per-minimarket.jpg 355w\" sizes=\"(max-width: 244px) 100vw, 244px\" title=\"\">\n\t\t\t<\/div><\/figure><figure class='gallery-item'>\n\t\t\t<div class='gallery-icon landscape'>\n\t\t\t\t<img decoding=\"async\" width=\"485\" height=\"400\" src=\"https:\/\/www.creaearredanegozi.it\/wp-content\/uploads\/2016\/11\/Carrello-spesa-64-litri-impilabile-500x412.jpg\" class=\"attachment-medium size-medium\" alt=\"\" srcset=\"https:\/\/www.creaearredanegozi.it\/wp-content\/uploads\/2016\/11\/Carrello-spesa-64-litri-impilabile-500x412.jpg 500w, https:\/\/www.creaearredanegozi.it\/wp-content\/uploads\/2016\/11\/Carrello-spesa-64-litri-impilabile-516x425.jpg 516w, https:\/\/www.creaearredanegozi.it\/wp-content\/uploads\/2016\/11\/Carrello-spesa-64-litri-impilabile-64x53.jpg 64w, https:\/\/www.creaearredanegozi.it\/wp-content\/uploads\/2016\/11\/Carrello-spesa-64-litri-impilabile-645x532.jpg 645w, https:\/\/www.creaearredanegozi.it\/wp-content\/uploads\/2016\/11\/Carrello-spesa-64-litri-impilabile-560x462.jpg 560w, https:\/\/www.creaearredanegozi.it\/wp-content\/uploads\/2016\/11\/Carrello-spesa-64-litri-impilabile-400x330.jpg 400w, https:\/\/www.creaearredanegozi.it\/wp-content\/uploads\/2016\/11\/Carrello-spesa-64-litri-impilabile.jpg 700w\" sizes=\"(max-width: 485px) 100vw, 485px\" title=\"\">\n\t\t\t<\/div><\/figure><figure class='gallery-item'>\n\t\t\t<div class='gallery-icon landscape'>\n\t\t\t\t<img decoding=\"async\" width=\"487\" height=\"400\" src=\"https:\/\/www.creaearredanegozi.it\/wp-content\/uploads\/2016\/11\/centri-commercili-con-carrelli-spesa-trolley-500x411.jpg\" class=\"attachment-medium size-medium\" alt=\"\" srcset=\"https:\/\/www.creaearredanegozi.it\/wp-content\/uploads\/2016\/11\/centri-commercili-con-carrelli-spesa-trolley-500x411.jpg 500w, https:\/\/www.creaearredanegozi.it\/wp-content\/uploads\/2016\/11\/centri-commercili-con-carrelli-spesa-trolley-516x424.jpg 516w, https:\/\/www.creaearredanegozi.it\/wp-content\/uploads\/2016\/11\/centri-commercili-con-carrelli-spesa-trolley-64x53.jpg 64w, https:\/\/www.creaearredanegozi.it\/wp-content\/uploads\/2016\/11\/centri-commercili-con-carrelli-spesa-trolley-560x461.jpg 560w, https:\/\/www.creaearredanegozi.it\/wp-content\/uploads\/2016\/11\/centri-commercili-con-carrelli-spesa-trolley-400x329.jpg 400w, https:\/\/www.creaearredanegozi.it\/wp-content\/uploads\/2016\/11\/centri-commercili-con-carrelli-spesa-trolley.jpg 636w\" sizes=\"(max-width: 487px) 100vw, 487px\" title=\"\">\n\t\t\t<\/div><\/figure><figure class='gallery-item'>\n\t\t\t<div class='gallery-icon landscape'>\n\t\t\t\t<img decoding=\"async\" width=\"416\" height=\"400\" src=\"https:\/\/www.creaearredanegozi.it\/wp-content\/uploads\/2016\/11\/ruote-sotto-carrello-trolley-in-plastica.jpg\" class=\"attachment-medium size-medium\" alt=\"\" srcset=\"https:\/\/www.creaearredanegozi.it\/wp-content\/uploads\/2016\/11\/ruote-sotto-carrello-trolley-in-plastica.jpg 476w, https:\/\/www.creaearredanegozi.it\/wp-content\/uploads\/2016\/11\/ruote-sotto-carrello-trolley-in-plastica-64x62.jpg 64w, https:\/\/www.creaearredanegozi.it\/wp-content\/uploads\/2016\/11\/ruote-sotto-carrello-trolley-in-plastica-400x385.jpg 400w\" sizes=\"(max-width: 416px) 100vw, 416px\" title=\"\">\n\t\t\t<\/div><\/figure>\n\t\t<\/div>","protected":false},"excerpt":{"rendered":"<p>Mindestabnahme 10 St\u00fcck<\/p>","protected":false},"featured_media":118607,"comment_status":"open","ping_status":"closed","template":"","meta":{"_monsterinsights_skip_tracking":false,"_monsterinsights_sitenote_active":false,"_monsterinsights_sitenote_note":"","_monsterinsights_sitenote_category":0},"product_brand":[],"product_cat":[103],"product_tag":[],"class_list":{"0":"post-7759","1":"product","2":"type-product","3":"status-publish","4":"has-post-thumbnail","6":"product_cat-carrellicestelli","7":"product_shipping_class-614","9":"first","10":"instock","11":"taxable","12":"shipping-taxable","13":"purchasable","14":"product-type-variable"},"_links":{"self":[{"href":"https:\/\/www.creaearredanegozi.it\/de\/wp-json\/wp\/v2\/product\/7759","targetHints":{"allow":["GET"]}}],"collection":[{"href":"https:\/\/www.creaearredanegozi.it\/de\/wp-json\/wp\/v2\/product"}],"about":[{"href":"https:\/\/www.creaearredanegozi.it\/de\/wp-json\/wp\/v2\/types\/product"}],"replies":[{"embeddable":true,"href":"https:\/\/www.creaearredanegozi.it\/de\/wp-json\/wp\/v2\/comments?post=7759"}],"wp:featuredmedia":[{"embeddable":true,"href":"https:\/\/www.creaearredanegozi.it\/de\/wp-json\/wp\/v2\/media\/118607"}],"wp:attachment":[{"href":"https:\/\/www.creaearredanegozi.it\/de\/wp-json\/wp\/v2\/media?parent=7759"}],"wp:term":[{"taxonomy":"product_brand","embeddable":true,"href":"https:\/\/www.creaearredanegozi.it\/de\/wp-json\/wp\/v2\/product_brand?post=7759"},{"taxonomy":"product_cat","embeddable":true,"href":"https:\/\/www.creaearredanegozi.it\/de\/wp-json\/wp\/v2\/product_cat?post=7759"},{"taxonomy":"product_tag","embeddable":true,"href":"https:\/\/www.creaearredanegozi.it\/de\/wp-json\/wp\/v2\/product_tag?post=7759"}],"curies":[{"name":"wp","href":"https:\/\/api.w.org\/{rel}","templated":true}]}}