{"id":7838,"date":"2016-12-09T12:58:12","date_gmt":"2016-12-09T11:58:12","guid":{"rendered":"https:\/\/www.creaearredanegozi.it\/shop\/vetrine\/termovetrina-su-banchetto-caldo-vetri-piani-modello-chiuso\/"},"modified":"2023-07-03T20:05:02","modified_gmt":"2023-07-03T18:05:02","slug":"thermoblanket-auf-heisbank-flachglas-geschlossenes-modell","status":"publish","type":"product","link":"https:\/\/www.creaearredanegozi.it\/de\/thermoblanket-auf-heisbank-flachglas-geschlossenes-modell\/","title":{"rendered":"Warmglas-Thermofenster auf flachem Glasbankett Modell geschlossene Holzfront"},"content":{"rendered":"<h3>Serie von Warmhaltevitrinen auf Banketten f\u00fcr Pizzeria, Rotisserie und Patisserie.<\/h3>\n<p>Hochwertige, hochfeste Konstruktion aus rostfreiem Stahl AISI 304. Scotch Brite Oberfl\u00e4che. Warme, technologisch sch\u00f6ne und funktionelle Vitrine, mit Steigrohr aus geh\u00e4rtetem Glas und Befeuchter.<\/p>\n<ul>\n<li>Thermostatische Steuerung zur Vermeidung von \u00dcberhitzung und f\u00fcr erhebliche Energieeinsparungen;<\/li>\n<li>Temperaturleser auf der \u00f6ffentlichen Seite;<\/li>\n<li>Inklusive Innenbeleuchtung;<\/li>\n<li>Inklusive 4-Rad-Kit;<\/li>\n<li>Stromversorgung 240V 1N<\/li>\n<li>Max. Temperatur 90 \u00b0C<\/li>\n<li>Standardm\u00e4\u00dfig mit Siebdruck bedruckte Holzfront (wei\u00dfe Platte mit grauen Wellen) oder individuell gestaltbar.<\/li>\n<\/ul>\n<hr \/>\n<table class=\"table table-striped mtr-table mtr-tr-td\">\n<tbody>\n<tr>\n<td width=\"64\" data-mtr-content=\"Codice\" class=\"mtr-td-tag\"><div class=\"mtr-cell-content\">Code<\/div><\/td>\n<td width=\"25\" data-mtr-content=\"L\" class=\"mtr-td-tag\"><div class=\"mtr-cell-content\"><strong><em>L<\/em><\/strong><\/div><\/td>\n<td width=\"20\" data-mtr-content=\"P\" class=\"mtr-td-tag\"><div class=\"mtr-cell-content\"><strong><em>P<\/em><\/strong><\/div><\/td>\n<td width=\"47\" data-mtr-content=\"H\" class=\"mtr-td-tag\"><div class=\"mtr-cell-content\"><strong><em>H<\/em><\/strong><\/div><\/td>\n<td width=\"37\" data-mtr-content=\"n\u00b0 Vass.\" class=\"mtr-td-tag\"><div class=\"mtr-cell-content\"><strong><em>Nein. Vass.<\/em><\/strong><\/div><\/td>\n<td width=\"47\" data-mtr-content=\"Vassoi\" class=\"mtr-td-tag\"><div class=\"mtr-cell-content\"><strong><em>Tabletts<\/em><\/strong><\/div><\/td>\n<td width=\"48\" data-mtr-content=\"W Max\" class=\"mtr-td-tag\"><div class=\"mtr-cell-content\"><strong><em>W Max<\/em><\/strong><\/div><\/td>\n<\/tr>\n<tr>\n<td width=\"64\" data-mtr-content=\"Codice\" class=\"mtr-td-tag\"><div class=\"mtr-cell-content\">BC-80<\/div><\/td>\n<td width=\"25\" data-mtr-content=\"L\" class=\"mtr-td-tag\"><div class=\"mtr-cell-content\">80<\/div><\/td>\n<td width=\"20\" data-mtr-content=\"P\" class=\"mtr-td-tag\"><div class=\"mtr-cell-content\">53<\/div><\/td>\n<td width=\"47\" data-mtr-content=\"H\" class=\"mtr-td-tag\"><div class=\"mtr-cell-content\">125<\/div><\/td>\n<td width=\"37\" data-mtr-content=\"n\u00b0 Vass.\" class=\"mtr-td-tag\"><div class=\"mtr-cell-content\">2<\/div><\/td>\n<td width=\"47\" data-mtr-content=\"Vassoi\" class=\"mtr-td-tag\"><div class=\"mtr-cell-content\">35X45<\/div><\/td>\n<td width=\"48\" data-mtr-content=\"W Max\" class=\"mtr-td-tag\"><div class=\"mtr-cell-content\">600<\/div><\/td>\n<\/tr>\n<tr>\n<td width=\"64\" data-mtr-content=\"Codice\" class=\"mtr-td-tag\"><div class=\"mtr-cell-content\">BC-100<\/div><\/td>\n<td width=\"25\" data-mtr-content=\"L\" class=\"mtr-td-tag\"><div class=\"mtr-cell-content\">100<\/div><\/td>\n<td width=\"20\" data-mtr-content=\"P\" class=\"mtr-td-tag\"><div class=\"mtr-cell-content\">53<\/div><\/td>\n<td width=\"47\" data-mtr-content=\"H\" class=\"mtr-td-tag\"><div class=\"mtr-cell-content\">135<\/div><\/td>\n<td width=\"37\" data-mtr-content=\"n\u00b0 Vass.\" class=\"mtr-td-tag\"><div class=\"mtr-cell-content\">3<\/div><\/td>\n<td width=\"47\" data-mtr-content=\"Vassoi\" class=\"mtr-td-tag\"><div class=\"mtr-cell-content\">30X45<\/div><\/td>\n<td width=\"48\" data-mtr-content=\"W Max\" class=\"mtr-td-tag\"><div class=\"mtr-cell-content\">1000<\/div><\/td>\n<\/tr>\n<tr>\n<td width=\"64\" data-mtr-content=\"Codice\" class=\"mtr-td-tag\"><div class=\"mtr-cell-content\">BC-100E<\/div><\/td>\n<td width=\"25\" data-mtr-content=\"L\" class=\"mtr-td-tag\"><div class=\"mtr-cell-content\">100<\/div><\/td>\n<td width=\"20\" data-mtr-content=\"P\" class=\"mtr-td-tag\"><div class=\"mtr-cell-content\">70<\/div><\/td>\n<td width=\"47\" data-mtr-content=\"H\" class=\"mtr-td-tag\"><div class=\"mtr-cell-content\">135<\/div><\/td>\n<td width=\"37\" data-mtr-content=\"n\u00b0 Vass.\" class=\"mtr-td-tag\"><div class=\"mtr-cell-content\">2<\/div><\/td>\n<td width=\"47\" data-mtr-content=\"Vassoi\" class=\"mtr-td-tag\"><div class=\"mtr-cell-content\">40X60<\/div><\/td>\n<td width=\"48\" data-mtr-content=\"W Max\" class=\"mtr-td-tag\"><div class=\"mtr-cell-content\">1000<\/div><\/td>\n<\/tr>\n<tr>\n<td width=\"64\" data-mtr-content=\"Codice\" class=\"mtr-td-tag\"><div class=\"mtr-cell-content\">BC-120<\/div><\/td>\n<td width=\"25\" data-mtr-content=\"L\" class=\"mtr-td-tag\"><div class=\"mtr-cell-content\">120<\/div><\/td>\n<td width=\"20\" data-mtr-content=\"P\" class=\"mtr-td-tag\"><div class=\"mtr-cell-content\">53<\/div><\/td>\n<td width=\"47\" data-mtr-content=\"H\" class=\"mtr-td-tag\"><div class=\"mtr-cell-content\">135<\/div><\/td>\n<td width=\"37\" data-mtr-content=\"n\u00b0 Vass.\" class=\"mtr-td-tag\"><div class=\"mtr-cell-content\">3<\/div><\/td>\n<td width=\"47\" data-mtr-content=\"Vassoi\" class=\"mtr-td-tag\"><div class=\"mtr-cell-content\">35X45<\/div><\/td>\n<td width=\"48\" data-mtr-content=\"W Max\" class=\"mtr-td-tag\"><div class=\"mtr-cell-content\">1300<\/div><\/td>\n<\/tr>\n<tr>\n<td width=\"64\" data-mtr-content=\"Codice\" class=\"mtr-td-tag\"><div class=\"mtr-cell-content\">BC-120E<\/div><\/td>\n<td width=\"25\" data-mtr-content=\"L\" class=\"mtr-td-tag\"><div class=\"mtr-cell-content\">120<\/div><\/td>\n<td width=\"20\" data-mtr-content=\"P\" class=\"mtr-td-tag\"><div class=\"mtr-cell-content\">70<\/div><\/td>\n<td width=\"47\" data-mtr-content=\"H\" class=\"mtr-td-tag\"><div class=\"mtr-cell-content\">135<\/div><\/td>\n<td width=\"37\" data-mtr-content=\"n\u00b0 Vass.\" class=\"mtr-td-tag\"><div class=\"mtr-cell-content\">2<\/div><\/td>\n<td width=\"47\" data-mtr-content=\"Vassoi\" class=\"mtr-td-tag\"><div class=\"mtr-cell-content\">40X60<\/div><\/td>\n<td width=\"48\" data-mtr-content=\"W Max\" class=\"mtr-td-tag\"><div class=\"mtr-cell-content\">1300<\/div><\/td>\n<\/tr>\n<tr>\n<td width=\"64\" data-mtr-content=\"Codice\" class=\"mtr-td-tag\"><div class=\"mtr-cell-content\">BC-130<\/div><\/td>\n<td width=\"25\" data-mtr-content=\"L\" class=\"mtr-td-tag\"><div class=\"mtr-cell-content\">130<\/div><\/td>\n<td width=\"20\" data-mtr-content=\"P\" class=\"mtr-td-tag\"><div class=\"mtr-cell-content\">53<\/div><\/td>\n<td width=\"47\" data-mtr-content=\"H\" class=\"mtr-td-tag\"><div class=\"mtr-cell-content\">135<\/div><\/td>\n<td width=\"37\" data-mtr-content=\"n\u00b0 Vass.\" class=\"mtr-td-tag\"><div class=\"mtr-cell-content\">3<\/div><\/td>\n<td width=\"47\" data-mtr-content=\"Vassoi\" class=\"mtr-td-tag\"><div class=\"mtr-cell-content\">35X45<\/div><\/td>\n<td width=\"48\" data-mtr-content=\"W Max\" class=\"mtr-td-tag\"><div class=\"mtr-cell-content\">1300<\/div><\/td>\n<\/tr>\n<tr>\n<td width=\"64\" data-mtr-content=\"Codice\" class=\"mtr-td-tag\"><div class=\"mtr-cell-content\">BC-130E<\/div><\/td>\n<td width=\"25\" data-mtr-content=\"L\" class=\"mtr-td-tag\"><div class=\"mtr-cell-content\">130<\/div><\/td>\n<td width=\"20\" data-mtr-content=\"P\" class=\"mtr-td-tag\"><div class=\"mtr-cell-content\">70<\/div><\/td>\n<td width=\"47\" data-mtr-content=\"H\" class=\"mtr-td-tag\"><div class=\"mtr-cell-content\">135<\/div><\/td>\n<td width=\"37\" data-mtr-content=\"n\u00b0 Vass.\" class=\"mtr-td-tag\"><div class=\"mtr-cell-content\">3<\/div><\/td>\n<td width=\"47\" data-mtr-content=\"Vassoi\" class=\"mtr-td-tag\"><div class=\"mtr-cell-content\">40X60<\/div><\/td>\n<td width=\"48\" data-mtr-content=\"W Max\" class=\"mtr-td-tag\"><div class=\"mtr-cell-content\">1300<\/div><\/td>\n<\/tr>\n<tr>\n<td width=\"64\" data-mtr-content=\"Codice\" class=\"mtr-td-tag\"><div class=\"mtr-cell-content\">BC-150<\/div><\/td>\n<td width=\"25\" data-mtr-content=\"L\" class=\"mtr-td-tag\"><div class=\"mtr-cell-content\">150<\/div><\/td>\n<td width=\"20\" data-mtr-content=\"P\" class=\"mtr-td-tag\"><div class=\"mtr-cell-content\">53<\/div><\/td>\n<td width=\"47\" data-mtr-content=\"H\" class=\"mtr-td-tag\"><div class=\"mtr-cell-content\">135<\/div><\/td>\n<td width=\"37\" data-mtr-content=\"n\u00b0 Vass.\" class=\"mtr-td-tag\"><div class=\"mtr-cell-content\">4<\/div><\/td>\n<td width=\"47\" data-mtr-content=\"Vassoi\" class=\"mtr-td-tag\"><div class=\"mtr-cell-content\">35X45<\/div><\/td>\n<td width=\"48\" data-mtr-content=\"W Max\" class=\"mtr-td-tag\"><div class=\"mtr-cell-content\">1600<\/div><\/td>\n<\/tr>\n<tr>\n<td width=\"64\" data-mtr-content=\"Codice\" class=\"mtr-td-tag\"><div class=\"mtr-cell-content\">BC-150E<\/div><\/td>\n<td width=\"25\" data-mtr-content=\"L\" class=\"mtr-td-tag\"><div class=\"mtr-cell-content\">150<\/div><\/td>\n<td width=\"20\" data-mtr-content=\"P\" class=\"mtr-td-tag\"><div class=\"mtr-cell-content\">70<\/div><\/td>\n<td width=\"47\" data-mtr-content=\"H\" class=\"mtr-td-tag\"><div class=\"mtr-cell-content\">135<\/div><\/td>\n<td width=\"37\" data-mtr-content=\"n\u00b0 Vass.\" class=\"mtr-td-tag\"><div class=\"mtr-cell-content\">3<\/div><\/td>\n<td width=\"47\" data-mtr-content=\"Vassoi\" class=\"mtr-td-tag\"><div class=\"mtr-cell-content\">40X60<\/div><\/td>\n<td width=\"48\" data-mtr-content=\"W Max\" class=\"mtr-td-tag\"><div class=\"mtr-cell-content\">1600<\/div><\/td>\n<\/tr>\n<tr>\n<td width=\"64\" data-mtr-content=\"Codice\" class=\"mtr-td-tag\"><div class=\"mtr-cell-content\">BC-170<\/div><\/td>\n<td width=\"25\" data-mtr-content=\"L\" class=\"mtr-td-tag\"><div class=\"mtr-cell-content\">170<\/div><\/td>\n<td width=\"20\" data-mtr-content=\"P\" class=\"mtr-td-tag\"><div class=\"mtr-cell-content\">53<\/div><\/td>\n<td width=\"47\" data-mtr-content=\"H\" class=\"mtr-td-tag\"><div class=\"mtr-cell-content\">135<\/div><\/td>\n<td width=\"37\" data-mtr-content=\"n\u00b0 Vass.\" class=\"mtr-td-tag\"><div class=\"mtr-cell-content\">4<\/div><\/td>\n<td width=\"47\" data-mtr-content=\"Vassoi\" class=\"mtr-td-tag\"><div class=\"mtr-cell-content\">35X45<\/div><\/td>\n<td width=\"48\" data-mtr-content=\"W Max\" class=\"mtr-td-tag\"><div class=\"mtr-cell-content\">1800<\/div><\/td>\n<\/tr>\n<tr>\n<td width=\"64\" data-mtr-content=\"Codice\" class=\"mtr-td-tag\"><div class=\"mtr-cell-content\">BC-170E<\/div><\/td>\n<td width=\"25\" data-mtr-content=\"L\" class=\"mtr-td-tag\"><div class=\"mtr-cell-content\">170<\/div><\/td>\n<td width=\"20\" data-mtr-content=\"P\" class=\"mtr-td-tag\"><div class=\"mtr-cell-content\">70<\/div><\/td>\n<td width=\"47\" data-mtr-content=\"H\" class=\"mtr-td-tag\"><div class=\"mtr-cell-content\">135<\/div><\/td>\n<td width=\"37\" data-mtr-content=\"n\u00b0 Vass.\" class=\"mtr-td-tag\"><div class=\"mtr-cell-content\">4<\/div><\/td>\n<td width=\"47\" data-mtr-content=\"Vassoi\" class=\"mtr-td-tag\"><div class=\"mtr-cell-content\">40X60<\/div><\/td>\n<td width=\"48\" data-mtr-content=\"W Max\" class=\"mtr-td-tag\"><div class=\"mtr-cell-content\">1800<\/div><\/td>\n<\/tr>\n<tr>\n<td width=\"64\" data-mtr-content=\"Codice\" class=\"mtr-td-tag\"><div class=\"mtr-cell-content\">BC-180<\/div><\/td>\n<td width=\"25\" data-mtr-content=\"L\" class=\"mtr-td-tag\"><div class=\"mtr-cell-content\">180<\/div><\/td>\n<td width=\"20\" data-mtr-content=\"P\" class=\"mtr-td-tag\"><div class=\"mtr-cell-content\">53<\/div><\/td>\n<td width=\"47\" data-mtr-content=\"H\" class=\"mtr-td-tag\"><div class=\"mtr-cell-content\">135<\/div><\/td>\n<td width=\"37\" data-mtr-content=\"n\u00b0 Vass.\" class=\"mtr-td-tag\"><div class=\"mtr-cell-content\">5<\/div><\/td>\n<td width=\"47\" data-mtr-content=\"Vassoi\" class=\"mtr-td-tag\"><div class=\"mtr-cell-content\">35X45<\/div><\/td>\n<td width=\"48\" data-mtr-content=\"W Max\" class=\"mtr-td-tag\"><div class=\"mtr-cell-content\">1800<\/div><\/td>\n<\/tr>\n<tr>\n<td width=\"64\" data-mtr-content=\"Codice\" class=\"mtr-td-tag\"><div class=\"mtr-cell-content\">BC-200<\/div><\/td>\n<td width=\"25\" data-mtr-content=\"L\" class=\"mtr-td-tag\"><div class=\"mtr-cell-content\">200<\/div><\/td>\n<td width=\"20\" data-mtr-content=\"P\" class=\"mtr-td-tag\"><div class=\"mtr-cell-content\">53<\/div><\/td>\n<td width=\"47\" data-mtr-content=\"H\" class=\"mtr-td-tag\"><div class=\"mtr-cell-content\">135<\/div><\/td>\n<td width=\"37\" data-mtr-content=\"n\u00b0 Vass.\" class=\"mtr-td-tag\"><div class=\"mtr-cell-content\">5<\/div><\/td>\n<td width=\"47\" data-mtr-content=\"Vassoi\" class=\"mtr-td-tag\"><div class=\"mtr-cell-content\">35X45<\/div><\/td>\n<td width=\"48\" data-mtr-content=\"W Max\" class=\"mtr-td-tag\"><div class=\"mtr-cell-content\">2000<\/div><\/td>\n<\/tr>\n<tr>\n<td width=\"64\" data-mtr-content=\"Codice\" class=\"mtr-td-tag\"><div class=\"mtr-cell-content\">BC-200E<\/div><\/td>\n<td width=\"25\" data-mtr-content=\"L\" class=\"mtr-td-tag\"><div class=\"mtr-cell-content\">200<\/div><\/td>\n<td width=\"20\" data-mtr-content=\"P\" class=\"mtr-td-tag\"><div class=\"mtr-cell-content\">70<\/div><\/td>\n<td width=\"47\" data-mtr-content=\"H\" class=\"mtr-td-tag\"><div class=\"mtr-cell-content\">135<\/div><\/td>\n<td width=\"37\" data-mtr-content=\"n\u00b0 Vass.\" class=\"mtr-td-tag\"><div class=\"mtr-cell-content\">4<\/div><\/td>\n<td width=\"47\" data-mtr-content=\"Vassoi\" class=\"mtr-td-tag\"><div class=\"mtr-cell-content\">40X60<\/div><\/td>\n<td width=\"48\" data-mtr-content=\"W Max\" class=\"mtr-td-tag\"><div class=\"mtr-cell-content\">2000<\/div><\/td>\n<\/tr>\n<\/tbody>\n<\/table>\n<p><img decoding=\"async\" class=\"aligncenter size-medium wp-image-7872\" src=\"https:\/\/www.creaearredanegozi.it\/wp-content\/uploads\/2016\/12\/Dettaglio_costruzione-500x431.jpg\" alt=\"Detail_Konstruktion\" width=\"70%\" title=\"\"> <img decoding=\"async\" class=\"aligncenter size-medium wp-image-7873\" src=\"https:\/\/www.creaearredanegozi.it\/wp-content\/uploads\/2016\/12\/Termometro-500x431.jpg\" alt=\"Thermometer\" width=\"70%\" title=\"\" srcset=\"https:\/\/www.creaearredanegozi.it\/wp-content\/uploads\/2016\/12\/Termometro.jpg 500w, https:\/\/www.creaearredanegozi.it\/wp-content\/uploads\/2016\/12\/Termometro-64x55.jpg 64w, https:\/\/www.creaearredanegozi.it\/wp-content\/uploads\/2016\/12\/Termometro-400x345.jpg 400w\" sizes=\"(max-width: 500px) 100vw, 500px\" \/><\/p>","protected":false},"excerpt":{"rendered":"<p>Serie di Termovetrine calde su banchetti per Pizzeria, Rosticceria e Pasticceria. Costruzione Inox AISI 304 di altissima qualit\u00e0 ed elevata resistenza. Finitura Scotch Brite. Vetrina Calda, tecnologica bella e funzionale, con alzata in vetri temperati ed umidificatore. Controllo termostatico per evitare surriscaldamento e garantire un consistente risparmio energetico; lettore temperatura lato pubblico; Illuminazione interna inclusa; [&#8230;]","protected":false},"featured_media":119867,"comment_status":"closed","ping_status":"closed","template":"","meta":{"_monsterinsights_skip_tracking":false,"_monsterinsights_sitenote_active":false,"_monsterinsights_sitenote_note":"","_monsterinsights_sitenote_category":0},"product_brand":[],"product_cat":[255,28],"product_tag":[],"class_list":{"0":"post-7838","1":"product","2":"type-product","3":"status-publish","4":"has-post-thumbnail","6":"product_cat-calde","7":"product_cat-vetrine","8":"product_shipping_class-i","10":"first","11":"instock","12":"taxable","13":"shipping-taxable","14":"purchasable","15":"product-type-variable"},"_links":{"self":[{"href":"https:\/\/www.creaearredanegozi.it\/de\/wp-json\/wp\/v2\/product\/7838","targetHints":{"allow":["GET"]}}],"collection":[{"href":"https:\/\/www.creaearredanegozi.it\/de\/wp-json\/wp\/v2\/product"}],"about":[{"href":"https:\/\/www.creaearredanegozi.it\/de\/wp-json\/wp\/v2\/types\/product"}],"replies":[{"embeddable":true,"href":"https:\/\/www.creaearredanegozi.it\/de\/wp-json\/wp\/v2\/comments?post=7838"}],"wp:featuredmedia":[{"embeddable":true,"href":"https:\/\/www.creaearredanegozi.it\/de\/wp-json\/wp\/v2\/media\/119867"}],"wp:attachment":[{"href":"https:\/\/www.creaearredanegozi.it\/de\/wp-json\/wp\/v2\/media?parent=7838"}],"wp:term":[{"taxonomy":"product_brand","embeddable":true,"href":"https:\/\/www.creaearredanegozi.it\/de\/wp-json\/wp\/v2\/product_brand?post=7838"},{"taxonomy":"product_cat","embeddable":true,"href":"https:\/\/www.creaearredanegozi.it\/de\/wp-json\/wp\/v2\/product_cat?post=7838"},{"taxonomy":"product_tag","embeddable":true,"href":"https:\/\/www.creaearredanegozi.it\/de\/wp-json\/wp\/v2\/product_tag?post=7838"}],"curies":[{"name":"wp","href":"https:\/\/api.w.org\/{rel}","templated":true}]}}